{"id":95367,"date":"2026-04-20T09:00:37","date_gmt":"2026-04-20T09:00:37","guid":{"rendered":"https:\/\/whitelip.com\/?post_type=product&#038;p=95367"},"modified":"2026-04-20T10:11:20","modified_gmt":"2026-04-20T10:11:20","slug":"zyn-menthol-ice-13-5mg-exp-05-12-2026","status":"publish","type":"product","link":"https:\/\/whitelip.com\/sk\/zyn\/zyn-menthol-ice-13-5mg-exp-05-12-2026\/","title":{"rendered":"ZYN Menthol Ice 13.5mg Exp.05\/12\/2026"},"content":{"rendered":"<h2>ZYN Menthol Ice 13.5mg Exp.05\/12\/2026<\/h2>\n<p><span style=\"font-weight: 400;\">ZYN Menthol Ice 13,5 mg pon\u00faka ostr\u00fd a osvie\u017euj\u00faci z\u00e1\u017eitok z m\u00e4ty, umocnen\u00fd mimoriadne chladiv\u00fdm mentolov\u00fdm pocitom. Ka\u017ed\u00e9 vrec\u00fa\u0161ko je ur\u010den\u00e9 pre sk\u00fasen\u00fdch u\u017e\u00edvate\u013eov a prin\u00e1\u0161a siln\u00fdch 13,5 mg nikot\u00ednu s v\u00fdrazn\u00fdm \u013eadov\u00fdm z\u00e1verom, ktor\u00fd preb\u00fadza zmysly. Tento siln\u00fd, m\u00e4tov\u00fd profil je ide\u00e1lny pre t\u00fdch, ktor\u00ed h\u013eadaj\u00fa maxim\u00e1lnu intenzitu chuti aj sily.<\/span><\/p>\n<p><span style=\"font-weight: 400;\">V\u010faka svojmu \u0161t\u00edhlemu, \u00faplne bielemu form\u00e1tu sa ZYN Mentol Ice pohodlne a diskr\u00e9tne umiestni pod pery bez toho, aby zafarbil zuby. Je vyroben\u00e1 v\u00fdlu\u010dne z rastlinn\u00fdch materi\u00e1lov a neobsahuje tabak, tak\u017ee prin\u00e1\u0161a \u010dist\u00fa a uspokojiv\u00fa alternat\u00edvu pre modern\u00e9 u\u017e\u00edvanie nikot\u00ednu so \u017eiariv\u00fdm, mraziv\u00fdm okrajom.<\/span><\/p>\n<table>\n<tbody>\n<tr>\n<td><b>Atrib\u00fat<\/b><\/td>\n<td><b>Podrobnosti<\/b><\/td>\n<\/tr>\n<tr>\n<td><span style=\"font-weight: 400;\">Zna\u010dka<\/span><\/td>\n<td><span style=\"font-weight: 400;\">ZYN<\/span><\/td>\n<\/tr>\n<tr>\n<td><span style=\"font-weight: 400;\">Typ v\u00fdrobku<\/span><\/td>\n<td><span style=\"font-weight: 400;\">V\u0161etky biele nikot\u00ednov\u00e9 vreck\u00e1<\/span><\/td>\n<\/tr>\n<tr>\n<td><span style=\"font-weight: 400;\">Form\u00e1t<\/span><\/td>\n<td><span style=\"font-weight: 400;\">Slim<\/span><\/td>\n<\/tr>\n<tr>\n<td><span style=\"font-weight: 400;\">Pr\u00edchu\u0165<\/span><\/td>\n<td><span style=\"font-weight: 400;\">Mentol<\/span><\/td>\n<\/tr>\n<tr>\n<td><span style=\"font-weight: 400;\">Sila nikot\u00ednu<\/span><\/td>\n<td><span style=\"font-weight: 400;\">13,5 mg na vrec\u00fa\u0161ko (19,3 mg\/g)<\/span><\/td>\n<\/tr>\n<tr>\n<td><span style=\"font-weight: 400;\">Hmotnos\u0165 porcie<\/span><\/td>\n<td><span style=\"font-weight: 400;\">0,7 gramu<\/span><\/td>\n<\/tr>\n<tr>\n<td><span style=\"font-weight: 400;\">Po\u010det porci\u00ed<\/span><\/td>\n<td><span style=\"font-weight: 400;\">21 za plechovku<\/span><\/td>\n<\/tr>\n<tr>\n<td><span style=\"font-weight: 400;\">Celkov\u00e1 hmotnos\u0165 plechovky<\/span><\/td>\n<td><span style=\"font-weight: 400;\">14,7 gramov<\/span><\/td>\n<\/tr>\n<tr>\n<td><span style=\"font-weight: 400;\">V\u00fdrobca<\/span><\/td>\n<td><span style=\"font-weight: 400;\">\u0160v\u00e9dska z\u00e1palka<\/span><\/td>\n<\/tr>\n<tr>\n<td><span style=\"font-weight: 400;\">Pozoruhodn\u00e9 funkcie<\/span><\/td>\n<td><span style=\"font-weight: 400;\">Bez tab\u00e1ku, \u0161t\u00edhly form\u00e1t, intenz\u00edvny mentol s vysokou nikot\u00ednovou silou<\/span><\/td>\n<\/tr>\n<\/tbody>\n<\/table>","protected":false},"excerpt":{"rendered":"<p>ZYN <strong data-start=\"4\" data-end=\"19\">Mentolov\u00fd \u013ead<\/strong> prin\u00e1\u0161a ostr\u00fa, osvie\u017euj\u00facu m\u00e4tu s mimoriadne chladiv\u00fdm mentolom a odv\u00e1\u017enym, \u013eadov\u00fdm z\u00e1verom. Ka\u017ed\u00e9 vrecko obsahuje <strong data-start=\"123\" data-end=\"143\">13,5 mg nikot\u00ednu<\/strong> pre siln\u00e9 a intenz\u00edvne uvo\u013enenie ide\u00e1lne pre sk\u00fasen\u00fdch pou\u017e\u00edvate\u013eov.<\/p>","protected":false},"featured_media":10631,"comment_status":"open","ping_status":"closed","template":"","format":[],"meta":{"_acf_changed":false},"product_brand":[],"product_cat":[37],"product_tag":[17007,16519],"flavours":[],"nicotine":[],"class_list":{"0":"post-95367","1":"product","2":"type-product","3":"status-publish","4":"has-post-thumbnail","6":"product_cat-zyn","7":"product_tag-13-5-mg-pouch","8":"product_tag-25-off","9":"pa_quantity-1-pack","10":"pa_quantity-10-pack","11":"pa_quantity-3-pack","12":"pa_quantity-30-pack","13":"pa_quantity-5-pack","14":"pa_quantity-60-pack","16":"first","17":"instock","18":"sale","19":"taxable","20":"shipping-taxable","21":"purchasable","22":"product-type-variable","23":"has-default-attributes"},"acf":[],"_links":{"self":[{"href":"https:\/\/whitelip.com\/sk\/wp-json\/wp\/v2\/product\/95367","targetHints":{"allow":["GET"]}}],"collection":[{"href":"https:\/\/whitelip.com\/sk\/wp-json\/wp\/v2\/product"}],"about":[{"href":"https:\/\/whitelip.com\/sk\/wp-json\/wp\/v2\/types\/product"}],"replies":[{"embeddable":true,"href":"https:\/\/whitelip.com\/sk\/wp-json\/wp\/v2\/comments?post=95367"}],"wp:featuredmedia":[{"embeddable":true,"href":"https:\/\/whitelip.com\/sk\/wp-json\/wp\/v2\/media\/10631"}],"wp:attachment":[{"href":"https:\/\/whitelip.com\/sk\/wp-json\/wp\/v2\/media?parent=95367"}],"wp:term":[{"taxonomy":"product_brand","embeddable":true,"href":"https:\/\/whitelip.com\/sk\/wp-json\/wp\/v2\/product_brand?post=95367"},{"taxonomy":"product_cat","embeddable":true,"href":"https:\/\/whitelip.com\/sk\/wp-json\/wp\/v2\/product_cat?post=95367"},{"taxonomy":"product_tag","embeddable":true,"href":"https:\/\/whitelip.com\/sk\/wp-json\/wp\/v2\/product_tag?post=95367"},{"taxonomy":"flavours","embeddable":true,"href":"https:\/\/whitelip.com\/sk\/wp-json\/wp\/v2\/flavours?post=95367"},{"taxonomy":"format","embeddable":true,"href":"https:\/\/whitelip.com\/sk\/wp-json\/wp\/v2\/format?post=95367"},{"taxonomy":"nicotine","embeddable":true,"href":"https:\/\/whitelip.com\/sk\/wp-json\/wp\/v2\/nicotine?post=95367"}],"curies":[{"name":"wp","href":"https:\/\/api.w.org\/{rel}","templated":true}]}}