{"id":9530,"date":"2025-01-07T09:53:27","date_gmt":"2025-01-07T09:53:27","guid":{"rendered":"https:\/\/whitelip.com\/zyn-cool-watermelon-6mg\/"},"modified":"2026-05-06T10:11:16","modified_gmt":"2026-05-06T10:11:16","slug":"zyn-cool-watermelon-6mg","status":"publish","type":"product","link":"https:\/\/whitelip.com\/sk\/zyn\/zyn-cool-watermelon-6mg\/","title":{"rendered":"ZYN Cool Watermelon 6 mg"},"content":{"rendered":"<h2><b>ZYN Cool Watermelon 6 mg<\/b><\/h2>\n<p><span style=\"font-weight: 400;\">ZYN Cool Watermelon 6 mg pon\u00faka <\/span><b>osvie\u017euj\u00faca a \u0161\u0165avnat\u00e1 pr\u00edchu\u0165 mel\u00f3na<\/b><span style=\"font-weight: 400;\">, doplnen\u00e9 o <\/span><b>chladiv\u00fd m\u00e4tov\u00fd povrch<\/b><span style=\"font-weight: 400;\">. Sladk\u00e1 ovocn\u00e1 chu\u0165 zrel\u00e9ho mel\u00f3na je dokonale vyv\u00e1\u017een\u00e1 s ostr\u00fdm mentolov\u00fdm chladom, \u010do vytv\u00e1ra osvie\u017euj\u00faci a uspokojuj\u00faci z\u00e1\u017eitok. Ka\u017ed\u00e9 tenk\u00e9 biele vrec\u00fa\u0161ko obsahuje <\/span><b>6 mg nikot\u00ednu<\/b><span style=\"font-weight: 400;\">, ktor\u00e1 poskytuje siln\u00e9 a stabiln\u00e9 uvo\u013e\u0148ovanie pre pou\u017e\u00edvate\u013eov, ktor\u00ed h\u013eadaj\u00fa intenz\u00edvnej\u0161\u00ed nikot\u00ednov\u00fd impulz.<\/span><\/p>\n<p><span style=\"font-weight: 400;\">\u0160t\u00edhly form\u00e1t zaru\u010duje diskr\u00e9tne a pohodln\u00e9 umiestnenie pod peru a poskytuje \u010dist\u00fa mo\u017enos\u0165 nikot\u00ednov\u00e9ho p\u00f4\u017eitku bez \u0161kv\u0155n. ZYN Cool Watermelon 6 mg, vyroben\u00fd \u00faplne bez tabaku a z vysokokvalitn\u00fdch rastlinn\u00fdch materi\u00e1lov, pon\u00faka modern\u00fa, aromatick\u00fa alternat\u00edvu pre t\u00fdch, ktor\u00ed v nikot\u00ednov\u00fdch vrec\u00fa\u0161kach h\u013eadaj\u00fa ovocn\u00fd aj chladiv\u00fd pocit.<\/span><\/p>\n<table>\n<tbody>\n<tr>\n<td><b>Atrib\u00fat<\/b><\/td>\n<td><b>Podrobnosti<\/b><\/td>\n<\/tr>\n<tr>\n<td><b>Zna\u010dka<\/b><\/td>\n<td><span style=\"font-weight: 400;\">ZYN<\/span><\/td>\n<\/tr>\n<tr>\n<td><b>Typ v\u00fdrobku<\/b><\/td>\n<td><span style=\"font-weight: 400;\">V\u0161etky biele nikot\u00ednov\u00e9 vreck\u00e1<\/span><\/td>\n<\/tr>\n<tr>\n<td><b>Form\u00e1t<\/b><\/td>\n<td><span style=\"font-weight: 400;\">Slim<\/span><\/td>\n<\/tr>\n<tr>\n<td><b>Pr\u00edchu\u0165<\/b><\/td>\n<td><span style=\"font-weight: 400;\">Mel\u00e1un a Chladenie<\/span><\/td>\n<\/tr>\n<tr>\n<td><b>Sila nikot\u00ednu<\/b><\/td>\n<td><span style=\"font-weight: 400;\">6 mg na vrecko<\/span><\/td>\n<\/tr>\n<tr>\n<td><b>Hmotnos\u0165 porcie<\/b><\/td>\n<td><span style=\"font-weight: 400;\">0,7 gramu<\/span><\/td>\n<\/tr>\n<tr>\n<td><b>Po\u010det porci\u00ed<\/b><\/td>\n<td><span style=\"font-weight: 400;\">21 za plechovku<\/span><\/td>\n<\/tr>\n<tr>\n<td><b>Celkov\u00e1 hmotnos\u0165 plechovky<\/b><\/td>\n<td><span style=\"font-weight: 400;\">14,7 gramov<\/span><\/td>\n<\/tr>\n<tr>\n<td><b>V\u00fdrobca<\/b><\/td>\n<td><span style=\"font-weight: 400;\">\u0160v\u00e9dska z\u00e1palka<\/span><\/td>\n<\/tr>\n<tr>\n<td><b>Pozoruhodn\u00e9 funkcie<\/b><\/td>\n<td><span style=\"font-weight: 400;\">Bez tab\u00e1ku, \u0161t\u00edhly form\u00e1t, sladk\u00fd mel\u00e1un s chladiaceho fin\u00e1lom<\/span><\/td>\n<\/tr>\n<\/tbody>\n<\/table>","protected":false},"excerpt":{"rendered":"<p>ZYN <strong data-start=\"4\" data-end=\"23\">Chladn\u00fd mel\u00f3n<\/strong> <strong data-start=\"24\" data-end=\"32\">\u0161t\u00edhly<\/strong> sp\u00e1ja \u0161\u0165avnat\u00fd mel\u00f3n s chrumkav\u00fdm chladiv\u00fdm m\u00e4tov\u00fdm z\u00e1verom a vytv\u00e1ra osvie\u017euj\u00faci, uspokojuj\u00faci profil. Ka\u017ed\u00e9 vrecko obsahuje <strong data-start=\"148\" data-end=\"165\">6 mg nikot\u00ednu<\/strong> pre siln\u00e9 a stabiln\u00e9 uvo\u013enenie.<\/p>","protected":false},"featured_media":9531,"comment_status":"open","ping_status":"closed","template":"","format":[206],"meta":{"_acf_changed":false},"product_brand":[],"product_cat":[37],"product_tag":[16445,16559],"flavours":[196],"nicotine":[213,232],"class_list":{"0":"post-9530","1":"product","2":"type-product","3":"status-publish","4":"has-post-thumbnail","6":"product_cat-zyn","7":"product_tag-20-off","8":"product_tag-6-mg-pouch","9":"pa_quantity-1-pack","10":"pa_quantity-10-pack","11":"pa_quantity-3-pack","12":"pa_quantity-30-pack","13":"pa_quantity-5-pack","14":"pa_quantity-60-pack","15":"flavours-fruits-berries","16":"format-slim","17":"nicotine-16-mg-g","18":"nicotine-extra-strong","20":"first","21":"outofstock","22":"sale","23":"taxable","24":"shipping-taxable","25":"purchasable","26":"product-type-variable"},"acf":[],"_links":{"self":[{"href":"https:\/\/whitelip.com\/sk\/wp-json\/wp\/v2\/product\/9530","targetHints":{"allow":["GET"]}}],"collection":[{"href":"https:\/\/whitelip.com\/sk\/wp-json\/wp\/v2\/product"}],"about":[{"href":"https:\/\/whitelip.com\/sk\/wp-json\/wp\/v2\/types\/product"}],"replies":[{"embeddable":true,"href":"https:\/\/whitelip.com\/sk\/wp-json\/wp\/v2\/comments?post=9530"}],"wp:featuredmedia":[{"embeddable":true,"href":"https:\/\/whitelip.com\/sk\/wp-json\/wp\/v2\/media\/9531"}],"wp:attachment":[{"href":"https:\/\/whitelip.com\/sk\/wp-json\/wp\/v2\/media?parent=9530"}],"wp:term":[{"taxonomy":"product_brand","embeddable":true,"href":"https:\/\/whitelip.com\/sk\/wp-json\/wp\/v2\/product_brand?post=9530"},{"taxonomy":"product_cat","embeddable":true,"href":"https:\/\/whitelip.com\/sk\/wp-json\/wp\/v2\/product_cat?post=9530"},{"taxonomy":"product_tag","embeddable":true,"href":"https:\/\/whitelip.com\/sk\/wp-json\/wp\/v2\/product_tag?post=9530"},{"taxonomy":"flavours","embeddable":true,"href":"https:\/\/whitelip.com\/sk\/wp-json\/wp\/v2\/flavours?post=9530"},{"taxonomy":"format","embeddable":true,"href":"https:\/\/whitelip.com\/sk\/wp-json\/wp\/v2\/format?post=9530"},{"taxonomy":"nicotine","embeddable":true,"href":"https:\/\/whitelip.com\/sk\/wp-json\/wp\/v2\/nicotine?post=9530"}],"curies":[{"name":"wp","href":"https:\/\/api.w.org\/{rel}","templated":true}]}}