{"id":9515,"date":"2024-12-12T13:44:38","date_gmt":"2024-12-12T13:44:38","guid":{"rendered":"https:\/\/whitelip.com\/77-raspberry-vanilla-light\/"},"modified":"2026-04-27T10:10:44","modified_gmt":"2026-04-27T10:10:44","slug":"77-raspberry-vanilla-light","status":"publish","type":"product","link":"https:\/\/whitelip.com\/sk\/77\/77-raspberry-vanilla-light\/","title":{"rendered":"77 Malina a vanilka Light"},"content":{"rendered":"<h2><strong>77 Malina a vanilka Light<\/strong><\/h2>\n<p><span style=\"font-weight: 400;\">77 Nikot\u00ednov\u00e9 vrec\u00fa\u0161ka Raspberry &amp; Vanilla Light prin\u00e1\u0161aj\u00fa sladk\u00fa a autentick\u00fa chu\u0165 mal\u00edn a vanilky, ktor\u00e1 zachyt\u00e1va trpkos\u0165 aj sladkos\u0165 \u010derstv\u00fdch bob\u00fa\u013e. Ka\u017ed\u00e9 vrec\u00fa\u0161ko obsahuje 5,2 mg nikot\u00ednu, \u010do poskytuje jemn\u00fd pocit vhodn\u00fd pre t\u00fdch, ktor\u00ed h\u013eadaj\u00fa jemn\u00fd nikot\u00ednov\u00fd z\u00e1\u017eitok. Diskr\u00e9tny dizajn zaru\u010duje pohodln\u00e9 umiestnenie pod peru, \u010do umo\u017e\u0148uje pou\u017eitie kedyko\u013evek bez zafarbenia zubov. Tieto vrec\u00fa\u0161ka bez tabaku, ktor\u00e9 vyr\u00e1ba spolo\u010dnos\u0165 77 Group, s\u00fa pr\u00edkladom vysokokvalitn\u00fdch \u0161tandardov a inovat\u00edvnych kombin\u00e1ci\u00ed chut\u00ed.<\/span><\/p>\n<table>\n<tbody>\n<tr>\n<td><b>Atrib\u00fat<\/b><\/td>\n<td><b>Podrobnosti<\/b><\/td>\n<\/tr>\n<tr>\n<td><b>Obsah na plechovku<\/b><\/td>\n<td><span style=\"font-weight: 400;\">10 g (20 vrec\u00fa\u0161ok)<\/span><\/td>\n<\/tr>\n<tr>\n<td><b>Obsah nikot\u00ednu<\/b><\/td>\n<td><span style=\"font-weight: 400;\">8 mg\/g (5,2 mg na vrecko)<\/span><\/td>\n<\/tr>\n<tr>\n<td><b>Form\u00e1t vrecka<\/b><\/td>\n<td><span style=\"font-weight: 400;\">Slim<\/span><\/td>\n<\/tr>\n<tr>\n<td><b>V\u00fdrobca<\/b><\/td>\n<td><span style=\"font-weight: 400;\">77 Skupina<\/span><\/td>\n<\/tr>\n<tr>\n<td><b>Pr\u00edchu\u0165<\/b><\/td>\n<td><span style=\"font-weight: 400;\">Maliny a vanilka<\/span><\/td>\n<\/tr>\n<tr>\n<td><b>Typ<\/b><\/td>\n<td><span style=\"font-weight: 400;\">Celobiele vrecko<\/span><\/td>\n<\/tr>\n<\/tbody>\n<\/table>","protected":false},"excerpt":{"rendered":"<p>Sladk\u00e9, autentick\u00e9 <strong data-start=\"17\" data-end=\"42\">malina a vanilka<\/strong> s vyv\u00e1\u017een\u00fdm sladkokysl\u00fdm profilom. Na <strong data-start=\"83\" data-end=\"102\">\u0161t\u00edhly, cel\u00fd biely<\/strong> vrec\u00fa\u0161ka sa diskr\u00e9tne a pohodlne umiestnia pod pery na \u010dist\u00e9 a kedyko\u013evek pou\u017eite\u013en\u00e9 pou\u017eitie. Ka\u017ed\u00e9 vrecko obsahuje <strong data-start=\"200\" data-end=\"219\">5,2 mg nikot\u00ednu<\/strong>, ktor\u00e1 prin\u00e1\u0161a mierny a \u013eahk\u00fd z\u00e1\u017eitok od skupiny 77.<\/p>","protected":false},"featured_media":9516,"comment_status":"open","ping_status":"closed","template":"","format":[206],"meta":{"_acf_changed":false},"product_brand":[],"product_cat":[23],"product_tag":[16547],"flavours":[196,201],"nicotine":[230,236],"class_list":{"0":"post-9515","1":"product","2":"type-product","3":"status-publish","4":"has-post-thumbnail","6":"product_cat-23","7":"product_tag-5-2-mg-pouch","8":"pa_quantity-1-pack","9":"pa_quantity-10-pack","10":"pa_quantity-3-pack","11":"pa_quantity-30-pack","12":"pa_quantity-5-pack","13":"pa_quantity-60-pack","14":"flavours-fruits-berries","15":"flavours-vanilla","16":"format-slim","17":"nicotine-8-mg-g","18":"nicotine-strong","20":"first","21":"instock","22":"taxable","23":"shipping-taxable","24":"purchasable","25":"product-type-variable","26":"has-default-attributes"},"acf":[],"_links":{"self":[{"href":"https:\/\/whitelip.com\/sk\/wp-json\/wp\/v2\/product\/9515","targetHints":{"allow":["GET"]}}],"collection":[{"href":"https:\/\/whitelip.com\/sk\/wp-json\/wp\/v2\/product"}],"about":[{"href":"https:\/\/whitelip.com\/sk\/wp-json\/wp\/v2\/types\/product"}],"replies":[{"embeddable":true,"href":"https:\/\/whitelip.com\/sk\/wp-json\/wp\/v2\/comments?post=9515"}],"wp:featuredmedia":[{"embeddable":true,"href":"https:\/\/whitelip.com\/sk\/wp-json\/wp\/v2\/media\/9516"}],"wp:attachment":[{"href":"https:\/\/whitelip.com\/sk\/wp-json\/wp\/v2\/media?parent=9515"}],"wp:term":[{"taxonomy":"product_brand","embeddable":true,"href":"https:\/\/whitelip.com\/sk\/wp-json\/wp\/v2\/product_brand?post=9515"},{"taxonomy":"product_cat","embeddable":true,"href":"https:\/\/whitelip.com\/sk\/wp-json\/wp\/v2\/product_cat?post=9515"},{"taxonomy":"product_tag","embeddable":true,"href":"https:\/\/whitelip.com\/sk\/wp-json\/wp\/v2\/product_tag?post=9515"},{"taxonomy":"flavours","embeddable":true,"href":"https:\/\/whitelip.com\/sk\/wp-json\/wp\/v2\/flavours?post=9515"},{"taxonomy":"format","embeddable":true,"href":"https:\/\/whitelip.com\/sk\/wp-json\/wp\/v2\/format?post=9515"},{"taxonomy":"nicotine","embeddable":true,"href":"https:\/\/whitelip.com\/sk\/wp-json\/wp\/v2\/nicotine?post=9515"}],"curies":[{"name":"wp","href":"https:\/\/api.w.org\/{rel}","templated":true}]}}