{"id":9506,"date":"2024-12-10T11:14:40","date_gmt":"2024-12-10T11:14:40","guid":{"rendered":"https:\/\/whitelip.com\/zxs-exotic-chill-jumbo-can\/"},"modified":"2026-04-21T13:47:10","modified_gmt":"2026-04-21T13:47:10","slug":"zxs-exotic-chill-jumbo-can","status":"publish","type":"product","link":"https:\/\/whitelip.com\/sk\/jumbo-can\/zxs-exotic-chill-jumbo-can\/","title":{"rendered":"Z!XS Exotic Chill Jumbo Can"},"content":{"rendered":"<h2><b>Z!XS Exotic Chill Jumbo Can<\/b><\/h2>\n<p><span style=\"font-weight: 400;\">Z!XS Exotic Chill Jumbo Can pon\u00faka jedine\u010dn\u00fa zmes <\/span><b>pr\u00edchute tropick\u00e9ho ovocia<\/b><span style=\"font-weight: 400;\"> v kombin\u00e1cii s jemn\u00fdm <\/span><b>pocit chladenia<\/b><span style=\"font-weight: 400;\">, a prin\u00e1\u0161a osvie\u017euj\u00faci a \u017eiv\u00fd nikot\u00ednov\u00fd z\u00e1\u017eitok. Ide\u00e1lne pre pou\u017e\u00edvate\u013eov, ktor\u00ed oce\u0148uj\u00fa ovocn\u00fd a z\u00e1rove\u0148 povzbudzuj\u00faci n\u00e1dych, ka\u017ed\u00fd tenk\u00fd, \u00faplne biely s\u00e1\u010dok obsahuje <\/span><b>12 mg nikot\u00ednu<\/b><span style=\"font-weight: 400;\">, ktor\u00fd poskytuje siln\u00e9 a stabiln\u00e9 uvo\u013e\u0148ovanie ide\u00e1lne pre sk\u00fasen\u00fdch pou\u017e\u00edvate\u013eov, ktor\u00ed h\u013eadaj\u00fa extra silu.<\/span><\/p>\n<p><span style=\"font-weight: 400;\">Balen\u00e9 v <\/span><b>jumbo plechovka<\/b><span style=\"font-weight: 400;\"> s 320 porciami je Z!XS Exotic Chill ide\u00e1lny na dlh\u0161ie pou\u017e\u00edvanie a pon\u00faka vysok\u00fa hodnotu a pohodlie. \u0160t\u00edhly form\u00e1t zaru\u010duje pohodln\u00e9 a diskr\u00e9tne ulo\u017eenie pod perou, zatia\u013e \u010do beztabakov\u00fd dizajn zaru\u010duje \u010dist\u00fd p\u00f4\u017eitok bez \u0161kv\u0155n. Z!XS Exotic Chill Jumbo Can je ide\u00e1lnou vo\u013ebou pre t\u00fdch, ktor\u00ed t\u00fa\u017eia po v\u00fdraznej tropickej chuti v kombin\u00e1cii s chladiv\u00fdm, osvie\u017euj\u00facim z\u00e1verom.<\/span><\/p>\n<table>\n<tbody>\n<tr>\n<td><b>Atrib\u00fat<\/b><\/td>\n<td><b>Podrobnosti<\/b><\/td>\n<\/tr>\n<tr>\n<td><b>Zna\u010dka<\/b><\/td>\n<td><span style=\"font-weight: 400;\">Z!XS<\/span><\/td>\n<\/tr>\n<tr>\n<td><b>Typ v\u00fdrobku<\/b><\/td>\n<td><span style=\"font-weight: 400;\">V\u0161etky biele nikot\u00ednov\u00e9 vreck\u00e1<\/span><\/td>\n<\/tr>\n<tr>\n<td><b>Form\u00e1t<\/b><\/td>\n<td><span style=\"font-weight: 400;\">Slim<\/span><\/td>\n<\/tr>\n<tr>\n<td><b>Pr\u00edchu\u0165<\/b><\/td>\n<td><span style=\"font-weight: 400;\">Tropick\u00e9 ovocie a chladenie<\/span><\/td>\n<\/tr>\n<tr>\n<td><b>Sila nikot\u00ednu<\/b><\/td>\n<td><span style=\"font-weight: 400;\">12 mg na vrecko<\/span><\/td>\n<\/tr>\n<tr>\n<td><b>Hmotnos\u0165 porcie<\/b><\/td>\n<td><span style=\"font-weight: 400;\">0,7 gramu<\/span><\/td>\n<\/tr>\n<tr>\n<td><b>Po\u010det porci\u00ed<\/b><\/td>\n<td><span style=\"font-weight: 400;\">320 za plechovku (Jumbo Can)<\/span><\/td>\n<\/tr>\n<tr>\n<td><b>Celkov\u00e1 hmotnos\u0165 plechovky<\/b><\/td>\n<td><span style=\"font-weight: 400;\">46,2 gramov<\/span><\/td>\n<\/tr>\n<tr>\n<td><b>V\u00fdrobca<\/b><\/td>\n<td><span style=\"font-weight: 400;\">Z!XS International<\/span><\/td>\n<\/tr>\n<tr>\n<td><b>Pozoruhodn\u00e9 funkcie<\/b><\/td>\n<td><span style=\"font-weight: 400;\">Bez tab\u00e1ku, \u0161t\u00edhly form\u00e1t, tropick\u00e1 ovocia pr\u00edchu\u0165 s chladiaceho pocitu, jumbo plechovka so 66 d\u00e1vkami<\/span><\/td>\n<\/tr>\n<\/tbody>\n<\/table>","protected":false},"excerpt":{"rendered":"<p>Z!XS <strong data-start=\"5\" data-end=\"21\">Exotick\u00e9 chladenie<\/strong> <strong data-start=\"22\" data-end=\"38\">Extra siln\u00fd<\/strong> sp\u00e1ja tropick\u00e9 ovocie s jemn\u00fdm chladiv\u00fdm z\u00e1verom a vytv\u00e1ra osvie\u017euj\u00faci, \u017eiv\u00fd profil. Na <strong data-start=\"130\" data-end=\"138\">\u0161t\u00edhly<\/strong>, celobiele vreck\u00e1 s\u00fa diskr\u00e9tne a pohodln\u00e9. Ka\u017ed\u00e9 vrecko obsahuje <strong data-start=\"208\" data-end=\"226\">12 mg nikot\u00ednu<\/strong>, ktor\u00fd sk\u00fasen\u00fdm pou\u017e\u00edvate\u013eom poskytuje v\u00fdkonn\u00e9 a stabiln\u00e9 uvo\u013enenie. Ve\u013ek\u00e1 plechovka obsahuje pribli\u017ene <strong>320 Slim<\/strong> vreck\u00e1, ktor\u00e9 poskytuj\u00fa v\u00fdrazne v\u00e4\u010d\u0161\u00ed objem ako \u0161tandardn\u00e9 form\u00e1ty plechoviek.<\/p>","protected":false},"featured_media":9507,"comment_status":"open","ping_status":"closed","template":"","format":[206],"meta":{"_acf_changed":false},"product_brand":[],"product_cat":[92,39],"product_tag":[16561],"flavours":[196],"nicotine":[213,232],"class_list":{"0":"post-9506","1":"product","2":"type-product","3":"status-publish","4":"has-post-thumbnail","6":"product_cat-jumbo-can","7":"product_cat-zxs","8":"product_tag-12-mg-pouch","9":"pa_quantity-1-pack","10":"pa_quantity-10-pack","11":"pa_quantity-2-pack","12":"pa_quantity-3-pack","13":"pa_quantity-30-pack","14":"pa_quantity-5-pack","15":"pa_quantity-60-pack","16":"flavours-fruits-berries","17":"format-slim","18":"nicotine-16-mg-g","19":"nicotine-extra-strong","21":"first","22":"instock","23":"taxable","24":"shipping-taxable","25":"purchasable","26":"product-type-variable"},"acf":[],"_links":{"self":[{"href":"https:\/\/whitelip.com\/sk\/wp-json\/wp\/v2\/product\/9506","targetHints":{"allow":["GET"]}}],"collection":[{"href":"https:\/\/whitelip.com\/sk\/wp-json\/wp\/v2\/product"}],"about":[{"href":"https:\/\/whitelip.com\/sk\/wp-json\/wp\/v2\/types\/product"}],"replies":[{"embeddable":true,"href":"https:\/\/whitelip.com\/sk\/wp-json\/wp\/v2\/comments?post=9506"}],"wp:featuredmedia":[{"embeddable":true,"href":"https:\/\/whitelip.com\/sk\/wp-json\/wp\/v2\/media\/9507"}],"wp:attachment":[{"href":"https:\/\/whitelip.com\/sk\/wp-json\/wp\/v2\/media?parent=9506"}],"wp:term":[{"taxonomy":"product_brand","embeddable":true,"href":"https:\/\/whitelip.com\/sk\/wp-json\/wp\/v2\/product_brand?post=9506"},{"taxonomy":"product_cat","embeddable":true,"href":"https:\/\/whitelip.com\/sk\/wp-json\/wp\/v2\/product_cat?post=9506"},{"taxonomy":"product_tag","embeddable":true,"href":"https:\/\/whitelip.com\/sk\/wp-json\/wp\/v2\/product_tag?post=9506"},{"taxonomy":"flavours","embeddable":true,"href":"https:\/\/whitelip.com\/sk\/wp-json\/wp\/v2\/flavours?post=9506"},{"taxonomy":"format","embeddable":true,"href":"https:\/\/whitelip.com\/sk\/wp-json\/wp\/v2\/format?post=9506"},{"taxonomy":"nicotine","embeddable":true,"href":"https:\/\/whitelip.com\/sk\/wp-json\/wp\/v2\/nicotine?post=9506"}],"curies":[{"name":"wp","href":"https:\/\/api.w.org\/{rel}","templated":true}]}}