{"id":9499,"date":"2024-12-05T14:43:15","date_gmt":"2024-12-05T14:43:15","guid":{"rendered":"https:\/\/whitelip.com\/gilo-raspberry-biteback\/"},"modified":"2026-03-05T11:31:18","modified_gmt":"2026-03-05T11:31:18","slug":"gilo-raspberry-biteback","status":"publish","type":"product","link":"https:\/\/whitelip.com\/sk\/gilo\/gilo-raspberry-biteback\/","title":{"rendered":"GILO Raspberry Biteback"},"content":{"rendered":"<h2><b>GILO Raspberry Biteback<\/b><\/h2>\n<p><span style=\"font-weight: 400;\">Nikot\u00ednov\u00e9 vrec\u00fa\u0161ka GILO Raspberry Biteback pon\u00fakaj\u00fa odv\u00e1\u017eny a vzru\u0161uj\u00faci z\u00e1\u017eitok pre t\u00fdch, ktor\u00ed h\u013eadaj\u00fa siln\u00fd nikot\u00ednov\u00fd z\u00e1sah. Ka\u017ed\u00e9 vrec\u00fa\u0161ko tenk\u00e9ho form\u00e1tu obsahuje 20 mg nikot\u00ednu a prin\u00e1\u0161a siln\u00fd pocit, ktor\u00fd kombinuje sladk\u00fa, \u0161\u0165avnat\u00fa chu\u0165 zrel\u00fdch mal\u00edn s intenz\u00edvnym, osvie\u017euj\u00facim z\u00e1berom. Tieto vrec\u00fa\u0161ka bez tabaku s\u00fa navrhnut\u00e9 na diskr\u00e9tne pou\u017e\u00edvanie na cest\u00e1ch a predstavuj\u00fa \u010distej\u0161iu alternat\u00edvu k tradi\u010dn\u00e9mu faj\u010deniu alebo \u017euvaniu. Ich \u0161t\u00edhly dizajn zaru\u010duje z\u00e1\u017eitok bez neporiadku, zatia\u013e \u010do dlhotrvaj\u00faca chu\u0165 a siln\u00e1 sila nikot\u00ednu z nich robia v\u00fdnimo\u010dn\u00fa vo\u013ebu pre t\u00fdch, ktor\u00ed h\u013eadaj\u00fa chu\u0165 aj intenzitu. \u010ci u\u017e h\u013ead\u00e1te r\u00fdchlu d\u00e1vku energie alebo chu\u0165ov\u00fd nikot\u00ednov\u00fd z\u00e1\u017eitok, GILO Raspberry Biteback 20 mg je va\u0161\u00edm ide\u00e1lnym spolo\u010dn\u00edkom.<\/span><\/p>\n<p><b>\u0160pecifik\u00e1cie<\/b><\/p>\n<table>\n<tbody>\n<tr>\n<td><b>Atrib\u00fat<\/b><\/td>\n<td><b>Podrobnosti<\/b><\/td>\n<\/tr>\n<tr>\n<td><b>Obsah nikot\u00ednu<\/b><\/td>\n<td><span style=\"font-weight: 400;\">20 mg na vrecko<\/span><\/td>\n<\/tr>\n<tr>\n<td><b>Form\u00e1t vrecka<\/b><\/td>\n<td><span style=\"font-weight: 400;\">Slim<\/span><\/td>\n<\/tr>\n<tr>\n<td><b>Pr\u00edchu\u0165<\/b><\/td>\n<td><span style=\"font-weight: 400;\">Maliny<\/span><\/td>\n<\/tr>\n<tr>\n<td><b>Typ<\/b><\/td>\n<td><span style=\"font-weight: 400;\">Vrecko bez tabaku<\/span><\/td>\n<\/tr>\n<\/tbody>\n<\/table>","protected":false},"excerpt":{"rendered":"<p><span style=\"font-weight: 400;\">Nikot\u00ednov\u00e9 vrec\u00fa\u0161ka GILO Raspberry Biteback pon\u00fakaj\u00fa odv\u00e1\u017eny a vzru\u0161uj\u00faci z\u00e1\u017eitok pre t\u00fdch, ktor\u00ed h\u013eadaj\u00fa siln\u00fd nikot\u00ednov\u00fd z\u00e1sah. Ka\u017ed\u00e9 vrec\u00fa\u0161ko tenk\u00e9ho form\u00e1tu obsahuje 20 mg nikot\u00ednu a prin\u00e1\u0161a siln\u00fd pocit, ktor\u00fd kombinuje sladk\u00fa, \u0161\u0165avnat\u00fa chu\u0165 zrel\u00fdch mal\u00edn s intenz\u00edvnym, osvie\u017euj\u00facim z\u00e1berom. Tieto vrec\u00fa\u0161ka bez tabaku s\u00fa navrhnut\u00e9 na diskr\u00e9tne pou\u017e\u00edvanie na cest\u00e1ch a predstavuj\u00fa \u010distej\u0161iu alternat\u00edvu k tradi\u010dn\u00e9mu faj\u010deniu alebo \u017euvaniu. Ich \u0161t\u00edhly dizajn zaru\u010duje z\u00e1\u017eitok bez neporiadku, zatia\u013e \u010do dlhotrvaj\u00faca chu\u0165 a siln\u00e1 sila nikot\u00ednu z nich robia v\u00fdnimo\u010dn\u00fa vo\u013ebu pre t\u00fdch, ktor\u00ed h\u013eadaj\u00fa chu\u0165 aj intenzitu. \u010ci u\u017e h\u013ead\u00e1te r\u00fdchlu d\u00e1vku energie alebo chu\u0165ov\u00fd nikot\u00ednov\u00fd z\u00e1\u017eitok, GILO Raspberry Biteback 20 mg je va\u0161\u00edm ide\u00e1lnym spolo\u010dn\u00edkom.<\/span><\/p>","protected":false},"featured_media":9500,"comment_status":"open","ping_status":"closed","template":"","format":[206],"meta":{"_acf_changed":false},"product_brand":[],"product_cat":[89],"product_tag":[16545],"flavours":[196],"nicotine":[209,232],"class_list":{"0":"post-9499","1":"product","2":"type-product","3":"status-publish","4":"has-post-thumbnail","6":"product_cat-gilo","7":"product_tag-20-mg-pouch","8":"pa_quantity-1-pack","9":"pa_quantity-10-pack","10":"pa_quantity-3-pack","11":"pa_quantity-30-pack","12":"pa_quantity-5-pack","13":"pa_quantity-60-pack","14":"flavours-fruits-berries","15":"format-slim","16":"nicotine-12-mg-g","17":"nicotine-extra-strong","19":"first","20":"outofstock","21":"taxable","22":"shipping-taxable","23":"purchasable","24":"product-type-variable"},"acf":[],"_links":{"self":[{"href":"https:\/\/whitelip.com\/sk\/wp-json\/wp\/v2\/product\/9499","targetHints":{"allow":["GET"]}}],"collection":[{"href":"https:\/\/whitelip.com\/sk\/wp-json\/wp\/v2\/product"}],"about":[{"href":"https:\/\/whitelip.com\/sk\/wp-json\/wp\/v2\/types\/product"}],"replies":[{"embeddable":true,"href":"https:\/\/whitelip.com\/sk\/wp-json\/wp\/v2\/comments?post=9499"}],"wp:featuredmedia":[{"embeddable":true,"href":"https:\/\/whitelip.com\/sk\/wp-json\/wp\/v2\/media\/9500"}],"wp:attachment":[{"href":"https:\/\/whitelip.com\/sk\/wp-json\/wp\/v2\/media?parent=9499"}],"wp:term":[{"taxonomy":"product_brand","embeddable":true,"href":"https:\/\/whitelip.com\/sk\/wp-json\/wp\/v2\/product_brand?post=9499"},{"taxonomy":"product_cat","embeddable":true,"href":"https:\/\/whitelip.com\/sk\/wp-json\/wp\/v2\/product_cat?post=9499"},{"taxonomy":"product_tag","embeddable":true,"href":"https:\/\/whitelip.com\/sk\/wp-json\/wp\/v2\/product_tag?post=9499"},{"taxonomy":"flavours","embeddable":true,"href":"https:\/\/whitelip.com\/sk\/wp-json\/wp\/v2\/flavours?post=9499"},{"taxonomy":"format","embeddable":true,"href":"https:\/\/whitelip.com\/sk\/wp-json\/wp\/v2\/format?post=9499"},{"taxonomy":"nicotine","embeddable":true,"href":"https:\/\/whitelip.com\/sk\/wp-json\/wp\/v2\/nicotine?post=9499"}],"curies":[{"name":"wp","href":"https:\/\/api.w.org\/{rel}","templated":true}]}}