{"id":9494,"date":"2024-12-05T14:40:24","date_gmt":"2024-12-05T14:40:24","guid":{"rendered":"https:\/\/whitelip.com\/gilo-lemon-chock\/"},"modified":"2026-03-05T11:31:26","modified_gmt":"2026-03-05T11:31:26","slug":"gilo-lemon-chock","status":"publish","type":"product","link":"https:\/\/whitelip.com\/sk\/gilo\/gilo-lemon-chock\/","title":{"rendered":"GILO Lemon Chock"},"content":{"rendered":"<h2><b>GILO Lemon Chock<\/b><\/h2>\n<p><span style=\"font-weight: 400;\">Nikot\u00ednov\u00e9 vrec\u00fa\u0161ka GILO Lemon Chock prin\u00e1\u0161aj\u00fa pikantn\u00fa a osvie\u017euj\u00facu citr\u00f3nov\u00fa pr\u00edchu\u0165, ktor\u00e1 zachyt\u00e1va esenciu na slnku dozret\u00fdch citr\u00f3nov. Ka\u017ed\u00e9 vrec\u00fa\u0161ko obsahuje 8 mg nikot\u00ednu a poskytuje vyv\u00e1\u017een\u00fd a uspokojuj\u00faci z\u00e1\u017eitok vhodn\u00fd pre nov\u00e1\u010dikov aj sk\u00fasen\u00fdch u\u017e\u00edvate\u013eov. Tenk\u00fd dizajn zaru\u010duje diskr\u00e9tne ulo\u017eenie, \u010do umo\u017e\u0148uje pohodln\u00e9 pou\u017e\u00edvanie bez zafarbenia zubov. Tieto vrec\u00fa\u0161ka, ktor\u00e9 vyr\u00e1ba zna\u010dka GILO, zn\u00e1ma svoj\u00edm z\u00e1v\u00e4zkom vo\u010di kvalite a inovat\u00edvnym profilom pr\u00edchut\u00ed, s\u00fa pr\u00edkladom vysok\u00fdch \u0161tandardov a oddanosti zvy\u0161ovaniu u\u017e\u00edvate\u013esk\u00e9ho z\u00e1\u017eitku.<\/span><\/p>\n<p><b>\u0160pecifik\u00e1cie<\/b><\/p>\n<table>\n<tbody>\n<tr>\n<td><b>Atrib\u00fat<\/b><\/td>\n<td><b>Podrobnosti<\/b><\/td>\n<\/tr>\n<tr>\n<td><b>Obsah nikot\u00ednu<\/b><\/td>\n<td><span style=\"font-weight: 400;\">8 mg na vrecko<\/span><\/td>\n<\/tr>\n<tr>\n<td><b>Form\u00e1t vrecka<\/b><\/td>\n<td><span style=\"font-weight: 400;\">Slim<\/span><\/td>\n<\/tr>\n<tr>\n<td><b>Pr\u00edchu\u0165<\/b><\/td>\n<td><span style=\"font-weight: 400;\">Citr\u00f3n<\/span><\/td>\n<\/tr>\n<tr>\n<td><b>Typ<\/b><\/td>\n<td><span style=\"font-weight: 400;\">Vrecko bez tabaku<\/span><\/td>\n<\/tr>\n<\/tbody>\n<\/table>","protected":false},"excerpt":{"rendered":"<p><span style=\"font-weight: 400;\">Nikot\u00ednov\u00e9 vrec\u00fa\u0161ka GILO Lemon Chock prin\u00e1\u0161aj\u00fa pikantn\u00fa a osvie\u017euj\u00facu citr\u00f3nov\u00fa pr\u00edchu\u0165, ktor\u00e1 zachyt\u00e1va esenciu na slnku dozret\u00fdch citr\u00f3nov. Ka\u017ed\u00e9 vrec\u00fa\u0161ko obsahuje 8 mg nikot\u00ednu a poskytuje vyv\u00e1\u017een\u00fd a uspokojuj\u00faci z\u00e1\u017eitok vhodn\u00fd pre nov\u00e1\u010dikov aj sk\u00fasen\u00fdch u\u017e\u00edvate\u013eov. Tenk\u00fd dizajn zaru\u010duje diskr\u00e9tne ulo\u017eenie, \u010do umo\u017e\u0148uje pohodln\u00e9 pou\u017e\u00edvanie bez zafarbenia zubov. Tieto vrec\u00fa\u0161ka, ktor\u00e9 vyr\u00e1ba zna\u010dka GILO, zn\u00e1ma svoj\u00edm z\u00e1v\u00e4zkom vo\u010di kvalite a inovat\u00edvnym profilom pr\u00edchut\u00ed, s\u00fa pr\u00edkladom vysok\u00fdch \u0161tandardov a oddanosti zvy\u0161ovaniu u\u017e\u00edvate\u013esk\u00e9ho z\u00e1\u017eitku.<\/span><\/p>","protected":false},"featured_media":9495,"comment_status":"open","ping_status":"closed","template":"","format":[206],"meta":{"_acf_changed":false},"product_brand":[],"product_cat":[89],"product_tag":[16583],"flavours":[190],"nicotine":[209,232],"class_list":{"0":"post-9494","1":"product","2":"type-product","3":"status-publish","4":"has-post-thumbnail","6":"product_cat-gilo","7":"product_tag-8-mg-pouch","8":"pa_quantity-1-pack","9":"pa_quantity-10-pack","10":"pa_quantity-3-pack","11":"pa_quantity-30-pack","12":"pa_quantity-5-pack","13":"pa_quantity-60-pack","14":"flavours-citrus","15":"format-slim","16":"nicotine-12-mg-g","17":"nicotine-extra-strong","19":"first","20":"outofstock","21":"taxable","22":"shipping-taxable","23":"purchasable","24":"product-type-variable","25":"has-default-attributes"},"acf":[],"_links":{"self":[{"href":"https:\/\/whitelip.com\/sk\/wp-json\/wp\/v2\/product\/9494","targetHints":{"allow":["GET"]}}],"collection":[{"href":"https:\/\/whitelip.com\/sk\/wp-json\/wp\/v2\/product"}],"about":[{"href":"https:\/\/whitelip.com\/sk\/wp-json\/wp\/v2\/types\/product"}],"replies":[{"embeddable":true,"href":"https:\/\/whitelip.com\/sk\/wp-json\/wp\/v2\/comments?post=9494"}],"wp:featuredmedia":[{"embeddable":true,"href":"https:\/\/whitelip.com\/sk\/wp-json\/wp\/v2\/media\/9495"}],"wp:attachment":[{"href":"https:\/\/whitelip.com\/sk\/wp-json\/wp\/v2\/media?parent=9494"}],"wp:term":[{"taxonomy":"product_brand","embeddable":true,"href":"https:\/\/whitelip.com\/sk\/wp-json\/wp\/v2\/product_brand?post=9494"},{"taxonomy":"product_cat","embeddable":true,"href":"https:\/\/whitelip.com\/sk\/wp-json\/wp\/v2\/product_cat?post=9494"},{"taxonomy":"product_tag","embeddable":true,"href":"https:\/\/whitelip.com\/sk\/wp-json\/wp\/v2\/product_tag?post=9494"},{"taxonomy":"flavours","embeddable":true,"href":"https:\/\/whitelip.com\/sk\/wp-json\/wp\/v2\/flavours?post=9494"},{"taxonomy":"format","embeddable":true,"href":"https:\/\/whitelip.com\/sk\/wp-json\/wp\/v2\/format?post=9494"},{"taxonomy":"nicotine","embeddable":true,"href":"https:\/\/whitelip.com\/sk\/wp-json\/wp\/v2\/nicotine?post=9494"}],"curies":[{"name":"wp","href":"https:\/\/api.w.org\/{rel}","templated":true}]}}