{"id":9484,"date":"2024-12-05T14:34:00","date_gmt":"2024-12-05T14:34:00","guid":{"rendered":"https:\/\/whitelip.com\/gilo-chokehold-grape\/"},"modified":"2026-03-05T11:31:43","modified_gmt":"2026-03-05T11:31:43","slug":"gilo-chokehold-grape","status":"publish","type":"product","link":"https:\/\/whitelip.com\/sk\/gilo\/gilo-chokehold-grape\/","title":{"rendered":"GILO Chokehold Grape"},"content":{"rendered":"<h2><b>GILO Chokehold Grape<\/b><\/h2>\n<p><span style=\"font-weight: 400;\">Nikot\u00ednov\u00e9 vrec\u00fa\u0161ka GILO Chokehold Grape prin\u00e1\u0161aj\u00fa odv\u00e1\u017eny a vzru\u0161uj\u00faci z\u00e1\u017eitok pre t\u00fdch, ktor\u00ed h\u013eadaj\u00fa siln\u00fd nikot\u00ednov\u00fd z\u00e1sah. Ka\u017ed\u00e9 vrec\u00fa\u0161ko tenk\u00e9ho form\u00e1tu obsahuje 16 mg nikot\u00ednu a poskytuje siln\u00fd pocit, ktor\u00fd kombinuje sladk\u00fa, \u0161\u0165avnat\u00fa chu\u0165 zrel\u00e9ho hrozna s intenz\u00edvnym, osvie\u017euj\u00facim z\u00e1berom. Vrec\u00fa\u0161ka s\u00fa navrhnut\u00e9 na diskr\u00e9tne pou\u017e\u00edvanie bez zafarbenia zubov, tak\u017ee s\u00fa ide\u00e1lne na vychutn\u00e1vanie na cest\u00e1ch. Tieto vrec\u00fa\u0161ka vyr\u00e1ba zna\u010dka GILO, zn\u00e1ma svoj\u00edm z\u00e1v\u00e4zkom vo\u010di kvalite a inovat\u00edvnym profilom pr\u00edchut\u00ed, a s\u00fa pr\u00edkladom vysok\u00fdch \u0161tandardov a odhodlania zlep\u0161i\u0165 z\u00e1\u017eitok pou\u017e\u00edvate\u013ea.<\/span><\/p>\n<p><b>\u0160pecifik\u00e1cie<\/b><\/p>\n<table>\n<tbody>\n<tr>\n<td><b>Atrib\u00fat<\/b><\/td>\n<td><b>Podrobnosti<\/b><\/td>\n<\/tr>\n<tr>\n<td><b>Obsah nikot\u00ednu<\/b><\/td>\n<td><span style=\"font-weight: 400;\">16 mg na vak<\/span><\/td>\n<\/tr>\n<tr>\n<td><b>Form\u00e1t vrecka<\/b><\/td>\n<td><span style=\"font-weight: 400;\">Slim<\/span><\/td>\n<\/tr>\n<tr>\n<td><b>Pr\u00edchu\u0165<\/b><\/td>\n<td><span style=\"font-weight: 400;\">Hrozno<\/span><\/td>\n<\/tr>\n<tr>\n<td><b>Typ<\/b><\/td>\n<td><span style=\"font-weight: 400;\">Vrecko bez tabaku<\/span><\/td>\n<\/tr>\n<\/tbody>\n<\/table>","protected":false},"excerpt":{"rendered":"<p><span style=\"font-weight: 400;\">Nikot\u00ednov\u00e9 vrec\u00fa\u0161ka GILO Chokehold Grape prin\u00e1\u0161aj\u00fa odv\u00e1\u017eny a vzru\u0161uj\u00faci z\u00e1\u017eitok pre t\u00fdch, ktor\u00ed h\u013eadaj\u00fa siln\u00fd nikot\u00ednov\u00fd z\u00e1sah. Ka\u017ed\u00e9 vrec\u00fa\u0161ko tenk\u00e9ho form\u00e1tu obsahuje 16 mg nikot\u00ednu a poskytuje siln\u00fd pocit, ktor\u00fd kombinuje sladk\u00fa, \u0161\u0165avnat\u00fa chu\u0165 zrel\u00e9ho hrozna s intenz\u00edvnym, osvie\u017euj\u00facim z\u00e1berom. Vrec\u00fa\u0161ka s\u00fa navrhnut\u00e9 na diskr\u00e9tne pou\u017e\u00edvanie bez zafarbenia zubov, tak\u017ee s\u00fa ide\u00e1lne na vychutn\u00e1vanie na cest\u00e1ch. Tieto vrec\u00fa\u0161ka vyr\u00e1ba zna\u010dka GILO, zn\u00e1ma svoj\u00edm z\u00e1v\u00e4zkom vo\u010di kvalite a inovat\u00edvnym profilom pr\u00edchut\u00ed, a s\u00fa pr\u00edkladom vysok\u00fdch \u0161tandardov a odhodlania zlep\u0161i\u0165 z\u00e1\u017eitok pou\u017e\u00edvate\u013ea.<\/span><\/p>","protected":false},"featured_media":9485,"comment_status":"open","ping_status":"closed","template":"","format":[206],"meta":{"_acf_changed":false},"product_brand":[],"product_cat":[89],"product_tag":[16569],"flavours":[196],"nicotine":[209,232],"class_list":{"0":"post-9484","1":"product","2":"type-product","3":"status-publish","4":"has-post-thumbnail","6":"product_cat-gilo","7":"product_tag-16-mg-pouch","8":"pa_quantity-1-pack","9":"pa_quantity-10-pack","10":"pa_quantity-3-pack","11":"pa_quantity-30-pack","12":"pa_quantity-5-pack","13":"pa_quantity-60-pack","14":"flavours-fruits-berries","15":"format-slim","16":"nicotine-12-mg-g","17":"nicotine-extra-strong","19":"first","20":"outofstock","21":"taxable","22":"shipping-taxable","23":"purchasable","24":"product-type-variable","25":"has-default-attributes"},"acf":[],"_links":{"self":[{"href":"https:\/\/whitelip.com\/sk\/wp-json\/wp\/v2\/product\/9484","targetHints":{"allow":["GET"]}}],"collection":[{"href":"https:\/\/whitelip.com\/sk\/wp-json\/wp\/v2\/product"}],"about":[{"href":"https:\/\/whitelip.com\/sk\/wp-json\/wp\/v2\/types\/product"}],"replies":[{"embeddable":true,"href":"https:\/\/whitelip.com\/sk\/wp-json\/wp\/v2\/comments?post=9484"}],"wp:featuredmedia":[{"embeddable":true,"href":"https:\/\/whitelip.com\/sk\/wp-json\/wp\/v2\/media\/9485"}],"wp:attachment":[{"href":"https:\/\/whitelip.com\/sk\/wp-json\/wp\/v2\/media?parent=9484"}],"wp:term":[{"taxonomy":"product_brand","embeddable":true,"href":"https:\/\/whitelip.com\/sk\/wp-json\/wp\/v2\/product_brand?post=9484"},{"taxonomy":"product_cat","embeddable":true,"href":"https:\/\/whitelip.com\/sk\/wp-json\/wp\/v2\/product_cat?post=9484"},{"taxonomy":"product_tag","embeddable":true,"href":"https:\/\/whitelip.com\/sk\/wp-json\/wp\/v2\/product_tag?post=9484"},{"taxonomy":"flavours","embeddable":true,"href":"https:\/\/whitelip.com\/sk\/wp-json\/wp\/v2\/flavours?post=9484"},{"taxonomy":"format","embeddable":true,"href":"https:\/\/whitelip.com\/sk\/wp-json\/wp\/v2\/format?post=9484"},{"taxonomy":"nicotine","embeddable":true,"href":"https:\/\/whitelip.com\/sk\/wp-json\/wp\/v2\/nicotine?post=9484"}],"curies":[{"name":"wp","href":"https:\/\/api.w.org\/{rel}","templated":true}]}}