{"id":94379,"date":"2026-04-13T10:19:52","date_gmt":"2026-04-13T10:19:52","guid":{"rendered":"https:\/\/whitelip.com\/?post_type=product&#038;p=94379"},"modified":"2026-04-15T03:02:23","modified_gmt":"2026-04-15T03:02:23","slug":"killa-bubblegum-exp-03-03-2026","status":"publish","type":"product","link":"https:\/\/whitelip.com\/sk\/killa\/killa-bubblegum-exp-03-03-2026\/","title":{"rendered":"KILLA Bubblegum Exp.03\/03\/2026"},"content":{"rendered":"<h2>KILLA Bubblegum Exp.03\/03\/2026<\/h2>\n<p><span style=\"font-weight: 400;\">Nikot\u00ednov\u00e9 vrec\u00fa\u0161ka KILLA Bubblegum prin\u00e1\u0161aj\u00fa sladk\u00fa a nostalgick\u00fa pr\u00edchu\u0165 bublinkovej \u017euva\u010dky a pon\u00fakaj\u00fa pr\u00edjemn\u00fd a uspokojuj\u00faci z\u00e1\u017eitok pre u\u017e\u00edvate\u013eov, ktor\u00ed h\u013eadaj\u00fa siln\u00fd nikot\u00ednov\u00fd z\u00e1sah. Tieto \u00faplne biele vrec\u00fa\u0161ka bez tabaku s\u00fa vyroben\u00e9 v tenkom form\u00e1te, ktor\u00fd zaru\u010duje diskr\u00e9tne a pohodln\u00e9 ulo\u017eenie pod perou. Vlhk\u00e1 text\u00fara zlep\u0161uje uvo\u013e\u0148ovanie chuti a absorpciu nikot\u00ednu, \u010d\u00edm poskytuje konzistentn\u00fd a pr\u00edjemn\u00fd pocit. KILLA Bubblegum je ide\u00e1lna pre t\u00fdch, ktor\u00ed oce\u0148uj\u00fa klasick\u00e9 cukr\u00edkov\u00e9 pr\u00edchute, kombinuje pr\u00edjemn\u00fa chu\u0165 so silnou nikot\u00ednovou silou, v\u010faka \u010domu je ob\u013e\u00fabenou vo\u013ebou medzi nad\u0161encami nikot\u00ednov\u00fdch vrec\u00fa\u0161ok.<\/span><\/p>\n<table>\n<tbody>\n<tr>\n<td><b>Atrib\u00fat<\/b><\/td>\n<td><b>Podrobnosti<\/b><\/td>\n<\/tr>\n<tr>\n<td><span style=\"font-weight: 400;\">Obsah na plechovku<\/span><\/td>\n<td><span style=\"font-weight: 400;\">16 g (20 vrec\u00fa\u0161ok)<\/span><\/td>\n<\/tr>\n<tr>\n<td><span style=\"font-weight: 400;\">Obsah nikot\u00ednu<\/span><\/td>\n<td><span style=\"font-weight: 400;\">16 mg\/g (12,8 mg na vrecko)<\/span><\/td>\n<\/tr>\n<tr>\n<td><span style=\"font-weight: 400;\">Form\u00e1t vrecka<\/span><\/td>\n<td><span style=\"font-weight: 400;\">Slim<\/span><\/td>\n<\/tr>\n<tr>\n<td><span style=\"font-weight: 400;\">V\u00fdrobca<\/span><\/td>\n<td><span style=\"font-weight: 400;\">UAB N.G.P. Empire, Litva<\/span><\/td>\n<\/tr>\n<tr>\n<td><span style=\"font-weight: 400;\">Pr\u00edchu\u0165<\/span><\/td>\n<td><span style=\"font-weight: 400;\">\u017duva\u010dka<\/span><\/td>\n<\/tr>\n<tr>\n<td><span style=\"font-weight: 400;\">Typ<\/span><\/td>\n<td><span style=\"font-weight: 400;\">Celobiele vrecko, bez tabaku<\/span><\/td>\n<\/tr>\n<\/tbody>\n<\/table>","protected":false},"excerpt":{"rendered":"<article class=\"text-token-text-primary w-full focus:outline-none [--shadow-height:45px] has-data-writing-block:pointer-events-none has-data-writing-block:-mt-(--shadow-height) has-data-writing-block:pt-(--shadow-height) [&amp;:has([data-writing-block])&gt;*]:pointer-events-auto [content-visibility:auto] supports-[content-visibility:auto]:[contain-intrinsic-size:auto_100lvh] scroll-mt-[calc(var(--header-height)+min(200px,max(70px,20svh)))]\" dir=\"auto\" tabindex=\"-1\" data-turn-id=\"06a9feb3-a9df-4fa9-a1cb-90cf30985cce\" data-testid=\"conversation-turn-190\" data-scroll-anchor=\"true\" data-turn=\"assistant\">\n<div class=\"text-base my-auto mx-auto pb-10 [--thread-content-margin:--spacing(4)] thread-sm:[--thread-content-margin:--spacing(6)] thread-lg:[--thread-content-margin:--spacing(16)] px-(--thread-content-margin)\">\n<div class=\"[--thread-content-max-width:40rem] thread-lg:[--thread-content-max-width:48rem] mx-auto max-w-(--thread-content-max-width) flex-1 group\/turn-messages focus-visible:outline-hidden relative flex w-full min-w-0 flex-col agent-turn\" tabindex=\"-1\">\n<div class=\"flex max-w-full flex-col grow\">\n<div class=\"min-h-8 text-message relative flex w-full flex-col items-end gap-2 text-start break-words whitespace-normal [.text-message+&amp;]:mt-1\" dir=\"auto\" data-message-author-role=\"assistant\" data-message-id=\"9dd32e28-f3d9-489a-8fbb-1cff4e8a821e\" data-message-model-slug=\"gpt-5-thinking\">\n<div class=\"flex w-full flex-col gap-1 empty:hidden first:pt-[1px]\">\n<div class=\"markdown prose dark:prose-invert w-full break-words dark markdown-new-styling\">\n<p data-start=\"0\" data-end=\"289\" data-is-last-node=\"\" data-is-only-node=\"\">Sweet, nostalgic <strong data-start=\"17\" data-end=\"30\">bubblegum<\/strong> for a delightful, satisfying lift. <strong data-start=\"66\" data-end=\"74\">Slim<\/strong>, all-white, tobacco-free pouches sit discreetly under the lip; the moist texture enhances flavor release and nicotine absorption. Each pouch contains <strong data-start=\"225\" data-end=\"245\">12.8 mg nicotine<\/strong>, delivering a robust, consistent sensation.<\/p>\n<\/div>\n<\/div>\n<\/div>\n<\/div>\n<\/div>\n<\/div>\n<\/article>\n","protected":false},"featured_media":8169,"comment_status":"open","ping_status":"closed","template":"","format":[],"meta":{"_acf_changed":false},"product_brand":[],"product_cat":[64],"product_tag":[16676,17015],"flavours":[],"nicotine":[],"class_list":{"0":"post-94379","1":"product","2":"type-product","3":"status-publish","4":"has-post-thumbnail","6":"product_cat-killa","7":"product_tag-12-8-mg-pouch","8":"product_tag-50-off","9":"pa_quantity-1-pack","10":"pa_quantity-10-pack","11":"pa_quantity-3-pack","12":"pa_quantity-30-pack","13":"pa_quantity-5-pack","14":"pa_quantity-60-pack","16":"first","17":"instock","18":"sale","19":"taxable","20":"shipping-taxable","21":"purchasable","22":"product-type-variable"},"acf":[],"_links":{"self":[{"href":"https:\/\/whitelip.com\/sk\/wp-json\/wp\/v2\/product\/94379","targetHints":{"allow":["GET"]}}],"collection":[{"href":"https:\/\/whitelip.com\/sk\/wp-json\/wp\/v2\/product"}],"about":[{"href":"https:\/\/whitelip.com\/sk\/wp-json\/wp\/v2\/types\/product"}],"replies":[{"embeddable":true,"href":"https:\/\/whitelip.com\/sk\/wp-json\/wp\/v2\/comments?post=94379"}],"wp:featuredmedia":[{"embeddable":true,"href":"https:\/\/whitelip.com\/sk\/wp-json\/wp\/v2\/media\/8169"}],"wp:attachment":[{"href":"https:\/\/whitelip.com\/sk\/wp-json\/wp\/v2\/media?parent=94379"}],"wp:term":[{"taxonomy":"product_brand","embeddable":true,"href":"https:\/\/whitelip.com\/sk\/wp-json\/wp\/v2\/product_brand?post=94379"},{"taxonomy":"product_cat","embeddable":true,"href":"https:\/\/whitelip.com\/sk\/wp-json\/wp\/v2\/product_cat?post=94379"},{"taxonomy":"product_tag","embeddable":true,"href":"https:\/\/whitelip.com\/sk\/wp-json\/wp\/v2\/product_tag?post=94379"},{"taxonomy":"flavours","embeddable":true,"href":"https:\/\/whitelip.com\/sk\/wp-json\/wp\/v2\/flavours?post=94379"},{"taxonomy":"format","embeddable":true,"href":"https:\/\/whitelip.com\/sk\/wp-json\/wp\/v2\/format?post=94379"},{"taxonomy":"nicotine","embeddable":true,"href":"https:\/\/whitelip.com\/sk\/wp-json\/wp\/v2\/nicotine?post=94379"}],"curies":[{"name":"wp","href":"https:\/\/api.w.org\/{rel}","templated":true}]}}