{"id":94056,"date":"2026-04-10T12:42:26","date_gmt":"2026-04-10T12:42:26","guid":{"rendered":"https:\/\/whitelip.com\/?post_type=product&#038;p=94056"},"modified":"2026-04-10T23:12:05","modified_gmt":"2026-04-10T23:12:05","slug":"mynt-mint-18mg","status":"publish","type":"product","link":"https:\/\/whitelip.com\/sk\/mynt\/mynt-mint-18mg\/","title":{"rendered":"MYNT Mint 18mg"},"content":{"rendered":"<h1 data-section-id=\"mm18_1ab2\" data-start=\"1\" data-end=\"50\"><strong>Mynt Mint 18mg<\/strong><\/h1>\n<p data-section-id=\"mm18_2cd3\" data-start=\"52\" data-end=\"350\">Mynt Mint 18mg je nikot\u00ednov\u00fd vank\u00fa\u0161 bez tab\u00e1ku s \u010dist\u00fdm a osvie\u017euj\u00facim mentolov\u00fdch profil chute, extra siln\u00e1 mo\u017enos\u0165 pre sk\u00fasen\u00fdch pou\u017e\u00edvate\u013eov h\u013eadaj\u00facich v\u00fdrazn\u00fa a konzistentn\u00fa nikot\u00ednov\u00fa \u00fa\u010dinok. Ka\u017ed\u00fd \u00fazky vank\u00fa\u0161 obsahuje 18 mg nikot\u00ednu (36 mg\/g) a diskr\u00e9tne a pohodlne sa umiest\u0148uje pod pery pre rovnomern\u00e9 a kontrolovan\u00e9 uvo\u013e\u0148ovanie chute a nikot\u00ednu po\u010das pou\u017e\u00edvania.<\/p>\n<h2 data-section-id=\"mm18_3ef4\" data-start=\"352\" data-end=\"370\">Pr\u00edchu\u0165 a sila<\/h2>\n<p data-section-id=\"mm18_4gh5\" data-start=\"372\" data-end=\"570\">Mynt Mint 18mg poskytuje chladn\u00fa a dobre vyv\u00e1\u017een\u00fa mentolovou chu\u0165 s \u010dist\u00fdm a osvie\u017euj\u00facim charakterom, ktor\u00fd zost\u00e1va konzistentn\u00fd po\u010das pou\u017e\u00edvania, zameran\u00fd profil chute pre t\u00fdch, ktor\u00ed uprednost\u0148uj\u00fa \u010dist\u00fd a nezamenite\u013en\u00fd mentolov\u00fd z\u00e1\u017eitok. Pri 36 mg\/g a 18 mg nikot\u00ednu na vank\u00fa\u0161 je klasifikovan\u00fd ako extra siln\u00fd, v\u00fdkonn\u00e1 vo\u013eba pre sk\u00fasen\u00fdch pou\u017e\u00edvate\u013eov h\u013eadaj\u00facich intenz\u00edvnu a stabiln\u00fa nikot\u00ednov\u00fa odpove\u010f.<\/p>\n<h2 data-section-id=\"mm18_5ij6\" data-start=\"572\" data-end=\"590\">Form\u00e1t vrecka<\/h2>\n<p data-section-id=\"mm18_6kl7\" data-start=\"592\" data-end=\"780\">Mynt Mint 18mg prich\u00e1dza v \u00fazkom form\u00e1te, tenk\u00fd a ergonomick\u00fd vank\u00fa\u0161, ktor\u00fd sa diskr\u00e9tne a pohodlne umiest\u0148uje pod pery. Ka\u017ed\u00e1 d\u00f3za obsahuje 10 g a 20 vank\u00fa\u0161ov, v\u0161etky biele a bez tab\u00e1ku, navrhnut\u00e9 na rovnomern\u00e9 a spo\u013eahliv\u00e9 uvo\u013e\u0148ovanie mentolov\u00e9 chute a nikot\u00ednu v \u013eubovo\u013enej situ\u00e1cii.<\/p>\n<h2 data-section-id=\"mm18_7mn8\" data-start=\"782\" data-end=\"796\">O nikot\u00ednov\u00fdch vank\u00fa\u0161och Mynt<\/h2>\n<p data-section-id=\"mm18_8op9\" data-start=\"798\" data-end=\"1050\">Mynt je zna\u010dka nikot\u00ednov\u00fdch vank\u00fa\u0161ov bez tab\u00e1ku so zameran\u00edm na jedine\u010dn\u00e9 profily chut\u00ed a r\u00f4zne sily nikot\u00ednu, navrhnut\u00e1 tak, aby sp\u013a\u0148ala preferencie modern\u00fdch pou\u017e\u00edvate\u013eov. Ponuka sa rozprestiera od jemn\u00fdch a sladk\u00fdch vari\u00e1nt a\u017e po extra siln\u00e9 mo\u017enosti, v\u017edy v \u00fazkom form\u00e1te vhodnom na diskr\u00e9tne a pohodln\u00e9 pou\u017eitie.<\/p>\n<table style=\"height: 235px;\" width=\"383\">\n<tbody>\n<tr>\n<td><b>Atrib\u00fat<\/b><\/td>\n<td><b>Podrobnosti<\/b><\/td>\n<\/tr>\n<tr>\n<td><b>Zna\u010dka<\/b><\/td>\n<td><em><strong>Mynt<\/strong><\/em><\/td>\n<\/tr>\n<tr>\n<td><b>Form\u00e1t vrecka<\/b><\/td>\n<td><em><strong>Slim<\/strong><\/em><\/td>\n<\/tr>\n<tr>\n<td><b>Whitelip strength<\/b><\/td>\n<td><em><strong>Extra siln\u00fd<\/strong><\/em><\/td>\n<\/tr>\n<tr>\n<td><b>V\u00fdrobca<\/b><\/td>\n<td><em><strong>Mynt<\/strong><\/em><\/td>\n<\/tr>\n<tr>\n<td><b>Pr\u00edchu\u0165<\/b><\/td>\n<td><span style=\"font-weight: 400;\">M\u00e4ta<\/span><\/td>\n<\/tr>\n<tr>\n<td><b>Obsah nikot\u00ednu<\/b><\/td>\n<td><b><span style=\"font-weight: 400;\">36 mg\/g (18 mg per pouch)<\/span><\/b><\/td>\n<\/tr>\n<tr>\n<td><b>Obsah na plechovku<\/b><\/td>\n<td><span style=\"font-weight: 400;\">10 g (20 pouches)<\/span><\/td>\n<\/tr>\n<tr>\n<td><b>Kateg\u00f3ria<\/b><\/td>\n<td><em><strong>Nikot\u00ednov\u00e9 vreck\u00e1<\/strong><\/em><\/td>\n<\/tr>\n<tr>\n<td><b>Typ<\/b><\/td>\n<td><b><span style=\"font-weight: 400;\">Celobiele vrecko<\/span><\/b><\/td>\n<\/tr>\n<\/tbody>\n<\/table>\n<p>&nbsp;<\/p>","protected":false},"excerpt":{"rendered":"<p data-start=\"1386\" data-end=\"1459\">Mynt Mint 18mg je nikot\u00ednov\u00fd vank\u00fa\u0161 bez tab\u00e1ku s \u010distou a osvie\u017euj\u00facou mentolovou chut\u0165ou. Ka\u017ed\u00fd vank\u00fa\u0161 obsahuje 18 mg nikot\u00ednu.<\/p>","protected":false},"featured_media":93995,"comment_status":"open","ping_status":"closed","template":"","format":[206],"meta":{"_acf_changed":false},"product_brand":[],"product_cat":[11212],"product_tag":[16795],"flavours":[199],"nicotine":[11214,233],"class_list":{"0":"post-94056","1":"product","2":"type-product","3":"status-publish","4":"has-post-thumbnail","6":"product_cat-mynt","7":"product_tag-18-mg-pouch","8":"pa_quantity-1-pack","9":"pa_quantity-10-pack","10":"pa_quantity-3-pack","11":"pa_quantity-30-pack","12":"pa_quantity-5-pack","13":"pa_quantity-60-pack","14":"flavours-mint","15":"format-slim","16":"nicotine-36-mg-g","17":"nicotine-extreme","19":"first","20":"instock","21":"taxable","22":"shipping-taxable","23":"purchasable","24":"product-type-variable"},"acf":[],"_links":{"self":[{"href":"https:\/\/whitelip.com\/sk\/wp-json\/wp\/v2\/product\/94056","targetHints":{"allow":["GET"]}}],"collection":[{"href":"https:\/\/whitelip.com\/sk\/wp-json\/wp\/v2\/product"}],"about":[{"href":"https:\/\/whitelip.com\/sk\/wp-json\/wp\/v2\/types\/product"}],"replies":[{"embeddable":true,"href":"https:\/\/whitelip.com\/sk\/wp-json\/wp\/v2\/comments?post=94056"}],"wp:featuredmedia":[{"embeddable":true,"href":"https:\/\/whitelip.com\/sk\/wp-json\/wp\/v2\/media\/93995"}],"wp:attachment":[{"href":"https:\/\/whitelip.com\/sk\/wp-json\/wp\/v2\/media?parent=94056"}],"wp:term":[{"taxonomy":"product_brand","embeddable":true,"href":"https:\/\/whitelip.com\/sk\/wp-json\/wp\/v2\/product_brand?post=94056"},{"taxonomy":"product_cat","embeddable":true,"href":"https:\/\/whitelip.com\/sk\/wp-json\/wp\/v2\/product_cat?post=94056"},{"taxonomy":"product_tag","embeddable":true,"href":"https:\/\/whitelip.com\/sk\/wp-json\/wp\/v2\/product_tag?post=94056"},{"taxonomy":"flavours","embeddable":true,"href":"https:\/\/whitelip.com\/sk\/wp-json\/wp\/v2\/flavours?post=94056"},{"taxonomy":"format","embeddable":true,"href":"https:\/\/whitelip.com\/sk\/wp-json\/wp\/v2\/format?post=94056"},{"taxonomy":"nicotine","embeddable":true,"href":"https:\/\/whitelip.com\/sk\/wp-json\/wp\/v2\/nicotine?post=94056"}],"curies":[{"name":"wp","href":"https:\/\/api.w.org\/{rel}","templated":true}]}}