{"id":93186,"date":"2026-04-02T13:52:19","date_gmt":"2026-04-02T13:52:19","guid":{"rendered":"https:\/\/whitelip.com\/?post_type=product&#038;p=93186"},"modified":"2026-04-10T09:40:35","modified_gmt":"2026-04-10T09:40:35","slug":"lind-mint-polka","status":"publish","type":"product","link":"https:\/\/whitelip.com\/sk\/lind\/lind-mint-polka\/","title":{"rendered":"Lind Mint Polka"},"content":{"rendered":"<h2>Lind Mint Polka<\/h2>\n<p data-start=\"30\" data-end=\"276\">LIND Mint Polka obsahuje 4,5 mg nik\u00f3tinu na vrec\u00fa\u0161ko a m\u00e1 m\u00e4tu in\u0161pirovan\u00fa klasick\u00fdmi m\u00e4tov\u00fdmi cukr\u00edkmi. Produkt vyr\u00e1ba HS Factory Sweden AB v \u0160tokholme a je dostupn\u00fd vo form\u00e1te Slim vrec\u00fa\u0161ka.<\/p>\n<p data-start=\"278\" data-end=\"621\">Chut' je zalo\u017een\u00e1 na m\u00e4te s \u010dist\u00fdm a chladiacim charakterom, doplnen\u00e1 \u013eahkou sladkos\u0165ou. Form\u00e1t Slim pozost\u00e1va z u\u017e\u0161\u00edch vrec\u00fa\u0161ok navrhnut\u00fdch tak, aby si sadli rovnomerne pod pery a poskytovali diskr\u00e9tne a pohodln\u00e9 umiestnenie po\u010das pou\u017e\u00edvania. \u0160trukt\u00fara vrec\u00fa\u0161ka podporuje konzistentn\u00e9 a postupn\u00e9 uvo\u013e\u0148ovanie chuti a nik\u00f3tinu v priebehu \u010dasu.<\/p>\n<p data-start=\"623\" data-end=\"916\">Koncentr\u00e1cia nik\u00f3tinu je 9 mg na gram, \u010do zodpoved\u00e1 4,5 mg nik\u00f3tinu na vrec\u00fa\u0161ko. Ka\u017ed\u00e9 vrec\u00fa\u0161ko v\u00e1\u017ei 0,5 gramu. Ka\u017ed\u00e1 plechovka obsahuje 20 vrec\u00fa\u0161ok s celkovou \u010distou hmotnos\u0165ou 10 gramov, pri\u010dom celkovo dod\u00e1va pribli\u017ene 90 mg nik\u00f3tinu na plechovku. \u00darove\u0148 nik\u00f3tinu sa v\u0161eobecne pova\u017euje za n\u00edzku.<\/p>\n<p data-start=\"918\" data-end=\"1066\">LIND je s\u00e9ria produktov vyvinut\u00e1 spolo\u010dnos\u0165ou HS Factory Sweden AB, ktor\u00e1 sa zameriava na vyv\u00e1\u017een\u00e9 chutov\u00e9 profily, konzistentn\u00fa kvalitu a modern\u00e9 v\u00fdrobn\u00e9 met\u00f3dy.<\/p>\n<table>\n<tbody>\n<tr>\n<td><b>Atrib\u00fat<\/b><\/td>\n<td><b>Podrobnosti<\/b><\/td>\n<\/tr>\n<tr>\n<td><b>Obsah na plechovku<\/b><\/td>\n<td><span style=\"font-weight: 400;\">10 g (20 vrec\u00fa\u0161ok)<\/span><\/td>\n<\/tr>\n<tr>\n<td><b>Obsah nikot\u00ednu<\/b><\/td>\n<td><span style=\"font-weight: 400;\">90 mg\/g (4,5 mg na vrec\u00fa\u0161ko)<\/span><\/td>\n<\/tr>\n<tr>\n<td><b>Form\u00e1t vrecka<\/b><\/td>\n<td><span style=\"font-weight: 400;\">Slim<\/span><\/td>\n<\/tr>\n<tr>\n<td><b>V\u00fdrobca<\/b><\/td>\n<td><span style=\"font-weight: 400;\">HS Factory Sweden AB<\/span><\/td>\n<\/tr>\n<tr>\n<td><b>Pr\u00edchu\u0165<\/b><\/td>\n<td><span style=\"font-weight: 400;\">Pepermintov\u00e1 cukr\u00edka<\/span><\/td>\n<\/tr>\n<tr>\n<td><b>Typ<\/b><\/td>\n<td><span style=\"font-weight: 400;\">Celobiele vrecko<\/span><\/td>\n<\/tr>\n<\/tbody>\n<\/table>","protected":false},"excerpt":{"rendered":"<p>LIND Mint Polka obsahuje <strong data-start=\"1135\" data-end=\"1154\">4,5 mg nik\u00f3tinu<\/strong> na vrec\u00fa\u0161ko s m\u00e4tou in\u0161pirovanou m\u00e4tov\u00fdmi cukr\u00edkmi. Ka\u017ed\u00e1 plechovka obsahuje 20 <strong data-start=\"1243\" data-end=\"1251\">Slim<\/strong> vrec\u00fa\u0161ok s hmotnos\u0165ou 0,5 gramu ka\u017ed\u00e9, s koncentr\u00e1ciou nik\u00f3tinu 9 mg na gram. Produkt sa vyr\u00e1ba v \u0160tokholme a zodpoved\u00e1 n\u00edzkej pevnosti nik\u00f3tinu.<\/p>","protected":false},"featured_media":93195,"comment_status":"open","ping_status":"closed","template":"","format":[206],"meta":{"_acf_changed":false},"product_brand":[],"product_cat":[17017],"product_tag":[16421],"flavours":[185,199],"nicotine":[231,236],"class_list":{"0":"post-93186","1":"product","2":"type-product","3":"status-publish","4":"has-post-thumbnail","6":"product_cat-lind","7":"product_tag-new","8":"pa_quantity-1-pack","9":"pa_quantity-10-pack","10":"pa_quantity-3-pack","11":"pa_quantity-30-pack","12":"pa_quantity-5-pack","13":"pa_quantity-60-pack","14":"flavours-candy","15":"flavours-mint","16":"format-slim","17":"nicotine-9-mg-g","18":"nicotine-strong","20":"first","21":"instock","22":"sale","23":"taxable","24":"shipping-taxable","25":"purchasable","26":"product-type-variable"},"acf":[],"_links":{"self":[{"href":"https:\/\/whitelip.com\/sk\/wp-json\/wp\/v2\/product\/93186","targetHints":{"allow":["GET"]}}],"collection":[{"href":"https:\/\/whitelip.com\/sk\/wp-json\/wp\/v2\/product"}],"about":[{"href":"https:\/\/whitelip.com\/sk\/wp-json\/wp\/v2\/types\/product"}],"replies":[{"embeddable":true,"href":"https:\/\/whitelip.com\/sk\/wp-json\/wp\/v2\/comments?post=93186"}],"wp:featuredmedia":[{"embeddable":true,"href":"https:\/\/whitelip.com\/sk\/wp-json\/wp\/v2\/media\/93195"}],"wp:attachment":[{"href":"https:\/\/whitelip.com\/sk\/wp-json\/wp\/v2\/media?parent=93186"}],"wp:term":[{"taxonomy":"product_brand","embeddable":true,"href":"https:\/\/whitelip.com\/sk\/wp-json\/wp\/v2\/product_brand?post=93186"},{"taxonomy":"product_cat","embeddable":true,"href":"https:\/\/whitelip.com\/sk\/wp-json\/wp\/v2\/product_cat?post=93186"},{"taxonomy":"product_tag","embeddable":true,"href":"https:\/\/whitelip.com\/sk\/wp-json\/wp\/v2\/product_tag?post=93186"},{"taxonomy":"flavours","embeddable":true,"href":"https:\/\/whitelip.com\/sk\/wp-json\/wp\/v2\/flavours?post=93186"},{"taxonomy":"format","embeddable":true,"href":"https:\/\/whitelip.com\/sk\/wp-json\/wp\/v2\/format?post=93186"},{"taxonomy":"nicotine","embeddable":true,"href":"https:\/\/whitelip.com\/sk\/wp-json\/wp\/v2\/nicotine?post=93186"}],"curies":[{"name":"wp","href":"https:\/\/api.w.org\/{rel}","templated":true}]}}