{"id":93176,"date":"2026-04-02T13:47:21","date_gmt":"2026-04-02T13:47:21","guid":{"rendered":"https:\/\/whitelip.com\/?post_type=product&#038;p=93176"},"modified":"2026-05-09T10:11:26","modified_gmt":"2026-05-09T10:11:26","slug":"lind-cherry-cola","status":"publish","type":"product","link":"https:\/\/whitelip.com\/sk\/lind\/lind-cherry-cola\/","title":{"rendered":"Lind Cherry Cola"},"content":{"rendered":"<h2>Lind Cherry Cola<\/h2>\n<p data-start=\"30\" data-end=\"261\">LIND Cherry Cola obsahuje 8,5 mg nik\u00f3tinu na vrec\u00fa\u0161ko a m\u00e1 chut' kombinuj\u00facu \u010dere\u0161\u0148u a kolu. Produkt vyr\u00e1ba HS Factory Sweden AB v \u0160tokholme a je dostupn\u00fd vo form\u00e1te Slim vrec\u00fa\u0161ka.<\/p>\n<p data-start=\"263\" data-end=\"636\">Chut' kombinuje sladk\u00e9 pozn\u00e1mky koly s tmav\u0161\u00edmi t\u00f3nmi \u010dere\u0161ne, \u010d\u00edm sa vytv\u00e1raj\u00fa ovocn\u00e9 a mierne nostalgetick\u00e9 charakteristiky. \u013dahk\u00e1 \u010derstvos\u0165 koly vyva\u017euje sladkos\u0165, \u010do vedie k jasne definovan\u00e9mu a konzistentn\u00e9mu chutov\u00e9mu z\u00e1\u017eitku. Form\u00e1t Slim pozost\u00e1va z u\u017e\u0161\u00edch vrec\u00fa\u0161ok navrhnut\u00fdch tak, aby si sadli rovnomerne pod pery a poskytovali diskr\u00e9tne a pohodln\u00e9 umiestnenie po\u010das pou\u017e\u00edvania.<\/p>\n<p data-start=\"638\" data-end=\"929\">Koncentr\u00e1cia nik\u00f3tinu je 17 mg na gram, \u010do zodpoved\u00e1 8,5 mg nik\u00f3tinu na vrec\u00fa\u0161ko. Ka\u017ed\u00e9 vrec\u00fa\u0161ko v\u00e1\u017ei 0,5 gramu. Ka\u017ed\u00e1 plechovka obsahuje 20 vrec\u00fa\u0161ok s celkovou \u010distou hmotnos\u0165ou 10 gramov, pri\u010dom celkovo dod\u00e1va pribli\u017ene 170 mg nik\u00f3tinu na plechovku. \u00darove\u0148 nik\u00f3tinu sa klasifikuje ako siln\u00e1.<\/p>\n<p data-start=\"931\" data-end=\"1079\">LIND je s\u00e9ria produktov vyvinut\u00e1 spolo\u010dnos\u0165ou HS Factory Sweden AB, ktor\u00e1 sa zameriava na vyv\u00e1\u017een\u00e9 chutov\u00e9 profily, konzistentn\u00fa kvalitu a modern\u00e9 v\u00fdrobn\u00e9 met\u00f3dy.<\/p>\n<table>\n<tbody>\n<tr>\n<td><b>Atrib\u00fat<\/b><\/td>\n<td><b>Podrobnosti<\/b><\/td>\n<\/tr>\n<tr>\n<td><b>Obsah na plechovku<\/b><\/td>\n<td><span style=\"font-weight: 400;\">10 g (20 vrec\u00fa\u0161ok)<\/span><\/td>\n<\/tr>\n<tr>\n<td><b>Obsah nikot\u00ednu<\/b><\/td>\n<td><span style=\"font-weight: 400;\">170 mg\/g (8,5 mg na vrec\u00fa\u0161ko)<\/span><\/td>\n<\/tr>\n<tr>\n<td><b>Form\u00e1t vrecka<\/b><\/td>\n<td><span style=\"font-weight: 400;\">Slim<\/span><\/td>\n<\/tr>\n<tr>\n<td><b>V\u00fdrobca<\/b><\/td>\n<td><span style=\"font-weight: 400;\">HS Factory Sweden AB<\/span><\/td>\n<\/tr>\n<tr>\n<td><b>Pr\u00edchu\u0165<\/b><\/td>\n<td><span style=\"font-weight: 400;\">\u010cere\u0161\u0148a a Cola<\/span><\/td>\n<\/tr>\n<tr>\n<td><b>Typ<\/b><\/td>\n<td><span style=\"font-weight: 400;\">Celobiele vrecko<\/span><\/td>\n<\/tr>\n<\/tbody>\n<\/table>","protected":false},"excerpt":{"rendered":"<p>LIND Cherry Cola obsahuje <strong data-start=\"1149\" data-end=\"1168\">8,5 mg nik\u00f3tinu<\/strong> na vrec\u00fa\u0161ko s chut'ou kombinuj\u00facou \u010dere\u0161\u0148u a kolu. Ka\u017ed\u00e1 plechovka obsahuje 20 <strong data-start=\"1249\" data-end=\"1257\">Slim<\/strong> vrec\u00fa\u0161ok s hmotnos\u0165ou 0,5 gramu ka\u017ed\u00e9, s koncentr\u00e1ciou nik\u00f3tinu 17 mg na gram. Produkt sa vyr\u00e1ba v \u0160tokholme a je klasifikovan\u00fd ako siln\u00e1 pevnos\u0165.<\/p>","protected":false},"featured_media":93185,"comment_status":"open","ping_status":"closed","template":"","format":[206],"meta":{"_acf_changed":false},"product_brand":[],"product_cat":[17017],"product_tag":[16421],"flavours":[193,196],"nicotine":[214,232],"class_list":{"0":"post-93176","1":"product","2":"type-product","3":"status-publish","4":"has-post-thumbnail","6":"product_cat-lind","7":"product_tag-new","8":"pa_quantity-1-pack","9":"pa_quantity-10-pack","10":"pa_quantity-3-pack","11":"pa_quantity-30-pack","12":"pa_quantity-5-pack","13":"pa_quantity-60-pack","14":"flavours-cola","15":"flavours-fruits-berries","16":"format-slim","17":"nicotine-17-mg-g","18":"nicotine-extra-strong","20":"first","21":"instock","22":"sale","23":"taxable","24":"shipping-taxable","25":"purchasable","26":"product-type-variable"},"acf":[],"_links":{"self":[{"href":"https:\/\/whitelip.com\/sk\/wp-json\/wp\/v2\/product\/93176","targetHints":{"allow":["GET"]}}],"collection":[{"href":"https:\/\/whitelip.com\/sk\/wp-json\/wp\/v2\/product"}],"about":[{"href":"https:\/\/whitelip.com\/sk\/wp-json\/wp\/v2\/types\/product"}],"replies":[{"embeddable":true,"href":"https:\/\/whitelip.com\/sk\/wp-json\/wp\/v2\/comments?post=93176"}],"wp:featuredmedia":[{"embeddable":true,"href":"https:\/\/whitelip.com\/sk\/wp-json\/wp\/v2\/media\/93185"}],"wp:attachment":[{"href":"https:\/\/whitelip.com\/sk\/wp-json\/wp\/v2\/media?parent=93176"}],"wp:term":[{"taxonomy":"product_brand","embeddable":true,"href":"https:\/\/whitelip.com\/sk\/wp-json\/wp\/v2\/product_brand?post=93176"},{"taxonomy":"product_cat","embeddable":true,"href":"https:\/\/whitelip.com\/sk\/wp-json\/wp\/v2\/product_cat?post=93176"},{"taxonomy":"product_tag","embeddable":true,"href":"https:\/\/whitelip.com\/sk\/wp-json\/wp\/v2\/product_tag?post=93176"},{"taxonomy":"flavours","embeddable":true,"href":"https:\/\/whitelip.com\/sk\/wp-json\/wp\/v2\/flavours?post=93176"},{"taxonomy":"format","embeddable":true,"href":"https:\/\/whitelip.com\/sk\/wp-json\/wp\/v2\/format?post=93176"},{"taxonomy":"nicotine","embeddable":true,"href":"https:\/\/whitelip.com\/sk\/wp-json\/wp\/v2\/nicotine?post=93176"}],"curies":[{"name":"wp","href":"https:\/\/api.w.org\/{rel}","templated":true}]}}