{"id":93157,"date":"2026-04-02T13:23:11","date_gmt":"2026-04-02T13:23:11","guid":{"rendered":"https:\/\/whitelip.com\/?post_type=product&#038;p=93157"},"modified":"2026-05-09T10:11:26","modified_gmt":"2026-05-09T10:11:26","slug":"lind-limoncello-spritz","status":"publish","type":"product","link":"https:\/\/whitelip.com\/sk\/lind\/lind-limoncello-spritz\/","title":{"rendered":"Lind Limoncello Spritz"},"content":{"rendered":"<h2>Lind Limoncello Spritz<\/h2>\n<p data-start=\"30\" data-end=\"265\">LIND Limoncello Slim obsahuje 8,5 mg nik\u00f3tinu na vrec\u00fa\u0161ko a m\u00e1 chut' in\u0161pirovan\u00fa tali\u00e1nskym limoncellem. Produkt vyr\u00e1ba HS Factory Sweden AB v \u0160tokholme a je dostupn\u00fd vo form\u00e1te Slim vrec\u00fa\u0161ka.<\/p>\n<p data-start=\"267\" data-end=\"642\">Chut' je zalo\u017een\u00e1 na citr\u00f3ne so \u010derstv\u00fdm a mierne ostr\u00fdm charakterom, doplnen\u00e1 jemn\u00fdmi pozn\u00e1mkami citr\u00f3novej k\u00f4ry a \u013eahk\u00fdm koren\u00edm. Form\u00e1t Slim pozost\u00e1va z u\u017e\u0161\u00edch vrec\u00fa\u0161ok navrhnut\u00fdch tak, aby si sadli rovnomerne pod pery a poskytovali diskr\u00e9tne a pohodln\u00e9 umiestnenie po\u010das pou\u017e\u00edvania. Kon\u0161trukcia vrec\u00fa\u0161ka podporuje konzistentn\u00e9 uvo\u013e\u0148ovanie chuti a nik\u00f3tinu v priebehu \u010dasu.<\/p>\n<p data-start=\"644\" data-end=\"935\">Koncentr\u00e1cia nik\u00f3tinu je 17 mg na gram, \u010do zodpoved\u00e1 8,5 mg nik\u00f3tinu na vrec\u00fa\u0161ko. Ka\u017ed\u00e9 vrec\u00fa\u0161ko v\u00e1\u017ei 0,5 gramu. Ka\u017ed\u00e1 plechovka obsahuje 20 vrec\u00fa\u0161ok s celkovou \u010distou hmotnos\u0165ou 10 gramov, pri\u010dom celkovo dod\u00e1va pribli\u017ene 170 mg nik\u00f3tinu na plechovku. \u00darove\u0148 nik\u00f3tinu sa klasifikuje ako siln\u00e1.<\/p>\n<p data-start=\"937\" data-end=\"1088\">LIND je s\u00e9ria produktov vyvinut\u00e1 spolo\u010dnos\u0165ou HS Factory Sweden AB, ktor\u00e1 sa zameriava na vyv\u00e1\u017een\u00e9 chutov\u00e9 profily, konzistentn\u00fa kvalitu a modern\u00e9 v\u00fdrobn\u00e9 techniky.<\/p>\n<table>\n<tbody>\n<tr>\n<td><b>Atrib\u00fat<\/b><\/td>\n<td><b>Podrobnosti<\/b><\/td>\n<\/tr>\n<tr>\n<td><b>Obsah na plechovku<\/b><\/td>\n<td><span style=\"font-weight: 400;\">10 g (20 vrec\u00fa\u0161ok)<\/span><\/td>\n<\/tr>\n<tr>\n<td><b>Obsah nikot\u00ednu<\/b><\/td>\n<td><span style=\"font-weight: 400;\">170 mg\/g (8,5 mg na vrec\u00fa\u0161ko)<\/span><\/td>\n<\/tr>\n<tr>\n<td><b>Form\u00e1t vrecka<\/b><\/td>\n<td><span style=\"font-weight: 400;\">Slim<\/span><\/td>\n<\/tr>\n<tr>\n<td><b>V\u00fdrobca<\/b><\/td>\n<td><span style=\"font-weight: 400;\">HS Factory Sweden AB<\/span><\/td>\n<\/tr>\n<tr>\n<td><b>Pr\u00edchu\u0165<\/b><\/td>\n<td><span style=\"font-weight: 400;\">Limoncello Spritz<\/span><\/td>\n<\/tr>\n<tr>\n<td><b>Typ<\/b><\/td>\n<td><span style=\"font-weight: 400;\">Celobiele vrecko<\/span><\/td>\n<\/tr>\n<\/tbody>\n<\/table>","protected":false},"excerpt":{"rendered":"<div class=\"flex flex-col text-sm pb-25\">\n<section class=\"text-token-text-primary w-full focus:outline-none [--shadow-height:45px] has-data-writing-block:pointer-events-none has-data-writing-block:-mt-(--shadow-height) has-data-writing-block:pt-(--shadow-height) [&amp;:has([data-writing-block])&gt;*]:pointer-events-auto scroll-mt-[calc(var(--header-height)+min(200px,max(70px,20svh)))]\" dir=\"auto\" data-turn-id=\"request-69a55dd7-6dd8-838c-9d44-c775eaca8427-99\" data-testid=\"conversation-turn-80\" data-scroll-anchor=\"true\" data-turn=\"assistant\">\n<div class=\"text-base my-auto mx-auto pb-10 [--thread-content-margin:var(--thread-content-margin-xs,calc(var(--spacing)*4))] @w-sm\/main:[--thread-content-margin:var(--thread-content-margin-sm,calc(var(--spacing)*6))] @w-lg\/main:[--thread-content-margin:var(--thread-content-margin-lg,calc(var(--spacing)*16))] px-(--thread-content-margin)\">\n<div class=\"[--thread-content-max-width:40rem] @w-lg\/main:[--thread-content-max-width:48rem] mx-auto max-w-(--thread-content-max-width) flex-1 group\/turn-messages focus-visible:outline-hidden relative flex w-full min-w-0 flex-col agent-turn\">\n<div class=\"flex max-w-full flex-col gap-4 grow\">\n<div class=\"min-h-8 text-message relative flex w-full flex-col items-end gap-2 text-start break-words whitespace-normal outline-none keyboard-focused:focus-ring [.text-message+&amp;]:mt-1\" dir=\"auto\" tabindex=\"0\" data-message-author-role=\"assistant\" data-message-id=\"9cb260b7-272b-4a03-be95-d02a761f2907\" data-message-model-slug=\"gpt-5-3\" data-turn-start-message=\"true\">\n<div class=\"flex w-full flex-col gap-1 empty:hidden\">\n<div class=\"markdown prose dark:prose-invert w-full wrap-break-word dark markdown-new-styling\">\n<p data-start=\"1123\" data-end=\"1426\" data-is-last-node=\"\" data-is-only-node=\"\">LIND Limoncello Spritz contains <strong data-start=\"1157\" data-end=\"1176\">8.5 mg nicotine<\/strong> per pouch with a flavor profile inspired by lemon liqueur. Each can includes 20 <strong data-start=\"1257\" data-end=\"1265\">Slim<\/strong> pouches weighing 0.5 grams each, with a nicotine concentration of 17 mg per gram. The product is manufactured in Stockholm and is classified as strong strength.<\/p>\n<\/div>\n<\/div>\n<\/div>\n<\/div>\n<\/div>\n<\/div>\n<\/section>\n<\/div>\n","protected":false},"featured_media":93166,"comment_status":"open","ping_status":"closed","template":"","format":[206],"meta":{"_acf_changed":false},"product_brand":[],"product_cat":[17017],"product_tag":[16421],"flavours":[190],"nicotine":[214,232],"class_list":{"0":"post-93157","1":"product","2":"type-product","3":"status-publish","4":"has-post-thumbnail","6":"product_cat-lind","7":"product_tag-new","8":"pa_quantity-1-pack","9":"pa_quantity-10-pack","10":"pa_quantity-3-pack","11":"pa_quantity-30-pack","12":"pa_quantity-5-pack","13":"pa_quantity-60-pack","14":"flavours-citrus","15":"format-slim","16":"nicotine-17-mg-g","17":"nicotine-extra-strong","19":"first","20":"instock","21":"sale","22":"taxable","23":"shipping-taxable","24":"purchasable","25":"product-type-variable"},"acf":[],"_links":{"self":[{"href":"https:\/\/whitelip.com\/sk\/wp-json\/wp\/v2\/product\/93157","targetHints":{"allow":["GET"]}}],"collection":[{"href":"https:\/\/whitelip.com\/sk\/wp-json\/wp\/v2\/product"}],"about":[{"href":"https:\/\/whitelip.com\/sk\/wp-json\/wp\/v2\/types\/product"}],"replies":[{"embeddable":true,"href":"https:\/\/whitelip.com\/sk\/wp-json\/wp\/v2\/comments?post=93157"}],"wp:featuredmedia":[{"embeddable":true,"href":"https:\/\/whitelip.com\/sk\/wp-json\/wp\/v2\/media\/93166"}],"wp:attachment":[{"href":"https:\/\/whitelip.com\/sk\/wp-json\/wp\/v2\/media?parent=93157"}],"wp:term":[{"taxonomy":"product_brand","embeddable":true,"href":"https:\/\/whitelip.com\/sk\/wp-json\/wp\/v2\/product_brand?post=93157"},{"taxonomy":"product_cat","embeddable":true,"href":"https:\/\/whitelip.com\/sk\/wp-json\/wp\/v2\/product_cat?post=93157"},{"taxonomy":"product_tag","embeddable":true,"href":"https:\/\/whitelip.com\/sk\/wp-json\/wp\/v2\/product_tag?post=93157"},{"taxonomy":"flavours","embeddable":true,"href":"https:\/\/whitelip.com\/sk\/wp-json\/wp\/v2\/flavours?post=93157"},{"taxonomy":"format","embeddable":true,"href":"https:\/\/whitelip.com\/sk\/wp-json\/wp\/v2\/format?post=93157"},{"taxonomy":"nicotine","embeddable":true,"href":"https:\/\/whitelip.com\/sk\/wp-json\/wp\/v2\/nicotine?post=93157"}],"curies":[{"name":"wp","href":"https:\/\/api.w.org\/{rel}","templated":true}]}}