{"id":93147,"date":"2026-04-02T13:08:44","date_gmt":"2026-04-02T13:08:44","guid":{"rendered":"https:\/\/whitelip.com\/?post_type=product&#038;p=93147"},"modified":"2026-04-11T00:34:01","modified_gmt":"2026-04-11T00:34:01","slug":"lind-banana-slim","status":"publish","type":"product","link":"https:\/\/whitelip.com\/sk\/lind\/lind-banana-slim\/","title":{"rendered":"Lind Banana Slim"},"content":{"rendered":"<h2>Lind Banana Slim<\/h2>\n<p data-start=\"30\" data-end=\"190\">Lind Banana Slim obsahuje 5 mg nik\u00f3tinu na vrec\u00fa\u0161ko a m\u00e1 chut' ban\u00e1nu. Chut' je zalo\u017een\u00e1 na ban\u00e1ne so sladkou a hladkou povahou.<\/p>\n<p data-start=\"192\" data-end=\"395\">Ka\u017ed\u00e9 vrec\u00fa\u0161ko v\u00e1\u017ei 0,5 gramu a je navrhnut\u00e9 na poskytnutie konzistentn\u00e9ho uvo\u013e\u0148ovania chuti a nik\u00f3tinu po\u010das pou\u017e\u00edvania. Koncentr\u00e1cia nik\u00f3tinu je 100 mg na gram, \u010do zodpoved\u00e1 5 mg nik\u00f3tinu na vrec\u00fa\u0161ko.<\/p>\n<p data-start=\"397\" data-end=\"581\">Ka\u017ed\u00e1 plechovka obsahuje 20 vrec\u00fa\u0161ok s celkovou \u010distou hmotnos\u0165ou 10 gramov. Form\u00e1t Slim vrec\u00fa\u0161ka je vyvinut\u00fd pre rovnomerne umiestnenie pod pery a kontrolovan\u00e9 dod\u00e1vanie chuti a nik\u00f3tinu.<\/p>\n<table>\n<tbody>\n<tr>\n<td><b>Atrib\u00fat<\/b><\/td>\n<td><b>Podrobnosti<\/b><\/td>\n<\/tr>\n<tr>\n<td><b>Obsah na plechovku<\/b><\/td>\n<td><span style=\"font-weight: 400;\">10 g (20 vrec\u00fa\u0161ok)<\/span><\/td>\n<\/tr>\n<tr>\n<td><b>Obsah nikot\u00ednu<\/b><\/td>\n<td><span style=\"font-weight: 400;\">100 mg\/g (5 mg na vrec\u00fa\u0161ko)<\/span><\/td>\n<\/tr>\n<tr>\n<td><b>Form\u00e1t vrecka<\/b><\/td>\n<td><span style=\"font-weight: 400;\">Slim<\/span><\/td>\n<\/tr>\n<tr>\n<td><b>V\u00fdrobca<\/b><\/td>\n<td><span style=\"font-weight: 400;\">HS Factory Sweden AB<\/span><\/td>\n<\/tr>\n<tr>\n<td><b>Pr\u00edchu\u0165<\/b><\/td>\n<td><span style=\"font-weight: 400;\">Ban\u00e1n<\/span><\/td>\n<\/tr>\n<tr>\n<td><b>Typ<\/b><\/td>\n<td><span style=\"font-weight: 400;\">Celobiele vrecko<\/span><\/td>\n<\/tr>\n<\/tbody>\n<\/table>","protected":false},"excerpt":{"rendered":"<p>Lind Banana Slim obsahuje <strong data-start=\"646\" data-end=\"663\">5 mg nikot\u00ednu<\/strong> na vrec\u00fa\u0161ko s <strong>ban\u00e1n<\/strong> chut'ou. Ka\u017ed\u00e1 plechovka obsahuje 20 <strong data-start=\"725\" data-end=\"733\">Slim<\/strong> vrec\u00fa\u0161ok s hmotnos\u0165ou 0,5 gramu ka\u017ed\u00e9, s celkovou \u010distou hmotnos\u0165ou 10 gramov.<\/p>","protected":false},"featured_media":93156,"comment_status":"open","ping_status":"closed","template":"","format":[206],"meta":{"_acf_changed":false},"product_brand":[],"product_cat":[17017],"product_tag":[16421],"flavours":[196],"nicotine":[207,236],"class_list":{"0":"post-93147","1":"product","2":"type-product","3":"status-publish","4":"has-post-thumbnail","6":"product_cat-lind","7":"product_tag-new","8":"pa_quantity-1-pack","9":"pa_quantity-10-pack","10":"pa_quantity-3-pack","11":"pa_quantity-30-pack","12":"pa_quantity-5-pack","13":"pa_quantity-60-pack","14":"flavours-fruits-berries","15":"format-slim","16":"nicotine-10-mg-g","17":"nicotine-strong","19":"first","20":"instock","21":"sale","22":"taxable","23":"shipping-taxable","24":"purchasable","25":"product-type-variable"},"acf":[],"_links":{"self":[{"href":"https:\/\/whitelip.com\/sk\/wp-json\/wp\/v2\/product\/93147","targetHints":{"allow":["GET"]}}],"collection":[{"href":"https:\/\/whitelip.com\/sk\/wp-json\/wp\/v2\/product"}],"about":[{"href":"https:\/\/whitelip.com\/sk\/wp-json\/wp\/v2\/types\/product"}],"replies":[{"embeddable":true,"href":"https:\/\/whitelip.com\/sk\/wp-json\/wp\/v2\/comments?post=93147"}],"wp:featuredmedia":[{"embeddable":true,"href":"https:\/\/whitelip.com\/sk\/wp-json\/wp\/v2\/media\/93156"}],"wp:attachment":[{"href":"https:\/\/whitelip.com\/sk\/wp-json\/wp\/v2\/media?parent=93147"}],"wp:term":[{"taxonomy":"product_brand","embeddable":true,"href":"https:\/\/whitelip.com\/sk\/wp-json\/wp\/v2\/product_brand?post=93147"},{"taxonomy":"product_cat","embeddable":true,"href":"https:\/\/whitelip.com\/sk\/wp-json\/wp\/v2\/product_cat?post=93147"},{"taxonomy":"product_tag","embeddable":true,"href":"https:\/\/whitelip.com\/sk\/wp-json\/wp\/v2\/product_tag?post=93147"},{"taxonomy":"flavours","embeddable":true,"href":"https:\/\/whitelip.com\/sk\/wp-json\/wp\/v2\/flavours?post=93147"},{"taxonomy":"format","embeddable":true,"href":"https:\/\/whitelip.com\/sk\/wp-json\/wp\/v2\/format?post=93147"},{"taxonomy":"nicotine","embeddable":true,"href":"https:\/\/whitelip.com\/sk\/wp-json\/wp\/v2\/nicotine?post=93147"}],"curies":[{"name":"wp","href":"https:\/\/api.w.org\/{rel}","templated":true}]}}