{"id":93131,"date":"2026-04-02T12:34:56","date_gmt":"2026-04-02T12:34:56","guid":{"rendered":"https:\/\/whitelip.com\/?post_type=product&#038;p=93131"},"modified":"2026-05-07T11:05:45","modified_gmt":"2026-05-07T11:05:45","slug":"greatest-wasted-mango-strong","status":"publish","type":"product","link":"https:\/\/whitelip.com\/sk\/greatest\/greatest-wasted-mango-strong\/","title":{"rendered":"GREATEST Wasted Mango Strong"},"content":{"rendered":"<h1 data-section-id=\"yk2pjq\" data-start=\"273\" data-end=\"332\"><strong>Greatest Wasted Mango Strong<\/strong><\/h1>\n<p data-start=\"334\" data-end=\"640\">Greatest Wasted Mango Strong je biely produkty snus od zna\u010dky Greatest, ktor\u00fd vyr\u00e1baj\u00fa Premium Pouch Global OY. Produkt patr\u00ed do kateg\u00f3rie nik\u00f3tinov\u00fdch vrec\u00fa\u0161ok a obsahuje nikot\u00edn, ale nie tab\u00e1k. Vrec\u00fa\u0161ka s\u00fa \u00faplne biela a s\u00fa navrhnut\u00e1 v tenkom form\u00e1te, \u010do znamen\u00e1 u\u017e\u0161\u00ed profil v porovnan\u00ed s tradi\u010dn\u00fdm snusom. Produkt je klasifikovan\u00fd ako siln\u00fd na z\u00e1klade svojho obsahu nikot\u00ednu.<\/p>\n<h2 data-section-id=\"1ufkwb7\" data-start=\"642\" data-end=\"660\">Pr\u00edchu\u0165 a sila<\/h2>\n<p data-start=\"662\" data-end=\"875\">Tento biely snus m\u00e1 mangov\u00fd profil chuti. Pr\u00edchu\u0165 patr\u00ed do segmentu nik\u00f3tinov\u00fdch vrec\u00fa\u0161ok na b\u00e1ze ovocia a l\u00ed\u0161i sa od klasick\u00fdch mintov\u00fdch a bobu\u013eov\u00fdch alternat\u00edv. Ka\u017ed\u00e9 vrec\u00fa\u0161ko obsahuje pribli\u017ene 12 mg nikot\u00ednu, \u010do zodpoved\u00e1 1,67 %. Produkt je preto klasifikovan\u00fd ako siln\u00fd v r\u00e1mci segmentu nik\u00f3tinov\u00fdch vrec\u00fa\u0161ok.<\/p>\n<h2 data-section-id=\"1u8puf8\" data-start=\"877\" data-end=\"894\">Form\u00e1t vrecka<\/h2>\n<p data-start=\"896\" data-end=\"1085\">Greatest Wasted Mango Strong sa dod\u00e1va vo form\u00e1te Slim. To znamen\u00e1, \u017ee vrec\u00fa\u0161ka s\u00fa u\u017e\u0161ie a navrhnut\u00e9 na diskr\u00e9tne umiestnenie pod pery. Form\u00e1t Slim sa be\u017ene pou\u017e\u00edva v bielych snus produktoch a modern\u00fdch nik\u00f3tinov\u00fdch vrec\u00fa\u0161kach.<\/p>\n<h2 data-section-id=\"14a1xfx\" data-start=\"1087\" data-end=\"1105\">O zna\u010dke Greatest snus<\/h2>\n<p data-start=\"1107\" data-end=\"1335\">Greatest je f\u00ednska zna\u010dka v kateg\u00f3rii nik\u00f3tinov\u00fdch vrec\u00fa\u0161ok. Produkty sa vyzna\u010duj\u00fa \u010disto bielymi vrec\u00fa\u0161kami v diskr\u00e9tnych form\u00e1toch a vyr\u00e1baj\u00fa ich Premium Pouch Global OY. Sortiment obsahuje nieko\u013eko chut\u00ed a pevnost\u00ed v kateg\u00f3rii bieleho snusu.<\/p>\n<table style=\"height: 235px;\" width=\"383\">\n<tbody>\n<tr>\n<td><b>Atrib\u00fat<\/b><\/td>\n<td><b>Podrobnosti<\/b><\/td>\n<\/tr>\n<tr>\n<td><strong>Zna\u010dka<\/strong><\/td>\n<td><a href=\"https:\/\/whitelip.com\/sk\/greatest\/\"><em><strong>Najv\u00e4\u010d\u0161\u00ed<\/strong><\/em><\/a><\/td>\n<\/tr>\n<tr>\n<td><b>Form\u00e1t vrecka<\/b><\/td>\n<td><em><strong><a href=\"https:\/\/whitelip.com\/sk\/format\/slim\/\">Slim<\/a><\/strong><\/em><\/td>\n<\/tr>\n<tr>\n<td><b>Sila\u00a0<\/b><\/td>\n<td><a href=\"https:\/\/whitelip.com\/sk\/nicotine\/strong\/\"><em><strong>Siln\u00fd<\/strong><\/em><\/a><\/td>\n<\/tr>\n<tr>\n<td><b>V\u00fdrobca<\/b><\/td>\n<td><a href=\"https:\/\/whitelip.com\/sk\/greatest\/\"><em><strong>Premium Pouch Global OY<\/strong><\/em><\/a><\/td>\n<\/tr>\n<tr>\n<td><b>Pr\u00edchu\u0165<\/b><\/td>\n<td><span style=\"font-weight: 400;\">Mango<\/span><\/td>\n<\/tr>\n<tr>\n<td><b>Obsah nikot\u00ednu<\/b><\/td>\n<td><b><span style=\"font-weight: 400;\">\u00a012 mg na vrecko<\/span><\/b><\/td>\n<\/tr>\n<tr>\n<td><b>Obsah na plechovku<\/b><\/td>\n<td><span style=\"font-weight: 400;\">14 g (20 vrec\u00fa\u0161ok)<\/span><\/td>\n<\/tr>\n<tr>\n<td><b>Kateg\u00f3ria<\/b><\/td>\n<td><a href=\"https:\/\/whitelip.com\/sk\/snus\/\"><b><i>Nikot\u00ednov\u00e9 vreck\u00e1<\/i><\/b><\/a><\/td>\n<\/tr>\n<tr>\n<td><b>Typ\u00a0<\/b><\/td>\n<td><b><span style=\"font-weight: 400;\">Celobiele vrecko<\/span><\/b><\/td>\n<\/tr>\n<\/tbody>\n<\/table>\n<p>&nbsp;<\/p>","protected":false},"excerpt":{"rendered":"<p>Greatest Wasted Mango Strong je tenk\u00e9 biele nik\u00f3tinov\u00e9 vrec\u00fa\u0161ko s mangovou pr\u00edchu\u0165ou.<\/p>","protected":false},"featured_media":93138,"comment_status":"open","ping_status":"closed","template":"","format":[206],"meta":{"_acf_changed":false},"product_brand":[],"product_cat":[87],"product_tag":[16561],"flavours":[196],"nicotine":[213,232],"class_list":{"0":"post-93131","1":"product","2":"type-product","3":"status-publish","4":"has-post-thumbnail","6":"product_cat-greatest","7":"product_tag-12-mg-pouch","8":"pa_quantity-1-pack","9":"pa_quantity-10-pack","10":"pa_quantity-3-pack","11":"pa_quantity-30-pack","12":"pa_quantity-5-pack","13":"pa_quantity-60-pack","14":"flavours-fruits-berries","15":"format-slim","16":"nicotine-16-mg-g","17":"nicotine-extra-strong","19":"first","20":"outofstock","21":"taxable","22":"shipping-taxable","23":"purchasable","24":"product-type-variable"},"acf":[],"_links":{"self":[{"href":"https:\/\/whitelip.com\/sk\/wp-json\/wp\/v2\/product\/93131","targetHints":{"allow":["GET"]}}],"collection":[{"href":"https:\/\/whitelip.com\/sk\/wp-json\/wp\/v2\/product"}],"about":[{"href":"https:\/\/whitelip.com\/sk\/wp-json\/wp\/v2\/types\/product"}],"replies":[{"embeddable":true,"href":"https:\/\/whitelip.com\/sk\/wp-json\/wp\/v2\/comments?post=93131"}],"wp:featuredmedia":[{"embeddable":true,"href":"https:\/\/whitelip.com\/sk\/wp-json\/wp\/v2\/media\/93138"}],"wp:attachment":[{"href":"https:\/\/whitelip.com\/sk\/wp-json\/wp\/v2\/media?parent=93131"}],"wp:term":[{"taxonomy":"product_brand","embeddable":true,"href":"https:\/\/whitelip.com\/sk\/wp-json\/wp\/v2\/product_brand?post=93131"},{"taxonomy":"product_cat","embeddable":true,"href":"https:\/\/whitelip.com\/sk\/wp-json\/wp\/v2\/product_cat?post=93131"},{"taxonomy":"product_tag","embeddable":true,"href":"https:\/\/whitelip.com\/sk\/wp-json\/wp\/v2\/product_tag?post=93131"},{"taxonomy":"flavours","embeddable":true,"href":"https:\/\/whitelip.com\/sk\/wp-json\/wp\/v2\/flavours?post=93131"},{"taxonomy":"format","embeddable":true,"href":"https:\/\/whitelip.com\/sk\/wp-json\/wp\/v2\/format?post=93131"},{"taxonomy":"nicotine","embeddable":true,"href":"https:\/\/whitelip.com\/sk\/wp-json\/wp\/v2\/nicotine?post=93131"}],"curies":[{"name":"wp","href":"https:\/\/api.w.org\/{rel}","templated":true}]}}