{"id":92507,"date":"2026-03-27T10:49:12","date_gmt":"2026-03-27T10:49:12","guid":{"rendered":"https:\/\/whitelip.com\/?post_type=product&#038;p=92507"},"modified":"2026-04-22T11:54:29","modified_gmt":"2026-04-22T11:54:29","slug":"killa-cold-x-mint-exp-26-05-15","status":"publish","type":"product","link":"https:\/\/whitelip.com\/sk\/killa\/killa-cold-x-mint-exp-26-05-15\/","title":{"rendered":"KILLA Cold X Mint Exp.26\/05\/15"},"content":{"rendered":"<h2><b>KILLA Cold X Mint<\/b><\/h2>\n<p><span style=\"font-weight: 400;\">Nikot\u00ednov\u00e9 vrec\u00fa\u0161ka KILLA Cold X Mint pon\u00fakaj\u00fa siln\u00fd a povzbudzuj\u00faci z\u00e1\u017eitok, ktor\u00fd kombinuje svie\u017eu m\u00e4tov\u00fa pr\u00edchu\u0165 so siln\u00fdm nikot\u00ednov\u00fdm n\u00e1bojom. Tieto vrec\u00fa\u0161ka bez tabaku a tenk\u00e9ho form\u00e1tu s\u00fa navrhnut\u00e9 na diskr\u00e9tne a pohodln\u00e9 pou\u017e\u00edvanie a poskytuj\u00fa osvie\u017euj\u00faci pocit ide\u00e1lny pre pou\u017e\u00edvate\u013eov, ktor\u00ed h\u013eadaj\u00fa siln\u00fa a povzbudzuj\u00facu mo\u017enos\u0165. \u013dadov\u00e1 zmes m\u00e4ty a mentolu prin\u00e1\u0161a okam\u017eit\u00fd chladiv\u00fd \u00fa\u010dinok, v\u010faka \u010domu je KILLA Cold X Mint ob\u013e\u00fabenou vo\u013ebou medzi t\u00fdmi, ktor\u00ed oce\u0148uj\u00fa intenz\u00edvne m\u00e4tov\u00e9 pr\u00edchute.<\/span><\/p>\n<table>\n<tbody>\n<tr>\n<td><b>Atrib\u00fat<\/b><\/td>\n<td><b>Podrobnosti<\/b><\/td>\n<\/tr>\n<tr>\n<td><span style=\"font-weight: 400;\">Obsah na plechovku<\/span><\/td>\n<td><span style=\"font-weight: 400;\">16 g (20 vrec\u00fa\u0161ok)<\/span><\/td>\n<\/tr>\n<tr>\n<td><span style=\"font-weight: 400;\">Obsah nikot\u00ednu<\/span><\/td>\n<td><span style=\"font-weight: 400;\">16 mg\/g (12,8 mg na vrecko)<\/span><\/td>\n<\/tr>\n<tr>\n<td><span style=\"font-weight: 400;\">Form\u00e1t vrecka<\/span><\/td>\n<td><span style=\"font-weight: 400;\">Slim<\/span><\/td>\n<\/tr>\n<tr>\n<td><span style=\"font-weight: 400;\">V\u00fdrobca<\/span><\/td>\n<td><span style=\"font-weight: 400;\">NGP Empire Sweden AB<\/span><\/td>\n<\/tr>\n<tr>\n<td><span style=\"font-weight: 400;\">Pr\u00edchu\u0165<\/span><\/td>\n<td><span style=\"font-weight: 400;\">\u013dadov\u00e1 m\u00e4ta, mentol<\/span><\/td>\n<\/tr>\n<tr>\n<td><span style=\"font-weight: 400;\">Typ<\/span><\/td>\n<td><span style=\"font-weight: 400;\">Celobiele vrecko, bez tabaku<\/span><\/td>\n<\/tr>\n<\/tbody>\n<\/table>","protected":false},"excerpt":{"rendered":"<p>Siln\u00fd, povzbudzuj\u00faci <strong data-start=\"21\" data-end=\"36\">M\u00e4ta Cold X<\/strong> s \u010derstvou m\u00e4tou a \u013eadov\u00fdm mentolov\u00fdm chladom. <strong data-start=\"79\" data-end=\"87\">Slim<\/strong>, vrec\u00fa\u0161ka bez tabaku sa diskr\u00e9tne vkladaj\u00fa pod pery, aby sa dali \u010disto a pohodlne pou\u017e\u00edva\u0165. Ka\u017ed\u00e9 vrecko obsahuje <strong data-start=\"186\" data-end=\"206\">12,8 mg nikot\u00ednu<\/strong>, ktor\u00fd dod\u00e1va siln\u00fd, revitaliza\u010dn\u00fd impulz.<\/p>","protected":false},"featured_media":8219,"comment_status":"open","ping_status":"closed","template":"","format":[],"meta":{"_acf_changed":false},"product_brand":[],"product_cat":[64],"product_tag":[16676,16519],"flavours":[],"nicotine":[],"class_list":{"0":"post-92507","1":"product","2":"type-product","3":"status-publish","4":"has-post-thumbnail","6":"product_cat-killa","7":"product_tag-12-8-mg-pouch","8":"product_tag-25-off","9":"pa_quantity-1-pack","10":"pa_quantity-10-pack","11":"pa_quantity-3-pack","12":"pa_quantity-30-pack","13":"pa_quantity-5-pack","14":"pa_quantity-60-pack","16":"first","17":"instock","18":"sale","19":"taxable","20":"shipping-taxable","21":"purchasable","22":"product-type-variable"},"acf":[],"_links":{"self":[{"href":"https:\/\/whitelip.com\/sk\/wp-json\/wp\/v2\/product\/92507","targetHints":{"allow":["GET"]}}],"collection":[{"href":"https:\/\/whitelip.com\/sk\/wp-json\/wp\/v2\/product"}],"about":[{"href":"https:\/\/whitelip.com\/sk\/wp-json\/wp\/v2\/types\/product"}],"replies":[{"embeddable":true,"href":"https:\/\/whitelip.com\/sk\/wp-json\/wp\/v2\/comments?post=92507"}],"wp:featuredmedia":[{"embeddable":true,"href":"https:\/\/whitelip.com\/sk\/wp-json\/wp\/v2\/media\/8219"}],"wp:attachment":[{"href":"https:\/\/whitelip.com\/sk\/wp-json\/wp\/v2\/media?parent=92507"}],"wp:term":[{"taxonomy":"product_brand","embeddable":true,"href":"https:\/\/whitelip.com\/sk\/wp-json\/wp\/v2\/product_brand?post=92507"},{"taxonomy":"product_cat","embeddable":true,"href":"https:\/\/whitelip.com\/sk\/wp-json\/wp\/v2\/product_cat?post=92507"},{"taxonomy":"product_tag","embeddable":true,"href":"https:\/\/whitelip.com\/sk\/wp-json\/wp\/v2\/product_tag?post=92507"},{"taxonomy":"flavours","embeddable":true,"href":"https:\/\/whitelip.com\/sk\/wp-json\/wp\/v2\/flavours?post=92507"},{"taxonomy":"format","embeddable":true,"href":"https:\/\/whitelip.com\/sk\/wp-json\/wp\/v2\/format?post=92507"},{"taxonomy":"nicotine","embeddable":true,"href":"https:\/\/whitelip.com\/sk\/wp-json\/wp\/v2\/nicotine?post=92507"}],"curies":[{"name":"wp","href":"https:\/\/api.w.org\/{rel}","templated":true}]}}