{"id":86331,"date":"2026-03-02T09:06:36","date_gmt":"2026-03-02T09:06:36","guid":{"rendered":"https:\/\/whitelip.com\/?post_type=product&#038;p=86331"},"modified":"2026-05-11T10:11:56","modified_gmt":"2026-05-11T10:11:56","slug":"greatest-cold-dry-easy","status":"publish","type":"product","link":"https:\/\/whitelip.com\/sk\/greatest\/greatest-cold-dry-easy\/","title":{"rendered":"GREATEST Cold Dry Easy"},"content":{"rendered":"<h2>GREATEST Cold Dry Easy<\/h2>\n<p data-start=\"30\" data-end=\"259\">Greatest Cold Dry Easy Mint Slim obsahuje 4 mg nikot\u00ednu v jednom vrec\u00fa\u0161ku a vyr\u00e1ba sa v tenkom form\u00e1te s m\u00e4tovou pr\u00edchu\u0165ou. V\u00fdrobok vyr\u00e1ba spolo\u010dnos\u0165 Premium Pouch OY a ka\u017ed\u00e1 plechovka obsahuje 20 vrec\u00fa\u0161ok. Chu\u0165ov\u00fd profil je m\u00e4tov\u00fd s v\u00fdrazne chladiv\u00fdm charakterom. Form\u00e1t Slim pozost\u00e1va z u\u017e\u0161\u00edch vrec\u00fa\u0161ok navrhnut\u00fdch tak, aby rovnomerne sedeli pod perou. Kon\u0161trukcia m\u00e1 such\u0161\u00ed povrch, \u010do prispieva ku kontrolovan\u00e9mu a postupn\u00e9mu uvo\u013e\u0148ovaniu chuti a nikot\u00ednu v priebehu \u010dasu. Ka\u017ed\u00fd vrec\u00fa\u0161ko v\u00e1\u017ei 0,5 gramu. Obsah nikot\u00ednu je 0,80%, \u010do zodpoved\u00e1 4 mg nikot\u00ednu na vrec\u00fa\u0161ko a celkovo pribli\u017ene 80 mg nikot\u00ednu na plechovku. Such\u00e1 kon\u0161trukcia vrec\u00fa\u0161ka zni\u017euje po\u010diato\u010dn\u00fa vlhkos\u0165 a umo\u017e\u0148uje konzistentnej\u0161ie uvo\u013e\u0148ovanie v porovnan\u00ed s vlh\u0161\u00edmi form\u00e1tmi. Kombin\u00e1cia m\u00e4tovej pr\u00edchute, form\u00e1tu Slim a n\u00edzkej sily nikot\u00ednu je vhodn\u00e1 pre pou\u017e\u00edvate\u013eov, ktor\u00ed h\u013eadaj\u00fa miernu hladinu nikot\u00ednu s kontrolovan\u00fdm dod\u00e1van\u00edm.<\/p>\n<table>\n<tbody>\n<tr>\n<td><b>Atrib\u00fat<\/b><\/td>\n<td><b>Podrobnosti<\/b><\/td>\n<\/tr>\n<tr>\n<td><b>Obsah na plechovku<\/b><\/td>\n<td><span style=\"font-weight: 400;\">10 g (20 vrec\u00fa\u0161ok)<\/span><\/td>\n<\/tr>\n<tr>\n<td><b>Obsah nikot\u00ednu<\/b><\/td>\n<td><span style=\"font-weight: 400;\">4 mg na vrecko<\/span><\/td>\n<\/tr>\n<tr>\n<td><b>Form\u00e1t vrecka<\/b><\/td>\n<td><span style=\"font-weight: 400;\">Slim<\/span><\/td>\n<\/tr>\n<tr>\n<td><b>V\u00fdrobca<\/b><\/td>\n<td><span style=\"font-weight: 400;\">Premium Pouch Finland Oy<\/span><\/td>\n<\/tr>\n<tr>\n<td><b>Pr\u00edchu\u0165<\/b><\/td>\n<td><span style=\"font-weight: 400;\">M\u00e4ta<\/span><\/td>\n<\/tr>\n<tr>\n<td><b>Typ<\/b><\/td>\n<td><span style=\"font-weight: 400;\">Celobiele vrecko<\/span><\/td>\n<\/tr>\n<\/tbody>\n<\/table>","protected":false},"excerpt":{"rendered":"<p>Najv\u00e4\u010d\u0161ie studen\u00e9 such\u00e9 \u013eahko <strong data-start=\"1108\" data-end=\"1121\">M\u00e4ta Slim<\/strong> obsahuje <strong data-start=\"1131\" data-end=\"1148\">4 mg nikot\u00ednu<\/strong> na vrecko s m\u00e4tovou pr\u00edchu\u0165ou a n\u00edzkou klasifik\u00e1ciou sily. Ka\u017ed\u00e1 plechovka obsahuje 20 vrec\u00fa\u0161ok s hmotnos\u0165ou 0,5 gramu. Such\u00fd <strong data-start=\"1273\" data-end=\"1281\">Slim<\/strong> poskytuje kontrolovan\u00e9 a postupn\u00e9 uvo\u013e\u0148ovanie nikot\u00ednu.<\/p>","protected":false},"featured_media":86376,"comment_status":"open","ping_status":"closed","template":"","format":[206],"meta":{"_acf_changed":false},"product_brand":[],"product_cat":[87],"product_tag":[16585],"flavours":[199],"nicotine":[230,236],"class_list":{"0":"post-86331","1":"product","2":"type-product","3":"status-publish","4":"has-post-thumbnail","6":"product_cat-greatest","7":"product_tag-4-mg-pouch","8":"pa_quantity-1-pack","9":"pa_quantity-10-pack","10":"pa_quantity-3-pack","11":"pa_quantity-30-pack","12":"pa_quantity-5-pack","13":"pa_quantity-60-pack","14":"flavours-mint","15":"format-slim","16":"nicotine-8-mg-g","17":"nicotine-strong","19":"first","20":"instock","21":"taxable","22":"shipping-taxable","23":"purchasable","24":"product-type-variable"},"acf":[],"_links":{"self":[{"href":"https:\/\/whitelip.com\/sk\/wp-json\/wp\/v2\/product\/86331","targetHints":{"allow":["GET"]}}],"collection":[{"href":"https:\/\/whitelip.com\/sk\/wp-json\/wp\/v2\/product"}],"about":[{"href":"https:\/\/whitelip.com\/sk\/wp-json\/wp\/v2\/types\/product"}],"replies":[{"embeddable":true,"href":"https:\/\/whitelip.com\/sk\/wp-json\/wp\/v2\/comments?post=86331"}],"wp:featuredmedia":[{"embeddable":true,"href":"https:\/\/whitelip.com\/sk\/wp-json\/wp\/v2\/media\/86376"}],"wp:attachment":[{"href":"https:\/\/whitelip.com\/sk\/wp-json\/wp\/v2\/media?parent=86331"}],"wp:term":[{"taxonomy":"product_brand","embeddable":true,"href":"https:\/\/whitelip.com\/sk\/wp-json\/wp\/v2\/product_brand?post=86331"},{"taxonomy":"product_cat","embeddable":true,"href":"https:\/\/whitelip.com\/sk\/wp-json\/wp\/v2\/product_cat?post=86331"},{"taxonomy":"product_tag","embeddable":true,"href":"https:\/\/whitelip.com\/sk\/wp-json\/wp\/v2\/product_tag?post=86331"},{"taxonomy":"flavours","embeddable":true,"href":"https:\/\/whitelip.com\/sk\/wp-json\/wp\/v2\/flavours?post=86331"},{"taxonomy":"format","embeddable":true,"href":"https:\/\/whitelip.com\/sk\/wp-json\/wp\/v2\/format?post=86331"},{"taxonomy":"nicotine","embeddable":true,"href":"https:\/\/whitelip.com\/sk\/wp-json\/wp\/v2\/nicotine?post=86331"}],"curies":[{"name":"wp","href":"https:\/\/api.w.org\/{rel}","templated":true}]}}