{"id":8578,"date":"2024-11-28T12:48:31","date_gmt":"2024-11-28T12:48:31","guid":{"rendered":"https:\/\/whitelip.com\/greatest-cold-dry-16mg\/"},"modified":"2026-04-28T10:11:21","modified_gmt":"2026-04-28T10:11:21","slug":"greatest-cold-dry-16mg","status":"publish","type":"product","link":"https:\/\/whitelip.com\/sk\/greatest\/greatest-cold-dry-16mg\/","title":{"rendered":"GREATEST Cold Dry 16mg"},"content":{"rendered":"<h2><b>GREATEST Cold Dry 16mg<\/b><\/h2>\n<p><span style=\"font-weight: 400;\">Vrec\u00fa\u0161ka GREATEST Cold Dry 16 mg nikot\u00ednu pon\u00fakaj\u00fa osvie\u017euj\u00facu m\u00e4tov\u00fa pr\u00edchu\u0165 v kombin\u00e1cii so silou nikot\u00ednu 16 mg na gram, \u010do predstavuje pribli\u017ene 12 mg na vrec\u00fa\u0161ko. Ka\u017ed\u00e1 plechovka obsahuje 20 vrec\u00fa\u0161ok tenk\u00e9ho form\u00e1tu, ktor\u00e9 s\u00fa ur\u010den\u00e9 na diskr\u00e9tne pou\u017e\u00edvanie bez zafarbenia zubov. Tieto vrec\u00fa\u0161ka, ktor\u00e9 vyr\u00e1ba f\u00ednsky v\u00fdrobca Puff &amp; Pouch, zn\u00e1my kombin\u00e1ciou modern\u00fdch met\u00f3d s tradi\u010dnou kvalitou, s\u00fa pr\u00edkladom vysok\u00fdch \u0161tandardov a inovat\u00edvnych kombin\u00e1ci\u00ed chut\u00ed.<\/span><\/p>\n<table>\n<tbody>\n<tr>\n<td><b>Atrib\u00fat<\/b><\/td>\n<td><b>Podrobnosti<\/b><\/td>\n<\/tr>\n<tr>\n<td><b>Obsah na plechovku<\/b><\/td>\n<td><span style=\"font-weight: 400;\">12 g (20 vrec\u00fa\u0161ok)<\/span><\/td>\n<\/tr>\n<tr>\n<td><b>Obsah nikot\u00ednu<\/b><\/td>\n<td><span style=\"font-weight: 400;\">16 mg\/g (12 mg na vrecko)<\/span><\/td>\n<\/tr>\n<tr>\n<td><b>Form\u00e1t vrecka<\/b><\/td>\n<td><span style=\"font-weight: 400;\">Slim<\/span><\/td>\n<\/tr>\n<tr>\n<td><b>V\u00fdrobca<\/b><\/td>\n<td><span style=\"font-weight: 400;\">Puff &amp; Pouch<\/span><\/td>\n<\/tr>\n<tr>\n<td><b>Pr\u00edchu\u0165<\/b><\/td>\n<td><span style=\"font-weight: 400;\">M\u00e4ta<\/span><\/td>\n<\/tr>\n<tr>\n<td><b>Typ<\/b><\/td>\n<td><span style=\"font-weight: 400;\">Celobiele vrecko<\/span><\/td>\n<\/tr>\n<\/tbody>\n<\/table>","protected":false},"excerpt":{"rendered":"<p>Osvie\u017euj\u00face <strong data-start=\"11\" data-end=\"19\">m\u00e4ta<\/strong> s \u010dist\u00fdm, chladiv\u00fdm profilom. <strong data-start=\"51\" data-end=\"59\">Slim<\/strong>, \u00faplne biele vrec\u00fa\u0161ka navrhnut\u00e9 na diskr\u00e9tne pou\u017eitie bez zafarbenia zubov; 20 kusov v plechovke. Ka\u017ed\u00e9 vrecko obsahuje <strong data-start=\"161\" data-end=\"179\">12 mg nikot\u00ednu<\/strong> (16 mg\/g), ktor\u00fd poskytuje stabiln\u00fd a uspokojiv\u00fd kopanec. Vyr\u00e1ba spolo\u010dnos\u0165 Puff &amp; Pouch (F\u00ednsko), ktor\u00e1 zaru\u010duje konzistentn\u00fa kvalitu.<\/p>","protected":false},"featured_media":8579,"comment_status":"open","ping_status":"closed","template":"","format":[206],"meta":{"_acf_changed":false},"product_brand":[],"product_cat":[87],"product_tag":[16561],"flavours":[199],"nicotine":[213,232],"class_list":{"0":"post-8578","1":"product","2":"type-product","3":"status-publish","4":"has-post-thumbnail","6":"product_cat-greatest","7":"product_tag-12-mg-pouch","8":"pa_quantity-1-pack","9":"pa_quantity-10-pack","10":"pa_quantity-3-pack","11":"pa_quantity-30-pack","12":"pa_quantity-5-pack","13":"pa_quantity-60-pack","14":"flavours-mint","15":"format-slim","16":"nicotine-16-mg-g","17":"nicotine-extra-strong","19":"first","20":"outofstock","21":"taxable","22":"shipping-taxable","23":"purchasable","24":"product-type-variable"},"acf":[],"_links":{"self":[{"href":"https:\/\/whitelip.com\/sk\/wp-json\/wp\/v2\/product\/8578","targetHints":{"allow":["GET"]}}],"collection":[{"href":"https:\/\/whitelip.com\/sk\/wp-json\/wp\/v2\/product"}],"about":[{"href":"https:\/\/whitelip.com\/sk\/wp-json\/wp\/v2\/types\/product"}],"replies":[{"embeddable":true,"href":"https:\/\/whitelip.com\/sk\/wp-json\/wp\/v2\/comments?post=8578"}],"wp:featuredmedia":[{"embeddable":true,"href":"https:\/\/whitelip.com\/sk\/wp-json\/wp\/v2\/media\/8579"}],"wp:attachment":[{"href":"https:\/\/whitelip.com\/sk\/wp-json\/wp\/v2\/media?parent=8578"}],"wp:term":[{"taxonomy":"product_brand","embeddable":true,"href":"https:\/\/whitelip.com\/sk\/wp-json\/wp\/v2\/product_brand?post=8578"},{"taxonomy":"product_cat","embeddable":true,"href":"https:\/\/whitelip.com\/sk\/wp-json\/wp\/v2\/product_cat?post=8578"},{"taxonomy":"product_tag","embeddable":true,"href":"https:\/\/whitelip.com\/sk\/wp-json\/wp\/v2\/product_tag?post=8578"},{"taxonomy":"flavours","embeddable":true,"href":"https:\/\/whitelip.com\/sk\/wp-json\/wp\/v2\/flavours?post=8578"},{"taxonomy":"format","embeddable":true,"href":"https:\/\/whitelip.com\/sk\/wp-json\/wp\/v2\/format?post=8578"},{"taxonomy":"nicotine","embeddable":true,"href":"https:\/\/whitelip.com\/sk\/wp-json\/wp\/v2\/nicotine?post=8578"}],"curies":[{"name":"wp","href":"https:\/\/api.w.org\/{rel}","templated":true}]}}