{"id":8560,"date":"2024-11-28T12:48:09","date_gmt":"2024-11-28T12:48:09","guid":{"rendered":"https:\/\/whitelip.com\/puff-pouch-freezy-citrus-12mg\/"},"modified":"2026-04-15T17:07:25","modified_gmt":"2026-04-15T17:07:25","slug":"puff-pouch-freezy-citrus-12mg","status":"publish","type":"product","link":"https:\/\/whitelip.com\/sk\/puff-pouch\/puff-pouch-freezy-citrus-12mg\/","title":{"rendered":"Puff &amp; Pouch Freezy Citrus 12 mg"},"content":{"rendered":"<h2><strong>Puff &amp; Pouch Freezy Citrus 12 mg<\/strong><\/h2>\n<p><span style=\"font-weight: 400;\">Puff &amp; Pouch Freezy Citrus 12 mg nikot\u00ednov\u00e9 vrec\u00fa\u0161ka prin\u00e1\u0161aj\u00fa pikantn\u00fa a osvie\u017euj\u00facu citrusov\u00fa pr\u00edchu\u0165 a pon\u00fakaj\u00fa odv\u00e1\u017eny a povzbudzuj\u00faci nikot\u00ednov\u00fd z\u00e1\u017eitok. Tieto tenk\u00e9 vrec\u00fa\u0161ka bez tabaku s\u00fa navrhnut\u00e9 na diskr\u00e9tne a pohodln\u00e9 pou\u017e\u00edvanie a dokonale sa zmestia pod pery. V\u010faka vy\u0161\u0161ej sile nikot\u00ednu je Puff &amp; Pouch Freezy Citrus 12 mg ide\u00e1lny pre pou\u017e\u00edvate\u013eov, ktor\u00ed maj\u00fa radi \u017eiv\u00fa a \u0161tip\u013eav\u00fa chu\u0165 spojen\u00fa s uspokojuj\u00facim nikot\u00ednov\u00fdm z\u00e1\u017eitkom.<\/span><\/p>\n<table>\n<tbody>\n<tr>\n<td><b>Atrib\u00fat<\/b><\/td>\n<td><b>Podrobnosti<\/b><\/td>\n<\/tr>\n<tr>\n<td><span style=\"font-weight: 400;\">Obsah na plechovku<\/span><\/td>\n<td><span style=\"font-weight: 400;\">10 g (20 vrec\u00fa\u0161ok)<\/span><\/td>\n<\/tr>\n<tr>\n<td><span style=\"font-weight: 400;\">Obsah nikot\u00ednu<\/span><\/td>\n<td><span style=\"font-weight: 400;\">16 mg\/g (12 mg na vrecko)<\/span><\/td>\n<\/tr>\n<tr>\n<td><span style=\"font-weight: 400;\">Form\u00e1t vrecka<\/span><\/td>\n<td><span style=\"font-weight: 400;\">Slim<\/span><\/td>\n<\/tr>\n<tr>\n<td><span style=\"font-weight: 400;\">V\u00fdrobca<\/span><\/td>\n<td><span style=\"font-weight: 400;\">Puff &amp; Pouch<\/span><\/td>\n<\/tr>\n<tr>\n<td><span style=\"font-weight: 400;\">Pr\u00edchu\u0165<\/span><\/td>\n<td><span style=\"font-weight: 400;\">Citrusov\u00e9 plody<\/span><\/td>\n<\/tr>\n<tr>\n<td><span style=\"font-weight: 400;\">Typ<\/span><\/td>\n<td><span style=\"font-weight: 400;\">Celobiele vrecko, bez tabaku<\/span><\/td>\n<\/tr>\n<\/tbody>\n<\/table>","protected":false},"excerpt":{"rendered":"<p>Puff &amp; Pouch Freezy Citrus 12 mg nikot\u00ednov\u00e9 vrec\u00fa\u0161ka prin\u00e1\u0161aj\u00fa pikantn\u00fa, osvie\u017euj\u00facu chu\u0165 <strong data-start=\"77\" data-end=\"94\">Mraziv\u00e9 citrusy<\/strong> pr\u00edchu\u0165. <strong data-start=\"103\" data-end=\"111\">Slim<\/strong>, beztabakov\u00fd form\u00e1t pre diskr\u00e9tne a pohodln\u00e9 pou\u017e\u00edvanie s \u010dist\u00fdm, osvie\u017euj\u00facim uvo\u013e\u0148ovan\u00edm. Ka\u017ed\u00e9 vrecko obsahuje <strong data-start=\"219\" data-end=\"237\">12 mg nikot\u00ednu<\/strong>.<\/p>","protected":false},"featured_media":3182,"comment_status":"open","ping_status":"closed","template":"","format":[206],"meta":{"_acf_changed":false},"product_brand":[],"product_cat":[86],"product_tag":[16561],"flavours":[190],"nicotine":[213,232],"class_list":{"0":"post-8560","1":"product","2":"type-product","3":"status-publish","4":"has-post-thumbnail","6":"product_cat-puff-pouch","7":"product_tag-12-mg-pouch","8":"pa_quantity-1-pack","9":"pa_quantity-10-pack","10":"pa_quantity-3-pack","11":"pa_quantity-30-pack","12":"pa_quantity-5-pack","13":"pa_quantity-60-pack","14":"flavours-citrus","15":"format-slim","16":"nicotine-16-mg-g","17":"nicotine-extra-strong","19":"first","20":"instock","21":"taxable","22":"shipping-taxable","23":"purchasable","24":"product-type-variable"},"acf":[],"_links":{"self":[{"href":"https:\/\/whitelip.com\/sk\/wp-json\/wp\/v2\/product\/8560","targetHints":{"allow":["GET"]}}],"collection":[{"href":"https:\/\/whitelip.com\/sk\/wp-json\/wp\/v2\/product"}],"about":[{"href":"https:\/\/whitelip.com\/sk\/wp-json\/wp\/v2\/types\/product"}],"replies":[{"embeddable":true,"href":"https:\/\/whitelip.com\/sk\/wp-json\/wp\/v2\/comments?post=8560"}],"wp:featuredmedia":[{"embeddable":true,"href":"https:\/\/whitelip.com\/sk\/wp-json\/wp\/v2\/media\/3182"}],"wp:attachment":[{"href":"https:\/\/whitelip.com\/sk\/wp-json\/wp\/v2\/media?parent=8560"}],"wp:term":[{"taxonomy":"product_brand","embeddable":true,"href":"https:\/\/whitelip.com\/sk\/wp-json\/wp\/v2\/product_brand?post=8560"},{"taxonomy":"product_cat","embeddable":true,"href":"https:\/\/whitelip.com\/sk\/wp-json\/wp\/v2\/product_cat?post=8560"},{"taxonomy":"product_tag","embeddable":true,"href":"https:\/\/whitelip.com\/sk\/wp-json\/wp\/v2\/product_tag?post=8560"},{"taxonomy":"flavours","embeddable":true,"href":"https:\/\/whitelip.com\/sk\/wp-json\/wp\/v2\/flavours?post=8560"},{"taxonomy":"format","embeddable":true,"href":"https:\/\/whitelip.com\/sk\/wp-json\/wp\/v2\/format?post=8560"},{"taxonomy":"nicotine","embeddable":true,"href":"https:\/\/whitelip.com\/sk\/wp-json\/wp\/v2\/nicotine?post=8560"}],"curies":[{"name":"wp","href":"https:\/\/api.w.org\/{rel}","templated":true}]}}