{"id":8550,"date":"2024-11-28T12:48:09","date_gmt":"2024-11-28T12:48:09","guid":{"rendered":"https:\/\/whitelip.com\/loop-cassis-bliss-3\/"},"modified":"2026-04-14T07:58:08","modified_gmt":"2026-04-14T07:58:08","slug":"loop-cassis-bliss-3","status":"publish","type":"product","link":"https:\/\/whitelip.com\/sk\/loop\/loop-cassis-bliss-3\/","title":{"rendered":"LOOP \u010cierne r\u00edbezle #3"},"content":{"rendered":"<h2>LOOP \u010cierne r\u00edbezle #3<\/h2>\n<p><span style=\"font-weight: 400;\">LOOP Blackcurrant #3 pon\u00faka bohat\u00fa a pikantn\u00fa chu\u0165 \u010diernych r\u00edbezl\u00ed s n\u00e1dychom sladkosti, ktor\u00e1 prin\u00e1\u0161a odv\u00e1\u017eny a osvie\u017euj\u00faci chu\u0165ov\u00fd z\u00e1\u017eitok. Tieto tenk\u00e9 nikot\u00ednov\u00e9 vrec\u00fa\u0161ka s\u00fa ur\u010den\u00e9 pre t\u00fdch, ktor\u00ed maj\u00fa radi ovocn\u00fa pr\u00edchu\u0165 s miernou silou nikot\u00ednu. LOOP Blackcurrant #3 poskytuje diskr\u00e9tny a pohodln\u00fd sp\u00f4sob, ako si vychutna\u0165 nikot\u00edn, a pohodlne sa zmest\u00ed pod pery na pou\u017eitie na cest\u00e1ch. Jeho jedine\u010dn\u00fd chu\u0165ov\u00fd profil zaru\u010duje uspokojuj\u00faci a povzbudzuj\u00faci z\u00e1\u017eitok pri akejko\u013evek pr\u00edle\u017eitosti.<\/span><\/p>\n<table>\n<tbody>\n<tr>\n<td><b>Atrib\u00fat<\/b><\/td>\n<td><b>Podrobnosti<\/b><\/td>\n<\/tr>\n<tr>\n<td><span style=\"font-weight: 400;\">Obsah na plechovku<\/span><\/td>\n<td><span style=\"font-weight: 400;\">12 g (20 vrec\u00fa\u0161ok)<\/span><\/td>\n<\/tr>\n<tr>\n<td><span style=\"font-weight: 400;\">Obsah nikot\u00ednu<\/span><\/td>\n<td><span style=\"font-weight: 400;\">15 mg\/g<\/span><\/td>\n<\/tr>\n<tr>\n<td><span style=\"font-weight: 400;\">Form\u00e1t vrecka<\/span><\/td>\n<td><span style=\"font-weight: 400;\">Slim<\/span><\/td>\n<\/tr>\n<tr>\n<td><span style=\"font-weight: 400;\">V\u00fdrobca<\/span><\/td>\n<td><span style=\"font-weight: 400;\">LOOP<\/span><\/td>\n<\/tr>\n<tr>\n<td><span style=\"font-weight: 400;\">Pr\u00edchu\u0165<\/span><\/td>\n<td><span style=\"font-weight: 400;\">\u010cierne r\u00edbezle<\/span><\/td>\n<\/tr>\n<tr>\n<td><span style=\"font-weight: 400;\">Typ<\/span><\/td>\n<td><span style=\"font-weight: 400;\">Celobiele vrecko, bez tabaku<\/span><\/td>\n<\/tr>\n<\/tbody>\n<\/table>","protected":false},"excerpt":{"rendered":"<p>Bohat\u00fd, pikantn\u00fd <strong data-start=\"12\" data-end=\"28\">\u010dierne r\u00edbezle<\/strong> s trochou sladkosti pre v\u00fdrazn\u00fa, osvie\u017euj\u00facu chu\u0165. <strong data-start=\"85\" data-end=\"93\">Slim<\/strong>, vrec\u00fa\u0161ka bez tabaku sa diskr\u00e9tne umiestnia pod peru na pohodln\u00e9 pou\u017e\u00edvanie na cest\u00e1ch. Poskytuje stredne siln\u00fd nikot\u00edn pre uspokojuj\u00faci, povzbudzuj\u00faci z\u00e1\u017eitok.<\/p>","protected":false},"featured_media":43701,"comment_status":"open","ping_status":"closed","template":"","format":[206],"meta":{"_acf_changed":false},"product_brand":[],"product_cat":[32],"product_tag":[17011],"flavours":[196],"nicotine":[212,232],"class_list":{"0":"post-8550","1":"product","2":"type-product","3":"status-publish","4":"has-post-thumbnail","6":"product_cat-loop","7":"product_tag-9-4-mg-pouch","8":"pa_quantity-1-pack","9":"pa_quantity-10-pack","10":"pa_quantity-3-pack","11":"pa_quantity-30-pack","12":"pa_quantity-5-pack","13":"pa_quantity-60-pack","14":"flavours-fruits-berries","15":"format-slim","16":"nicotine-15-mg-g","17":"nicotine-extra-strong","19":"first","20":"instock","21":"taxable","22":"shipping-taxable","23":"purchasable","24":"product-type-variable"},"acf":[],"_links":{"self":[{"href":"https:\/\/whitelip.com\/sk\/wp-json\/wp\/v2\/product\/8550","targetHints":{"allow":["GET"]}}],"collection":[{"href":"https:\/\/whitelip.com\/sk\/wp-json\/wp\/v2\/product"}],"about":[{"href":"https:\/\/whitelip.com\/sk\/wp-json\/wp\/v2\/types\/product"}],"replies":[{"embeddable":true,"href":"https:\/\/whitelip.com\/sk\/wp-json\/wp\/v2\/comments?post=8550"}],"wp:featuredmedia":[{"embeddable":true,"href":"https:\/\/whitelip.com\/sk\/wp-json\/wp\/v2\/media\/43701"}],"wp:attachment":[{"href":"https:\/\/whitelip.com\/sk\/wp-json\/wp\/v2\/media?parent=8550"}],"wp:term":[{"taxonomy":"product_brand","embeddable":true,"href":"https:\/\/whitelip.com\/sk\/wp-json\/wp\/v2\/product_brand?post=8550"},{"taxonomy":"product_cat","embeddable":true,"href":"https:\/\/whitelip.com\/sk\/wp-json\/wp\/v2\/product_cat?post=8550"},{"taxonomy":"product_tag","embeddable":true,"href":"https:\/\/whitelip.com\/sk\/wp-json\/wp\/v2\/product_tag?post=8550"},{"taxonomy":"flavours","embeddable":true,"href":"https:\/\/whitelip.com\/sk\/wp-json\/wp\/v2\/flavours?post=8550"},{"taxonomy":"format","embeddable":true,"href":"https:\/\/whitelip.com\/sk\/wp-json\/wp\/v2\/format?post=8550"},{"taxonomy":"nicotine","embeddable":true,"href":"https:\/\/whitelip.com\/sk\/wp-json\/wp\/v2\/nicotine?post=8550"}],"curies":[{"name":"wp","href":"https:\/\/api.w.org\/{rel}","templated":true}]}}