{"id":8540,"date":"2024-11-28T12:48:08","date_gmt":"2024-11-28T12:48:08","guid":{"rendered":"https:\/\/whitelip.com\/kelly-white-cucumber-mint-mini\/"},"modified":"2026-04-12T22:28:36","modified_gmt":"2026-04-12T22:28:36","slug":"kelly-white-cucumber-mint-mini","status":"publish","type":"product","link":"https:\/\/whitelip.com\/sk\/kelly-white\/kelly-white-cucumber-mint-mini\/","title":{"rendered":"KELLY WHITE Uhorka M\u00e4ta Mini"},"content":{"rendered":"<h2><b>Kelly White Cucumber Mint Mini<\/b><\/h2>\n<p><span style=\"font-weight: 400;\">Nikot\u00ednov\u00e9 vrec\u00fa\u0161ka Kelly White Cucumber Mint Mini pon\u00fakaj\u00fa osvie\u017euj\u00facu kombin\u00e1ciu svie\u017eej uhorkovej a m\u00e4tovej pr\u00edchute, ktor\u00fa dop\u013a\u0148a chladiv\u00fd n\u00e1dych m\u00e4ty. Ka\u017ed\u00e9 vrec\u00fa\u0161ko tenk\u00e9ho form\u00e1tu obsahuje 5 mg nikot\u00ednu a poskytuje vyv\u00e1\u017een\u00fd z\u00e1\u017eitok vhodn\u00fd pre pravideln\u00fdch u\u017e\u00edvate\u013eov. Vrec\u00fa\u0161ka s\u00fa navrhnut\u00e9 na diskr\u00e9tne pou\u017e\u00edvanie bez zafarbenia zubov, tak\u017ee s\u00fa ide\u00e1lne na u\u017e\u00edvanie na cest\u00e1ch. Tieto vrec\u00fa\u0161ka, ktor\u00e9 vyr\u00e1ba spolo\u010dnos\u0165 White Industries AB, \u0161v\u00e9dsky v\u00fdrobca zn\u00e1my sp\u00e1jan\u00edm modern\u00fdch met\u00f3d s tradi\u010dnou kvalitou, s\u00fa pr\u00edkladom vysok\u00fdch \u0161tandardov a inovat\u00edvnych kombin\u00e1ci\u00ed chut\u00ed.<\/span><\/p>\n<table>\n<tbody>\n<tr>\n<td><b>Atrib\u00fat<\/b><\/td>\n<td><b>Podrobnosti<\/b><\/td>\n<\/tr>\n<tr>\n<td><b>Obsah na plechovku<\/b><\/td>\n<td><span style=\"font-weight: 400;\">8 g (20 vrec\u00fa\u0161ok)<\/span><\/td>\n<\/tr>\n<tr>\n<td><b>Obsah nikot\u00ednu<\/b><\/td>\n<td><span style=\"font-weight: 400;\">5 mg na vak<\/span><\/td>\n<\/tr>\n<tr>\n<td><b>Form\u00e1t vrecka<\/b><\/td>\n<td><span style=\"font-weight: 400;\">Mini<\/span><\/td>\n<\/tr>\n<tr>\n<td><b>V\u00fdrobca<\/b><\/td>\n<td><span style=\"font-weight: 400;\">White Industries AB<\/span><\/td>\n<\/tr>\n<tr>\n<td><b>Pr\u00edchu\u0165<\/b><\/td>\n<td><span style=\"font-weight: 400;\">Uhorka a M\u00e4ta<\/span><\/td>\n<\/tr>\n<tr>\n<td><b>Typ<\/b><\/td>\n<td><span style=\"font-weight: 400;\">Celobiele vrecko<\/span><\/td>\n<\/tr>\n<\/tbody>\n<\/table>","protected":false},"excerpt":{"rendered":"<p>Osvie\u017euj\u00faci, svie\u017ei <strong data-start=\"18\" data-end=\"35\">uhorka m\u00e4ta<\/strong> s \u010dist\u00fdm, chladiv\u00fdm v\u00fd\u0165ahom. <strong data-start=\"64\" data-end=\"72\">Mini<\/strong> vrec\u00fa\u0161ka sa diskr\u00e9tne umiestnia pod pery a nezanech\u00e1vaj\u00fa \u0161kvrny na zuboch. Ka\u017ed\u00e9 vrecko obsahuje <strong data-start=\"153\" data-end=\"170\">5 mg nikot\u00ednu<\/strong>, a poskytuje vyv\u00e1\u017een\u00fd z\u00e1\u017eitok na cest\u00e1ch. V\u00fdrobca: White Industries AB (\u0160v\u00e9dsko).<\/p>","protected":false},"featured_media":92072,"comment_status":"open","ping_status":"closed","template":"","format":[205],"meta":{"_acf_changed":false},"product_brand":[],"product_cat":[83],"product_tag":[16565],"flavours":[196,199],"nicotine":[209,232],"class_list":{"0":"post-8540","1":"product","2":"type-product","3":"status-publish","4":"has-post-thumbnail","6":"product_cat-kelly-white","7":"product_tag-5-mg-pouch","8":"pa_quantity-1-pack","9":"pa_quantity-10-pack","10":"pa_quantity-3-pack","11":"pa_quantity-30-pack","12":"pa_quantity-5-pack","13":"pa_quantity-60-pack","14":"flavours-fruits-berries","15":"flavours-mint","16":"format-mini","17":"nicotine-12-mg-g","18":"nicotine-extra-strong","20":"first","21":"instock","22":"taxable","23":"shipping-taxable","24":"purchasable","25":"product-type-variable"},"acf":[],"_links":{"self":[{"href":"https:\/\/whitelip.com\/sk\/wp-json\/wp\/v2\/product\/8540","targetHints":{"allow":["GET"]}}],"collection":[{"href":"https:\/\/whitelip.com\/sk\/wp-json\/wp\/v2\/product"}],"about":[{"href":"https:\/\/whitelip.com\/sk\/wp-json\/wp\/v2\/types\/product"}],"replies":[{"embeddable":true,"href":"https:\/\/whitelip.com\/sk\/wp-json\/wp\/v2\/comments?post=8540"}],"wp:featuredmedia":[{"embeddable":true,"href":"https:\/\/whitelip.com\/sk\/wp-json\/wp\/v2\/media\/92072"}],"wp:attachment":[{"href":"https:\/\/whitelip.com\/sk\/wp-json\/wp\/v2\/media?parent=8540"}],"wp:term":[{"taxonomy":"product_brand","embeddable":true,"href":"https:\/\/whitelip.com\/sk\/wp-json\/wp\/v2\/product_brand?post=8540"},{"taxonomy":"product_cat","embeddable":true,"href":"https:\/\/whitelip.com\/sk\/wp-json\/wp\/v2\/product_cat?post=8540"},{"taxonomy":"product_tag","embeddable":true,"href":"https:\/\/whitelip.com\/sk\/wp-json\/wp\/v2\/product_tag?post=8540"},{"taxonomy":"flavours","embeddable":true,"href":"https:\/\/whitelip.com\/sk\/wp-json\/wp\/v2\/flavours?post=8540"},{"taxonomy":"format","embeddable":true,"href":"https:\/\/whitelip.com\/sk\/wp-json\/wp\/v2\/format?post=8540"},{"taxonomy":"nicotine","embeddable":true,"href":"https:\/\/whitelip.com\/sk\/wp-json\/wp\/v2\/nicotine?post=8540"}],"curies":[{"name":"wp","href":"https:\/\/api.w.org\/{rel}","templated":true}]}}