{"id":8538,"date":"2024-11-28T12:48:08","date_gmt":"2024-11-28T12:48:08","guid":{"rendered":"https:\/\/whitelip.com\/zyn-cool-mint-slim-14mg\/"},"modified":"2026-05-11T10:11:31","modified_gmt":"2026-05-11T10:11:31","slug":"zyn-cool-mint-slim-14mg","status":"publish","type":"product","link":"https:\/\/whitelip.com\/sk\/zyn\/zyn-cool-mint-slim-14mg\/","title":{"rendered":"ZYN Cool Mint Slim 14 mg"},"content":{"rendered":"<h2><b>ZYN Cool Mint Slim 14 mg<\/b><\/h2>\n<p><span style=\"font-weight: 400;\">ZYN Cool Mint Slim 14 mg poskytuje <\/span><b>v\u00fdrazn\u00e1 a osvie\u017euj\u00faca m\u00e4tov\u00e1 pr\u00edchu\u0165<\/b><span style=\"font-weight: 400;\">, v spojen\u00ed s v\u00fdkonn\u00fdm <\/span><b>pocit chladenia<\/b><span style=\"font-weight: 400;\"> ktor\u00e1 povzbudzuje zmysly. Siln\u00fd, svie\u017ei m\u00e4tov\u00fd profil je ide\u00e1lny pre u\u017e\u00edvate\u013eov, ktor\u00ed maj\u00fa radi intenz\u00edvnu, \u010dist\u00fa a osvie\u017euj\u00facu chu\u0165 s extra d\u00e1vkou nikot\u00ednu. Ka\u017ed\u00e9 tenk\u00e9, \u00faplne biele vrec\u00fa\u0161ko obsahuje <\/span><b>14 mg nikot\u00ednu<\/b><span style=\"font-weight: 400;\">, ktor\u00e1 pon\u00faka stabiln\u00e9 a siln\u00e9 uvo\u013e\u0148ovanie nikot\u00ednu pre pou\u017e\u00edvate\u013eov, ktor\u00ed h\u013eadaj\u00fa vy\u0161\u0161iu silu nikot\u00ednu.<\/span><\/p>\n<p><span style=\"font-weight: 400;\">\u0160t\u00edhly form\u00e1t zaru\u010duje diskr\u00e9tne a pohodln\u00e9 umiestnenie pod pery a poskytuje \u010distotu bez \u0161kv\u0155n v ka\u017edom okamihu. ZYN Cool Mint Slim 14 mg, ktor\u00fd je \u00faplne bez tabaku a je vyroben\u00fd z vysokokvalitn\u00fdch rastlinn\u00fdch materi\u00e1lov, je modernou a spo\u013eahlivou nikot\u00ednovou alternat\u00edvou pre t\u00fdch, ktor\u00ed t\u00fa\u017eia po v\u00fdraznej m\u00e4tovej pr\u00edchuti s intenz\u00edvnym chladiv\u00fdm \u00fa\u010dinkom.<\/span><\/p>\n<table>\n<tbody>\n<tr>\n<td><b>Atrib\u00fat<\/b><\/td>\n<td><b>Podrobnosti<\/b><\/td>\n<\/tr>\n<tr>\n<td><b>Zna\u010dka<\/b><\/td>\n<td><span style=\"font-weight: 400;\">ZYN<\/span><\/td>\n<\/tr>\n<tr>\n<td><b>Typ v\u00fdrobku<\/b><\/td>\n<td><span style=\"font-weight: 400;\">V\u0161etky biele nikot\u00ednov\u00e9 vreck\u00e1<\/span><\/td>\n<\/tr>\n<tr>\n<td><b>Form\u00e1t<\/b><\/td>\n<td><span style=\"font-weight: 400;\">Slim<\/span><\/td>\n<\/tr>\n<tr>\n<td><b>Pr\u00edchu\u0165<\/b><\/td>\n<td><span style=\"font-weight: 400;\">Chladn\u00e1 m\u00e4ta<\/span><\/td>\n<\/tr>\n<tr>\n<td><b>Sila nikot\u00ednu<\/b><\/td>\n<td><span style=\"font-weight: 400;\">14 mg na vrecko<\/span><\/td>\n<\/tr>\n<tr>\n<td><b>Hmotnos\u0165 porcie<\/b><\/td>\n<td><span style=\"font-weight: 400;\">0,7 gramu<\/span><\/td>\n<\/tr>\n<tr>\n<td><b>Po\u010det porci\u00ed<\/b><\/td>\n<td><span style=\"font-weight: 400;\">21 za plechovku<\/span><\/td>\n<\/tr>\n<tr>\n<td><b>Celkov\u00e1 hmotnos\u0165 plechovky<\/b><\/td>\n<td><span style=\"font-weight: 400;\">14,7 gramov<\/span><\/td>\n<\/tr>\n<tr>\n<td><b>V\u00fdrobca<\/b><\/td>\n<td><span style=\"font-weight: 400;\">\u0160v\u00e9dska z\u00e1palka<\/span><\/td>\n<\/tr>\n<tr>\n<td><b>Pozoruhodn\u00e9 funkcie<\/b><\/td>\n<td><span style=\"font-weight: 400;\">Bez tabaku, tenk\u00fd form\u00e1t, intenz\u00edvna m\u00e4tov\u00e1 pr\u00edchu\u0165 s chladiv\u00fdm \u00fa\u010dinkom<\/span><\/td>\n<\/tr>\n<\/tbody>\n<\/table>","protected":false},"excerpt":{"rendered":"<p>ZYN <strong data-start=\"4\" data-end=\"17\">Chladn\u00e1 m\u00e4ta<\/strong> <strong data-start=\"18\" data-end=\"26\">\u0161t\u00edhly<\/strong> prin\u00e1\u0161a v\u00fdrazn\u00fa, osvie\u017euj\u00facu m\u00e4tu so siln\u00fdm chladiv\u00fdm pocitom pre \u010dist\u00fd a intenz\u00edvny profil. Ka\u017ed\u00e9 vrecko obsahuje <strong data-start=\"142\" data-end=\"160\">14 mg nikot\u00ednu<\/strong> pre stabiln\u00e9 a robustn\u00e9 uvo\u013e\u0148ovanie.<\/p>","protected":false},"featured_media":8539,"comment_status":"open","ping_status":"closed","template":"","format":[206],"meta":{"_acf_changed":false},"product_brand":[],"product_cat":[37],"product_tag":[16581,16445],"flavours":[199],"nicotine":[213,232],"class_list":{"0":"post-8538","1":"product","2":"type-product","3":"status-publish","4":"has-post-thumbnail","6":"product_cat-zyn","7":"product_tag-14-mg-pouch","8":"product_tag-20-off","9":"pa_quantity-1-pack","10":"pa_quantity-10-pack","11":"pa_quantity-3-pack","12":"pa_quantity-30-pack","13":"pa_quantity-5-pack","14":"pa_quantity-60-pack","15":"flavours-mint","16":"format-slim","17":"nicotine-16-mg-g","18":"nicotine-extra-strong","20":"first","21":"outofstock","22":"sale","23":"taxable","24":"shipping-taxable","25":"purchasable","26":"product-type-variable"},"acf":[],"_links":{"self":[{"href":"https:\/\/whitelip.com\/sk\/wp-json\/wp\/v2\/product\/8538","targetHints":{"allow":["GET"]}}],"collection":[{"href":"https:\/\/whitelip.com\/sk\/wp-json\/wp\/v2\/product"}],"about":[{"href":"https:\/\/whitelip.com\/sk\/wp-json\/wp\/v2\/types\/product"}],"replies":[{"embeddable":true,"href":"https:\/\/whitelip.com\/sk\/wp-json\/wp\/v2\/comments?post=8538"}],"wp:featuredmedia":[{"embeddable":true,"href":"https:\/\/whitelip.com\/sk\/wp-json\/wp\/v2\/media\/8539"}],"wp:attachment":[{"href":"https:\/\/whitelip.com\/sk\/wp-json\/wp\/v2\/media?parent=8538"}],"wp:term":[{"taxonomy":"product_brand","embeddable":true,"href":"https:\/\/whitelip.com\/sk\/wp-json\/wp\/v2\/product_brand?post=8538"},{"taxonomy":"product_cat","embeddable":true,"href":"https:\/\/whitelip.com\/sk\/wp-json\/wp\/v2\/product_cat?post=8538"},{"taxonomy":"product_tag","embeddable":true,"href":"https:\/\/whitelip.com\/sk\/wp-json\/wp\/v2\/product_tag?post=8538"},{"taxonomy":"flavours","embeddable":true,"href":"https:\/\/whitelip.com\/sk\/wp-json\/wp\/v2\/flavours?post=8538"},{"taxonomy":"format","embeddable":true,"href":"https:\/\/whitelip.com\/sk\/wp-json\/wp\/v2\/format?post=8538"},{"taxonomy":"nicotine","embeddable":true,"href":"https:\/\/whitelip.com\/sk\/wp-json\/wp\/v2\/nicotine?post=8538"}],"curies":[{"name":"wp","href":"https:\/\/api.w.org\/{rel}","templated":true}]}}