{"id":8534,"date":"2024-11-28T12:47:46","date_gmt":"2024-11-28T12:47:46","guid":{"rendered":"https:\/\/whitelip.com\/loop-creamy-cappuccino-3\/"},"modified":"2026-04-15T21:48:58","modified_gmt":"2026-04-15T21:48:58","slug":"loop-creamy-cappuccino-3","status":"publish","type":"product","link":"https:\/\/whitelip.com\/sk\/loop\/loop-creamy-cappuccino-3\/","title":{"rendered":"LOOP Creamy Cappuccino #3"},"content":{"rendered":"<h2><b>LOOP Creamy Cappuccino #3<\/b><\/h2>\n<p><span style=\"font-weight: 400;\">LOOP Creamy Cappuccino #3 prin\u00e1\u0161a bohat\u00fa a jemn\u00fa chu\u0165 klasick\u00e9ho cappuccina v tenkom nikot\u00ednovom vrec\u00fa\u0161ku. S n\u00e1dychom sladkosti a zamatov\u00fdm k\u00e1vov\u00fdm profilom prin\u00e1\u0161a toto vrec\u00fa\u0161ko upokojuj\u00faci a p\u00f4\u017eitk\u00e1rsky nikot\u00ednov\u00fd z\u00e1\u017eitok. LOOP Creamy Cappuccino #3 je navrhnut\u00fd na diskr\u00e9tne pou\u017eitie a pohodlne sa zmest\u00ed pod pery, tak\u017ee je ide\u00e1lny pre milovn\u00edkov k\u00e1vy, ktor\u00ed h\u013eadaj\u00fa uspokojuj\u00facu nikot\u00ednov\u00fa mo\u017enos\u0165 na cest\u00e1ch. Jeho stredn\u00e1 sila nikot\u00ednu zaru\u010duje vyv\u00e1\u017een\u00fd a pr\u00edjemn\u00fd z\u00e1\u017eitok.<\/span><\/p>\n<table>\n<tbody>\n<tr>\n<td><b>Atrib\u00fat<\/b><\/td>\n<td><b>Podrobnosti<\/b><\/td>\n<\/tr>\n<tr>\n<td><span style=\"font-weight: 400;\">Obsah na plechovku<\/span><\/td>\n<td><span style=\"font-weight: 400;\">12 g (20 vrec\u00fa\u0161ok)<\/span><\/td>\n<\/tr>\n<tr>\n<td><span style=\"font-weight: 400;\">Obsah nikot\u00ednu<\/span><\/td>\n<td><span style=\"font-weight: 400;\">10 mg\/g<\/span><\/td>\n<\/tr>\n<tr>\n<td><span style=\"font-weight: 400;\">Form\u00e1t vrecka<\/span><\/td>\n<td><span style=\"font-weight: 400;\">Slim<\/span><\/td>\n<\/tr>\n<tr>\n<td><span style=\"font-weight: 400;\">V\u00fdrobca<\/span><\/td>\n<td><span style=\"font-weight: 400;\">LOOP<\/span><\/td>\n<\/tr>\n<tr>\n<td><span style=\"font-weight: 400;\">Pr\u00edchu\u0165<\/span><\/td>\n<td><span style=\"font-weight: 400;\">Kr\u00e9mov\u00fd Cappuccino<\/span><\/td>\n<\/tr>\n<tr>\n<td><span style=\"font-weight: 400;\">Typ<\/span><\/td>\n<td><span style=\"font-weight: 400;\">Celobiele vrecko, bez tabaku<\/span><\/td>\n<\/tr>\n<\/tbody>\n<\/table>","protected":false},"excerpt":{"rendered":"<p>Bohat\u00fd, hladk\u00fd <strong data-start=\"13\" data-end=\"34\">kr\u00e9mov\u00e9 cappuccino<\/strong> so zamatov\u00fdm k\u00e1vov\u00fdm profilom a n\u00e1dychom sladkosti. <strong data-start=\"91\" data-end=\"99\">Slim<\/strong>, vrec\u00fa\u0161ka bez tabaku sa diskr\u00e9tne umiestnia pod pery, aby poskytli upokojuj\u00faci, zhovievav\u00fd lifting s vyv\u00e1\u017eenou silou.<\/p>","protected":false},"featured_media":8535,"comment_status":"open","ping_status":"closed","template":"","format":[206],"meta":{"_acf_changed":false},"product_brand":[],"product_cat":[32],"product_tag":[17011],"flavours":[192],"nicotine":[212,232],"class_list":{"0":"post-8534","1":"product","2":"type-product","3":"status-publish","4":"has-post-thumbnail","6":"product_cat-loop","7":"product_tag-9-4-mg-pouch","8":"pa_quantity-1-pack","9":"pa_quantity-10-pack","10":"pa_quantity-3-pack","11":"pa_quantity-30-pack","12":"pa_quantity-5-pack","13":"pa_quantity-60-pack","14":"flavours-coffee","15":"format-slim","16":"nicotine-15-mg-g","17":"nicotine-extra-strong","19":"first","20":"instock","21":"taxable","22":"shipping-taxable","23":"purchasable","24":"product-type-variable"},"acf":[],"_links":{"self":[{"href":"https:\/\/whitelip.com\/sk\/wp-json\/wp\/v2\/product\/8534","targetHints":{"allow":["GET"]}}],"collection":[{"href":"https:\/\/whitelip.com\/sk\/wp-json\/wp\/v2\/product"}],"about":[{"href":"https:\/\/whitelip.com\/sk\/wp-json\/wp\/v2\/types\/product"}],"replies":[{"embeddable":true,"href":"https:\/\/whitelip.com\/sk\/wp-json\/wp\/v2\/comments?post=8534"}],"wp:featuredmedia":[{"embeddable":true,"href":"https:\/\/whitelip.com\/sk\/wp-json\/wp\/v2\/media\/8535"}],"wp:attachment":[{"href":"https:\/\/whitelip.com\/sk\/wp-json\/wp\/v2\/media?parent=8534"}],"wp:term":[{"taxonomy":"product_brand","embeddable":true,"href":"https:\/\/whitelip.com\/sk\/wp-json\/wp\/v2\/product_brand?post=8534"},{"taxonomy":"product_cat","embeddable":true,"href":"https:\/\/whitelip.com\/sk\/wp-json\/wp\/v2\/product_cat?post=8534"},{"taxonomy":"product_tag","embeddable":true,"href":"https:\/\/whitelip.com\/sk\/wp-json\/wp\/v2\/product_tag?post=8534"},{"taxonomy":"flavours","embeddable":true,"href":"https:\/\/whitelip.com\/sk\/wp-json\/wp\/v2\/flavours?post=8534"},{"taxonomy":"format","embeddable":true,"href":"https:\/\/whitelip.com\/sk\/wp-json\/wp\/v2\/format?post=8534"},{"taxonomy":"nicotine","embeddable":true,"href":"https:\/\/whitelip.com\/sk\/wp-json\/wp\/v2\/nicotine?post=8534"}],"curies":[{"name":"wp","href":"https:\/\/api.w.org\/{rel}","templated":true}]}}