{"id":8510,"date":"2024-11-28T12:47:22","date_gmt":"2024-11-28T12:47:22","guid":{"rendered":"https:\/\/whitelip.com\/kelly-white-hot-cherry-mini-strong\/"},"modified":"2026-04-28T10:11:20","modified_gmt":"2026-04-28T10:11:20","slug":"kelly-white-hot-cherry-strong","status":"publish","type":"product","link":"https:\/\/whitelip.com\/sk\/kelly-white\/kelly-white-hot-cherry-strong\/","title":{"rendered":"KELLY WHITE Hot Cherry Strong"},"content":{"rendered":"<h2>KELLY WHITE Hot Cherry Strong<\/h2>\n<p><span style=\"font-weight: 400;\">Kelly White Hot Cherry Mini Strong je vrec\u00fa\u0161ko s nikot\u00ednom bez tab\u00e1ku, ktor\u00e9 kombinuje sladk\u00fa chu\u0165 \u010dere\u0161n\u00ed s pikantn\u00fdm p\u00fa\u0161\u0165om z chilli. Ka\u017ed\u00e9 vrec\u00fa\u0161ko vo form\u00e1te slim obsahuje 8 mg nikot\u00ednu, poskytuj\u00fac siln\u00fa sk\u00fasenos\u0165 vhodn\u00fd pre sk\u00fasen\u00fdch pou\u017e\u00edvate\u013eov. Vrec\u00fa\u0161ka s\u00fa navrhnut\u00e1 na diskr\u00e9tne pou\u017eitie bez zafarbenia zubov, \u010do ich rob\u00ed ide\u00e1lnymi na cest\u00e1ch. Vyr\u00e1ban\u00fd spolo\u010dnos\u0165ou White Industries AB, \u0161v\u00e9dskym v\u00fdrobcom zn\u00e1mym sp\u00e1jan\u00edm s\u00fa\u010dasn\u00fdch met\u00f3d s tradi\u010dnou kvalitou, tieto vrec\u00fa\u0161ka exemplifikuj\u00fa vysok\u00e9 \u0161tandardy a inovat\u00edvne kombin\u00e1ci\u00ed chut\u00ed.<\/span><\/p>\n<table>\n<tbody>\n<tr>\n<td><b>Atrib\u00fat<\/b><\/td>\n<td><b>Podrobnosti<\/b><\/td>\n<\/tr>\n<tr>\n<td><b>Obsah na plechovku<\/b><\/td>\n<td><span style=\"font-weight: 400;\">8 g (20 vrec\u00fa\u0161ok)<\/span><\/td>\n<\/tr>\n<tr>\n<td><b>Obsah nikot\u00ednu<\/b><\/td>\n<td><span style=\"font-weight: 400;\">8 mg na vrecko<\/span><\/td>\n<\/tr>\n<tr>\n<td><b>Form\u00e1t vrecka<\/b><\/td>\n<td><span style=\"font-weight: 400;\">Slim<\/span><\/td>\n<\/tr>\n<tr>\n<td><b>V\u00fdrobca<\/b><\/td>\n<td><span style=\"font-weight: 400;\">White Industries AB<\/span><\/td>\n<\/tr>\n<tr>\n<td><b>Pr\u00edchu\u0165<\/b><\/td>\n<td><span style=\"font-weight: 400;\">\u010cere\u0161\u0148a a Chilli<\/span><\/td>\n<\/tr>\n<tr>\n<td><b>Typ<\/b><\/td>\n<td><span style=\"font-weight: 400;\">Celobiele vrecko<\/span><\/td>\n<\/tr>\n<\/tbody>\n<\/table>","protected":false},"excerpt":{"rendered":"<p>Sladk\u00e9 <strong data-start=\"6\" data-end=\"20\">hor\u00faca \u010dere\u0161\u0148a<\/strong> s pikantn\u00fdm chilli. <strong data-start=\"46\" data-end=\"54\">Slim<\/strong>, beztabakov\u00e9 vrec\u00fa\u0161ka sa diskr\u00e9tne umiestnia pod pery a nezanech\u00e1vaj\u00fa \u0161kvrny na zuboch, ide\u00e1lne na cesty. Ka\u017ed\u00e9 vrec\u00fa\u0161ko obsahuje <strong data-start=\"166\" data-end=\"185\">8 mg nikot\u00ednu<\/strong>, a poskytuje tak sk\u00fasen\u00fdm pou\u017e\u00edvate\u013eom siln\u00fd z\u00e1\u017eitok. Vyr\u00e1ba spolo\u010dnos\u0165 White Industries AB (\u0160v\u00e9dsko) s vysok\u00fdmi \u0161tandardmi a inovat\u00edvnymi chu\u0165ov\u00fdmi zmesami.<\/p>","protected":false},"featured_media":92084,"comment_status":"open","ping_status":"closed","template":"","format":[206],"meta":{"_acf_changed":false},"product_brand":[],"product_cat":[83],"product_tag":[16583],"flavours":[187,196],"nicotine":[213,232],"class_list":{"0":"post-8510","1":"product","2":"type-product","3":"status-publish","4":"has-post-thumbnail","6":"product_cat-kelly-white","7":"product_tag-8-mg-pouch","8":"pa_quantity-1-pack","9":"pa_quantity-10-pack","10":"pa_quantity-3-pack","11":"pa_quantity-30-pack","12":"pa_quantity-5-pack","13":"pa_quantity-60-pack","14":"flavours-chili","15":"flavours-fruits-berries","16":"format-slim","17":"nicotine-16-mg-g","18":"nicotine-extra-strong","20":"first","21":"instock","22":"taxable","23":"shipping-taxable","24":"purchasable","25":"product-type-variable"},"acf":[],"_links":{"self":[{"href":"https:\/\/whitelip.com\/sk\/wp-json\/wp\/v2\/product\/8510","targetHints":{"allow":["GET"]}}],"collection":[{"href":"https:\/\/whitelip.com\/sk\/wp-json\/wp\/v2\/product"}],"about":[{"href":"https:\/\/whitelip.com\/sk\/wp-json\/wp\/v2\/types\/product"}],"replies":[{"embeddable":true,"href":"https:\/\/whitelip.com\/sk\/wp-json\/wp\/v2\/comments?post=8510"}],"wp:featuredmedia":[{"embeddable":true,"href":"https:\/\/whitelip.com\/sk\/wp-json\/wp\/v2\/media\/92084"}],"wp:attachment":[{"href":"https:\/\/whitelip.com\/sk\/wp-json\/wp\/v2\/media?parent=8510"}],"wp:term":[{"taxonomy":"product_brand","embeddable":true,"href":"https:\/\/whitelip.com\/sk\/wp-json\/wp\/v2\/product_brand?post=8510"},{"taxonomy":"product_cat","embeddable":true,"href":"https:\/\/whitelip.com\/sk\/wp-json\/wp\/v2\/product_cat?post=8510"},{"taxonomy":"product_tag","embeddable":true,"href":"https:\/\/whitelip.com\/sk\/wp-json\/wp\/v2\/product_tag?post=8510"},{"taxonomy":"flavours","embeddable":true,"href":"https:\/\/whitelip.com\/sk\/wp-json\/wp\/v2\/flavours?post=8510"},{"taxonomy":"format","embeddable":true,"href":"https:\/\/whitelip.com\/sk\/wp-json\/wp\/v2\/format?post=8510"},{"taxonomy":"nicotine","embeddable":true,"href":"https:\/\/whitelip.com\/sk\/wp-json\/wp\/v2\/nicotine?post=8510"}],"curies":[{"name":"wp","href":"https:\/\/api.w.org\/{rel}","templated":true}]}}