{"id":8508,"date":"2024-11-28T12:47:22","date_gmt":"2024-11-28T12:47:22","guid":{"rendered":"https:\/\/whitelip.com\/kelly-white-sparkling-strawberry-slim\/"},"modified":"2026-04-14T19:40:57","modified_gmt":"2026-04-14T19:40:57","slug":"kelly-white-sparkling-strawberry-slim","status":"publish","type":"product","link":"https:\/\/whitelip.com\/sk\/kelly-white\/kelly-white-sparkling-strawberry-slim\/","title":{"rendered":"KELLY WHITE Sparkling Strawberry Slim"},"content":{"rendered":"<h2><b>Kelly White Sparkling Strawberry Slim<\/b><\/h2>\n<p><span style=\"font-weight: 400;\">Nikot\u00ednov\u00e9 vrec\u00fa\u0161ka Kelly White Sparkling Strawberry Slim pon\u00fakaj\u00fa sofistikovan\u00fa zmes \u010derstv\u00fdch jah\u00f4d a n\u00e1dychu \u0161ampansk\u00e9ho, ktor\u00e1 prin\u00e1\u0161a vyv\u00e1\u017een\u00fd a elegantn\u00fd chu\u0165ov\u00fd profil. Ka\u017ed\u00e9 vrec\u00fa\u0161ko tenk\u00e9ho form\u00e1tu obsahuje 8 mg nikot\u00ednu na gram, \u010do predstavuje pribli\u017ene 4,8 mg na vrec\u00fa\u0161ko, a poskytuje tak mierny z\u00e1\u017eitok vhodn\u00fd pre pravideln\u00fdch u\u017e\u00edvate\u013eov. Vrec\u00fa\u0161ka s\u00fa navrhnut\u00e9 na diskr\u00e9tne pou\u017e\u00edvanie bez zafarbenia zubov, tak\u017ee s\u00fa ide\u00e1lne na u\u017e\u00edvanie na cest\u00e1ch. Tieto vrec\u00fa\u0161ka, ktor\u00e9 vyr\u00e1ba spolo\u010dnos\u0165 White Industries AB, \u0161v\u00e9dsky v\u00fdrobca zn\u00e1my spojen\u00edm modern\u00fdch met\u00f3d s tradi\u010dnou kvalitou, s\u00fa pr\u00edkladom vysok\u00fdch \u0161tandardov a inovat\u00edvnych kombin\u00e1ci\u00ed chut\u00ed.<\/span><\/p>\n<table>\n<tbody>\n<tr>\n<td><b>Atrib\u00fat<\/b><\/td>\n<td><b>Podrobnosti<\/b><\/td>\n<\/tr>\n<tr>\n<td><b>Obsah na plechovku<\/b><\/td>\n<td><span style=\"font-weight: 400;\">12 g (20 vrec\u00fa\u0161ok)<\/span><\/td>\n<\/tr>\n<tr>\n<td><b>Obsah nikot\u00ednu<\/b><\/td>\n<td><span style=\"font-weight: 400;\">8 mg\/g (5 mg na vrec\u00fa\u0161ko)<\/span><\/td>\n<\/tr>\n<tr>\n<td><b>Form\u00e1t vrecka<\/b><\/td>\n<td><span style=\"font-weight: 400;\">Slim<\/span><\/td>\n<\/tr>\n<tr>\n<td><b>V\u00fdrobca<\/b><\/td>\n<td><span style=\"font-weight: 400;\">White Industries AB<\/span><\/td>\n<\/tr>\n<tr>\n<td><b>Pr\u00edchu\u0165<\/b><\/td>\n<td><span style=\"font-weight: 400;\">Jahoda a \u0161ampansk\u00e9<\/span><\/td>\n<\/tr>\n<tr>\n<td><b>Typ<\/b><\/td>\n<td><span style=\"font-weight: 400;\">Celobiele vrecko<\/span><\/td>\n<\/tr>\n<\/tbody>\n<\/table>","protected":false},"excerpt":{"rendered":"<p>Sofistikovan\u00e9, svie\u017ee <strong data-start=\"21\" data-end=\"35\">jahody<\/strong> s jemn\u00fdm n\u00e1dychom \u0161ampansk\u00e9ho pre elegantn\u00fa a vyv\u00e1\u017een\u00fa chu\u0165. <strong data-start=\"97\" data-end=\"105\">Slim<\/strong> vrec\u00fa\u0161ka sa diskr\u00e9tne umiestnia pod pery a nezanech\u00e1vaj\u00fa \u0161kvrny na zuboch. Ka\u017ed\u00e9 vrecko obsahuje <strong data-start=\"186\" data-end=\"206\">~4,8 mg nikot\u00ednu<\/strong> (<strong data-start=\"208\" data-end=\"218\">8 mg\/g<\/strong>) a poskytuje mierny a uspokojiv\u00fd z\u00e1\u017eitok. V\u00fdrobca: White Industries AB (\u0160v\u00e9dsko).<\/p>","protected":false},"featured_media":92081,"comment_status":"open","ping_status":"closed","template":"","format":[206],"meta":{"_acf_changed":false},"product_brand":[],"product_cat":[83],"product_tag":[16636],"flavours":[196],"nicotine":[230,236],"class_list":{"0":"post-8508","1":"product","2":"type-product","3":"status-publish","4":"has-post-thumbnail","6":"product_cat-kelly-white","7":"product_tag-4-8-mg-pouch","8":"pa_quantity-1-pack","9":"pa_quantity-10-pack","10":"pa_quantity-3-pack","11":"pa_quantity-30-pack","12":"pa_quantity-5-pack","13":"pa_quantity-60-pack","14":"flavours-fruits-berries","15":"format-slim","16":"nicotine-8-mg-g","17":"nicotine-strong","19":"first","20":"instock","21":"taxable","22":"shipping-taxable","23":"purchasable","24":"product-type-variable"},"acf":[],"_links":{"self":[{"href":"https:\/\/whitelip.com\/sk\/wp-json\/wp\/v2\/product\/8508","targetHints":{"allow":["GET"]}}],"collection":[{"href":"https:\/\/whitelip.com\/sk\/wp-json\/wp\/v2\/product"}],"about":[{"href":"https:\/\/whitelip.com\/sk\/wp-json\/wp\/v2\/types\/product"}],"replies":[{"embeddable":true,"href":"https:\/\/whitelip.com\/sk\/wp-json\/wp\/v2\/comments?post=8508"}],"wp:featuredmedia":[{"embeddable":true,"href":"https:\/\/whitelip.com\/sk\/wp-json\/wp\/v2\/media\/92081"}],"wp:attachment":[{"href":"https:\/\/whitelip.com\/sk\/wp-json\/wp\/v2\/media?parent=8508"}],"wp:term":[{"taxonomy":"product_brand","embeddable":true,"href":"https:\/\/whitelip.com\/sk\/wp-json\/wp\/v2\/product_brand?post=8508"},{"taxonomy":"product_cat","embeddable":true,"href":"https:\/\/whitelip.com\/sk\/wp-json\/wp\/v2\/product_cat?post=8508"},{"taxonomy":"product_tag","embeddable":true,"href":"https:\/\/whitelip.com\/sk\/wp-json\/wp\/v2\/product_tag?post=8508"},{"taxonomy":"flavours","embeddable":true,"href":"https:\/\/whitelip.com\/sk\/wp-json\/wp\/v2\/flavours?post=8508"},{"taxonomy":"format","embeddable":true,"href":"https:\/\/whitelip.com\/sk\/wp-json\/wp\/v2\/format?post=8508"},{"taxonomy":"nicotine","embeddable":true,"href":"https:\/\/whitelip.com\/sk\/wp-json\/wp\/v2\/nicotine?post=8508"}],"curies":[{"name":"wp","href":"https:\/\/api.w.org\/{rel}","templated":true}]}}