{"id":8504,"date":"2024-11-28T12:47:21","date_gmt":"2024-11-28T12:47:21","guid":{"rendered":"https:\/\/whitelip.com\/kelly-white-cool-mint-slim-strong\/"},"modified":"2026-05-02T10:11:39","modified_gmt":"2026-05-02T10:11:39","slug":"kelly-white-cool-mint-slim-strong","status":"publish","type":"product","link":"https:\/\/whitelip.com\/sk\/kelly-white\/kelly-white-cool-mint-slim-strong\/","title":{"rendered":"KELLY WHITE Cool Mint Slim Strong"},"content":{"rendered":"<h2><b>Kelly White Cool Mint Slim Strong<\/b><\/h2>\n<p><span style=\"font-weight: 400;\">Nik\u00f3tinov\u00e9 vank\u00fa\u0161iky Kelly White Cool Mint Slim Strong pon\u00fakaj\u00fa osvie\u017euj\u00facu zmes pr\u00edchut\u00ed mentolu a peperm\u00edntu, doplnen\u00fa jemnou sladkos\u0165ou. Ka\u017ed\u00fd vank\u00fa\u0161ik slim form\u00e1tu obsahuje 15 mg nik\u00f3tinu na gram, \u010do zodpoved\u00e1 pribli\u017ene 8 mg na vank\u00fa\u0161ik, \u010do poskytuje siln\u00fd z\u00e1\u017eitok vhodn\u00fd pre pravideln\u00fdch pou\u017e\u00edvate\u013eov. Vank\u00fa\u0161iky s\u00fa navrhnut\u00e9 na diskr\u00e9tne pou\u017eitie bez farbenia zubov, \u010do ich rob\u00ed ide\u00e1lnymi na cest\u00e1ch. Vyr\u00e1baj\u00fa ich White Industries AB, \u0161v\u00e9dsky v\u00fdrobca zn\u00e1my prep\u00e1jan\u00edm s\u00fa\u010dasn\u00fdch met\u00f3d s tradi\u010dnou kvalitou, tieto vank\u00fa\u0161iky reprezentuj\u00fa vysok\u00e9 normy a inovat\u00edvne pr\u00edchute.<\/span><\/p>\n<table>\n<tbody>\n<tr>\n<td><b>Atrib\u00fat<\/b><\/td>\n<td><b>Podrobnosti<\/b><\/td>\n<\/tr>\n<tr>\n<td><b>Obsah na plechovku<\/b><\/td>\n<td><span style=\"font-weight: 400;\">11 g (20 vrec\u00fa\u0161ok)<\/span><\/td>\n<\/tr>\n<tr>\n<td><b>Obsah nikot\u00ednu<\/b><\/td>\n<td><span style=\"font-weight: 400;\">15 mg\/g (8 mg per pouch)<\/span><\/td>\n<\/tr>\n<tr>\n<td><b>Form\u00e1t vrecka<\/b><\/td>\n<td><span style=\"font-weight: 400;\">Slim<\/span><\/td>\n<\/tr>\n<tr>\n<td><b>V\u00fdrobca<\/b><\/td>\n<td><span style=\"font-weight: 400;\">White Industries AB<\/span><\/td>\n<\/tr>\n<tr>\n<td><b>Pr\u00edchu\u0165<\/b><\/td>\n<td><span style=\"font-weight: 400;\">Mentol a m\u00e4ta pieporn\u00e1<\/span><\/td>\n<\/tr>\n<tr>\n<td><b>Typ<\/b><\/td>\n<td><span style=\"font-weight: 400;\">Celobiele vrecko<\/span><\/td>\n<\/tr>\n<\/tbody>\n<\/table>","protected":false},"excerpt":{"rendered":"<p>Osvie\u017euj\u00face <strong data-start=\"11\" data-end=\"24\">chladn\u00e1 m\u00e4ta<\/strong> mie\u0161a mentol a m\u00e4tu s jemnou sladkos\u0165ou. <strong data-start=\"82\" data-end=\"90\">Slim<\/strong>, \u00faplne biele vrec\u00fa\u0161ka bez tabaku sa diskr\u00e9tne umiestnia pod pery a nezafarbia zuby, ide\u00e1lne na cesty. Ka\u017ed\u00e9 vrec\u00fa\u0161ko obsahuje <strong data-start=\"213\" data-end=\"233\">8 mg nikot\u00ednu<\/strong> (15 mg\/g), poskytuje siln\u00fd, uspokojiv\u00fd z\u00e1\u017eitok.<\/p>","protected":false},"featured_media":95682,"comment_status":"open","ping_status":"closed","template":"","format":[206],"meta":{"_acf_changed":false},"product_brand":[],"product_cat":[83],"product_tag":[16583],"flavours":[199],"nicotine":[211,232],"class_list":{"0":"post-8504","1":"product","2":"type-product","3":"status-publish","4":"has-post-thumbnail","6":"product_cat-kelly-white","7":"product_tag-8-mg-pouch","8":"pa_quantity-1-pack","9":"pa_quantity-10-pack","10":"pa_quantity-3-pack","11":"pa_quantity-30-pack","12":"pa_quantity-5-pack","13":"pa_quantity-60-pack","14":"flavours-mint","15":"format-slim","16":"nicotine-14-mg-g","17":"nicotine-extra-strong","19":"first","20":"outofstock","21":"taxable","22":"shipping-taxable","23":"purchasable","24":"product-type-variable"},"acf":[],"_links":{"self":[{"href":"https:\/\/whitelip.com\/sk\/wp-json\/wp\/v2\/product\/8504","targetHints":{"allow":["GET"]}}],"collection":[{"href":"https:\/\/whitelip.com\/sk\/wp-json\/wp\/v2\/product"}],"about":[{"href":"https:\/\/whitelip.com\/sk\/wp-json\/wp\/v2\/types\/product"}],"replies":[{"embeddable":true,"href":"https:\/\/whitelip.com\/sk\/wp-json\/wp\/v2\/comments?post=8504"}],"wp:featuredmedia":[{"embeddable":true,"href":"https:\/\/whitelip.com\/sk\/wp-json\/wp\/v2\/media\/95682"}],"wp:attachment":[{"href":"https:\/\/whitelip.com\/sk\/wp-json\/wp\/v2\/media?parent=8504"}],"wp:term":[{"taxonomy":"product_brand","embeddable":true,"href":"https:\/\/whitelip.com\/sk\/wp-json\/wp\/v2\/product_brand?post=8504"},{"taxonomy":"product_cat","embeddable":true,"href":"https:\/\/whitelip.com\/sk\/wp-json\/wp\/v2\/product_cat?post=8504"},{"taxonomy":"product_tag","embeddable":true,"href":"https:\/\/whitelip.com\/sk\/wp-json\/wp\/v2\/product_tag?post=8504"},{"taxonomy":"flavours","embeddable":true,"href":"https:\/\/whitelip.com\/sk\/wp-json\/wp\/v2\/flavours?post=8504"},{"taxonomy":"format","embeddable":true,"href":"https:\/\/whitelip.com\/sk\/wp-json\/wp\/v2\/format?post=8504"},{"taxonomy":"nicotine","embeddable":true,"href":"https:\/\/whitelip.com\/sk\/wp-json\/wp\/v2\/nicotine?post=8504"}],"curies":[{"name":"wp","href":"https:\/\/api.w.org\/{rel}","templated":true}]}}