{"id":8502,"date":"2024-11-28T12:47:21","date_gmt":"2024-11-28T12:47:21","guid":{"rendered":"https:\/\/whitelip.com\/kelly-white-sweet-peach-mini-strong\/"},"modified":"2026-04-30T10:10:58","modified_gmt":"2026-04-30T10:10:58","slug":"kelly-white-sweet-peach-slim-strong","status":"publish","type":"product","link":"https:\/\/whitelip.com\/sk\/kelly-white\/kelly-white-sweet-peach-slim-strong\/","title":{"rendered":"KELLY WHITE Sweet Peach Slim Strong"},"content":{"rendered":"<h2>KELLY WHITE Sweet Peach Slim Strong<\/h2>\n<p><span style=\"font-weight: 400;\">Nik\u00f3tinov\u00e9 vank\u00fa\u0161iky Kelly White Sweet Peach Slim pon\u00fakaj\u00fa n\u00e1dhern\u00fd zmes pr\u00edchute sladk\u00e9ho brosky\u0148ov\u00e9ho v diskr\u00e9tnom slim form\u00e1te. Ka\u017ed\u00fd vank\u00fa\u0161ik obsahuje 15 mg nik\u00f3tinu na gram, \u010do zodpoved\u00e1 8 mg na vank\u00fa\u0161ik, \u010do poskytuje mierne z\u00e1\u017eitok vhodn\u00fd pre pravideln\u00fdch pou\u017e\u00edvate\u013eov. Vank\u00fa\u0161iky s\u00fa navrhnut\u00e9 na diskr\u00e9tne pou\u017eitie bez farbenia zubov, \u010do ich rob\u00ed ide\u00e1lnymi na cest\u00e1ch. Vyr\u00e1baj\u00fa ich White Industries AB, \u0161v\u00e9dsky v\u00fdrobca zn\u00e1my prep\u00e1jan\u00edm s\u00fa\u010dasn\u00fdch met\u00f3d s tradi\u010dnou kvalitou, tieto vank\u00fa\u0161iky reprezentuj\u00fa vysok\u00e9 normy a inovat\u00edvne pr\u00edchute.<\/span><\/p>\n<table>\n<tbody>\n<tr>\n<td><b>Atrib\u00fat<\/b><\/td>\n<td><b>Podrobnosti<\/b><\/td>\n<\/tr>\n<tr>\n<td><b>Obsah na plechovku<\/b><\/td>\n<td><span style=\"font-weight: 400;\">10 g (20 vrec\u00fa\u0161ok)<\/span><\/td>\n<\/tr>\n<tr>\n<td><b>Obsah nikot\u00ednu<\/b><\/td>\n<td><span style=\"font-weight: 400;\">15 mg\/g (8 mg per pouch)<\/span><\/td>\n<\/tr>\n<tr>\n<td><b>Form\u00e1t vrecka<\/b><\/td>\n<td><span style=\"font-weight: 400;\">Slim<\/span><\/td>\n<\/tr>\n<tr>\n<td><b>V\u00fdrobca<\/b><\/td>\n<td><span style=\"font-weight: 400;\">White Industries AB<\/span><\/td>\n<\/tr>\n<tr>\n<td><b>Pr\u00edchu\u0165<\/b><\/td>\n<td><span style=\"font-weight: 400;\">Sladk\u00e1 brosky\u0148a<\/span><\/td>\n<\/tr>\n<tr>\n<td><b>Typ<\/b><\/td>\n<td><span style=\"font-weight: 400;\">Celobiele vrecko<\/span><\/td>\n<\/tr>\n<\/tbody>\n<\/table>","protected":false},"excerpt":{"rendered":"<p>Rozko\u0161n\u00fd, sladk\u00fd <strong data-start=\"18\" data-end=\"27\">brosky\u0148a<\/strong> v diskr\u00e9tnom <b>Slim <\/b>form\u00e1t. Celobiele vrec\u00fa\u0161ka bez tabaku sa diskr\u00e9tne umiestnia pod pery a nezanech\u00e1vaj\u00fa \u0161kvrny na zuboch, ide\u00e1lne na cesty. Ka\u017ed\u00e9 vrecko obsahuje <strong data-start=\"180\" data-end=\"198\">8 mg nikot\u00ednu<\/strong> (15 mg\/g), \u010do poskytuje vyv\u00e1\u017een\u00fd, uspokojiv\u00fd z\u00e1\u017eitok.<\/p>","protected":false},"featured_media":92086,"comment_status":"open","ping_status":"closed","template":"","format":[206],"meta":{"_acf_changed":false},"product_brand":[],"product_cat":[83],"product_tag":[16445,16583],"flavours":[196],"nicotine":[211,232],"class_list":{"0":"post-8502","1":"product","2":"type-product","3":"status-publish","4":"has-post-thumbnail","6":"product_cat-kelly-white","7":"product_tag-20-off","8":"product_tag-8-mg-pouch","9":"pa_quantity-1-pack","10":"pa_quantity-10-pack","11":"pa_quantity-3-pack","12":"pa_quantity-30-pack","13":"pa_quantity-5-pack","14":"pa_quantity-60-pack","15":"flavours-fruits-berries","16":"format-slim","17":"nicotine-14-mg-g","18":"nicotine-extra-strong","20":"first","21":"instock","22":"sale","23":"taxable","24":"shipping-taxable","25":"purchasable","26":"product-type-variable"},"acf":[],"_links":{"self":[{"href":"https:\/\/whitelip.com\/sk\/wp-json\/wp\/v2\/product\/8502","targetHints":{"allow":["GET"]}}],"collection":[{"href":"https:\/\/whitelip.com\/sk\/wp-json\/wp\/v2\/product"}],"about":[{"href":"https:\/\/whitelip.com\/sk\/wp-json\/wp\/v2\/types\/product"}],"replies":[{"embeddable":true,"href":"https:\/\/whitelip.com\/sk\/wp-json\/wp\/v2\/comments?post=8502"}],"wp:featuredmedia":[{"embeddable":true,"href":"https:\/\/whitelip.com\/sk\/wp-json\/wp\/v2\/media\/92086"}],"wp:attachment":[{"href":"https:\/\/whitelip.com\/sk\/wp-json\/wp\/v2\/media?parent=8502"}],"wp:term":[{"taxonomy":"product_brand","embeddable":true,"href":"https:\/\/whitelip.com\/sk\/wp-json\/wp\/v2\/product_brand?post=8502"},{"taxonomy":"product_cat","embeddable":true,"href":"https:\/\/whitelip.com\/sk\/wp-json\/wp\/v2\/product_cat?post=8502"},{"taxonomy":"product_tag","embeddable":true,"href":"https:\/\/whitelip.com\/sk\/wp-json\/wp\/v2\/product_tag?post=8502"},{"taxonomy":"flavours","embeddable":true,"href":"https:\/\/whitelip.com\/sk\/wp-json\/wp\/v2\/flavours?post=8502"},{"taxonomy":"format","embeddable":true,"href":"https:\/\/whitelip.com\/sk\/wp-json\/wp\/v2\/format?post=8502"},{"taxonomy":"nicotine","embeddable":true,"href":"https:\/\/whitelip.com\/sk\/wp-json\/wp\/v2\/nicotine?post=8502"}],"curies":[{"name":"wp","href":"https:\/\/api.w.org\/{rel}","templated":true}]}}