{"id":8496,"date":"2024-11-28T12:46:58","date_gmt":"2024-11-28T12:46:58","guid":{"rendered":"https:\/\/whitelip.com\/loop-red-chili-melon-hyper-strong\/"},"modified":"2026-05-09T10:11:04","modified_gmt":"2026-05-09T10:11:04","slug":"loop-red-chili-melon-hyper-strong","status":"publish","type":"product","link":"https:\/\/whitelip.com\/sk\/loop\/loop-red-chili-melon-hyper-strong\/","title":{"rendered":"LOOP \u010cerven\u00e9 chilli mel\u00f3n Hyper Strong"},"content":{"rendered":"<h2><b>LOOP \u010cerven\u00e9 chilli mel\u00f3n Hyper Strong<\/b><\/h2>\n<p><span style=\"font-weight: 400;\">LOOP Red Chili Melon Hyper Strong prin\u00e1\u0161a odv\u00e1\u017enu kombin\u00e1ciu sladk\u00e9ho, \u0161\u0165avnat\u00e9ho mel\u00f3nu a ohniv\u00e9ho chilli, \u010do vytv\u00e1ra intenz\u00edvny a jedine\u010dn\u00fd chu\u0165ov\u00fd profil. Tieto tenk\u00e9 nikot\u00ednov\u00e9 vrec\u00fa\u0161ka s\u00fa vytvoren\u00e9 pre sk\u00fasen\u00fdch u\u017e\u00edvate\u013eov, ktor\u00ed h\u013eadaj\u00fa odv\u00e1\u017eny a siln\u00fd nikot\u00ednov\u00fd z\u00e1\u017eitok. V\u010faka vysok\u00e9mu obsahu nikot\u00ednu poskytuje LOOP Red Chili Melon Hyper Strong siln\u00fd, ale uspokojiv\u00fd pocit. Tieto vrec\u00fa\u0161ka s\u00fa navrhnut\u00e9 na diskr\u00e9tne pou\u017e\u00edvanie a pohodlne sa zmestia pod pery, \u010do zaru\u010duje pohodln\u00fa a povzbudzuj\u00facu mo\u017enos\u0165 pre ak\u00e9ko\u013evek prostredie.<\/span><\/p>\n<table>\n<tbody>\n<tr>\n<td><b>Atrib\u00fat<\/b><\/td>\n<td><b>Podrobnosti<\/b><\/td>\n<\/tr>\n<tr>\n<td><span style=\"font-weight: 400;\">Obsah na plechovku<\/span><\/td>\n<td><span style=\"font-weight: 400;\">12 g (20 vrec\u00fa\u0161ok)<\/span><\/td>\n<\/tr>\n<tr>\n<td><span style=\"font-weight: 400;\">Obsah nikot\u00ednu<\/span><\/td>\n<td><span style=\"font-weight: 400;\">25 mg\/g<\/span><\/td>\n<\/tr>\n<tr>\n<td><span style=\"font-weight: 400;\">Form\u00e1t vrecka<\/span><\/td>\n<td><span style=\"font-weight: 400;\">Slim<\/span><\/td>\n<\/tr>\n<tr>\n<td><span style=\"font-weight: 400;\">V\u00fdrobca<\/span><\/td>\n<td><span style=\"font-weight: 400;\">LOOP<\/span><\/td>\n<\/tr>\n<tr>\n<td><span style=\"font-weight: 400;\">Pr\u00edchu\u0165<\/span><\/td>\n<td><span style=\"font-weight: 400;\">\u010cerven\u00e9 \u010dili a mel\u00f3n<\/span><\/td>\n<\/tr>\n<tr>\n<td><span style=\"font-weight: 400;\">Typ<\/span><\/td>\n<td><span style=\"font-weight: 400;\">Celobiele vrecko, bez tabaku<\/span><\/td>\n<\/tr>\n<\/tbody>\n<\/table>","protected":false},"excerpt":{"rendered":"<p>Odv\u00e1\u017ene <strong data-start=\"7\" data-end=\"26\">\u010derven\u00fd chilli mel\u00f3n<\/strong> s ohniv\u00fdm n\u00e1dychom pre intenz\u00edvnu a jedine\u010dn\u00fa chu\u0165. <strong data-start=\"75\" data-end=\"83\">Slim<\/strong>, vrec\u00fa\u0161ka bez tabaku sa diskr\u00e9tne umiestnia pod pery, aby sa dali pohodlne pou\u017e\u00edva\u0165. <strong>Hyper Strong<\/strong> obsah nikot\u00ednu prin\u00e1\u0161a sk\u00fasen\u00fdm u\u017e\u00edvate\u013eom siln\u00fd, ale uspokojiv\u00fd pocit.<\/p>","protected":false},"featured_media":8497,"comment_status":"open","ping_status":"closed","template":"","format":[206],"meta":{"_acf_changed":false},"product_brand":[],"product_cat":[32],"product_tag":[17005],"flavours":[187,196],"nicotine":[219,232],"class_list":{"0":"post-8496","1":"product","2":"type-product","3":"status-publish","4":"has-post-thumbnail","6":"product_cat-loop","7":"product_tag-15-6-mg-pouch","8":"pa_quantity-1-pack","9":"pa_quantity-10-pack","10":"pa_quantity-3-pack","11":"pa_quantity-30-pack","12":"pa_quantity-5-pack","13":"pa_quantity-60-pack","14":"flavours-chili","15":"flavours-fruits-berries","16":"format-slim","17":"nicotine-25-mg-g","18":"nicotine-extra-strong","20":"first","21":"instock","22":"taxable","23":"shipping-taxable","24":"purchasable","25":"product-type-variable"},"acf":[],"_links":{"self":[{"href":"https:\/\/whitelip.com\/sk\/wp-json\/wp\/v2\/product\/8496","targetHints":{"allow":["GET"]}}],"collection":[{"href":"https:\/\/whitelip.com\/sk\/wp-json\/wp\/v2\/product"}],"about":[{"href":"https:\/\/whitelip.com\/sk\/wp-json\/wp\/v2\/types\/product"}],"replies":[{"embeddable":true,"href":"https:\/\/whitelip.com\/sk\/wp-json\/wp\/v2\/comments?post=8496"}],"wp:featuredmedia":[{"embeddable":true,"href":"https:\/\/whitelip.com\/sk\/wp-json\/wp\/v2\/media\/8497"}],"wp:attachment":[{"href":"https:\/\/whitelip.com\/sk\/wp-json\/wp\/v2\/media?parent=8496"}],"wp:term":[{"taxonomy":"product_brand","embeddable":true,"href":"https:\/\/whitelip.com\/sk\/wp-json\/wp\/v2\/product_brand?post=8496"},{"taxonomy":"product_cat","embeddable":true,"href":"https:\/\/whitelip.com\/sk\/wp-json\/wp\/v2\/product_cat?post=8496"},{"taxonomy":"product_tag","embeddable":true,"href":"https:\/\/whitelip.com\/sk\/wp-json\/wp\/v2\/product_tag?post=8496"},{"taxonomy":"flavours","embeddable":true,"href":"https:\/\/whitelip.com\/sk\/wp-json\/wp\/v2\/flavours?post=8496"},{"taxonomy":"format","embeddable":true,"href":"https:\/\/whitelip.com\/sk\/wp-json\/wp\/v2\/format?post=8496"},{"taxonomy":"nicotine","embeddable":true,"href":"https:\/\/whitelip.com\/sk\/wp-json\/wp\/v2\/nicotine?post=8496"}],"curies":[{"name":"wp","href":"https:\/\/api.w.org\/{rel}","templated":true}]}}