{"id":8492,"date":"2024-12-20T19:39:27","date_gmt":"2024-12-20T19:39:27","guid":{"rendered":"https:\/\/whitelip.com\/xqs-chili-mango-strong\/"},"modified":"2026-04-13T17:36:46","modified_gmt":"2026-04-13T17:36:46","slug":"xqs-chili-mango-strong","status":"publish","type":"product","link":"https:\/\/whitelip.com\/sk\/xqs\/xqs-chili-mango-strong\/","title":{"rendered":"XQS Chili Mango Strong"},"content":{"rendered":"<h2><b>XQS Chili Mango Strong<\/b><\/h2>\n<p><span style=\"font-weight: 400;\">XQS Chili Mango Strong pon\u00faka odv\u00e1\u017enu a exotick\u00fa kombin\u00e1ciu chut\u00ed, ktor\u00e1 sp\u00e1ja <\/span><b>sladk\u00e1 tropick\u00e1 chu\u0165 zrel\u00e9ho manga<\/b><span style=\"font-weight: 400;\"> s ohniv\u00fdm n\u00e1dychom <\/span><b>pikantn\u00e9 \u010dili<\/b><span style=\"font-weight: 400;\">. Toto jedine\u010dn\u00e9 spojenie vytv\u00e1ra vyv\u00e1\u017een\u00fd z\u00e1\u017eitok, ktor\u00fd prin\u00e1\u0161a sladkos\u0165 aj p\u00e1livos\u0165 pre t\u00fdch, ktor\u00ed maj\u00fa radi odv\u00e1\u017ene a \u017eiv\u00e9 chute. Ka\u017ed\u00e9 tenk\u00e9, \u00faplne biele vrec\u00fa\u0161ko obsahuje <\/span><b>10 mg nikot\u00ednu<\/b><span style=\"font-weight: 400;\">, a poskytuje siln\u00e9 a konzistentn\u00e9 uvo\u013enenie pre pou\u017e\u00edvate\u013eov, ktor\u00ed h\u013eadaj\u00fa uspokojuj\u00faci nikot\u00ednov\u00fd \u0161ok.<\/span><\/p>\n<p><span style=\"font-weight: 400;\">\u0160t\u00edhly form\u00e1t zaru\u010duje pohodln\u00e9 a diskr\u00e9tne umiestnenie pod pery, \u010do umo\u017e\u0148uje \u010dist\u00e9 a ne\u0161piniv\u00e9 pou\u017eitie kedyko\u013evek a kdeko\u013evek. XQS Chili Mango Strong, ktor\u00fd je vyroben\u00fd \u00faplne bez tabaku a je vyroben\u00fd z vysokokvalitn\u00fdch rastlinn\u00fdch vl\u00e1kien, prin\u00e1\u0161a modern\u00fd nikot\u00ednov\u00fd z\u00e1\u017eitok so vzru\u0161uj\u00facim n\u00e1dychom tropickej sladkosti a korenia. Ide\u00e1lne pre pou\u017e\u00edvate\u013eov, ktor\u00ed h\u013eadaj\u00fa osvie\u017euj\u00facu a ohniv\u00fa kombin\u00e1ciu vo svojich nikot\u00ednov\u00fdch vrec\u00fa\u0161kach.<\/span><\/p>\n<table>\n<tbody>\n<tr>\n<td><b>Atrib\u00fat<\/b><\/td>\n<td><b>Podrobnosti<\/b><\/td>\n<\/tr>\n<tr>\n<td><b>Zna\u010dka<\/b><\/td>\n<td><span style=\"font-weight: 400;\">XQS<\/span><\/td>\n<\/tr>\n<tr>\n<td><b>Typ v\u00fdrobku<\/b><\/td>\n<td><span style=\"font-weight: 400;\">V\u0161etky biele nikot\u00ednov\u00e9 vreck\u00e1<\/span><\/td>\n<\/tr>\n<tr>\n<td><b>Form\u00e1t<\/b><\/td>\n<td><span style=\"font-weight: 400;\">Slim<\/span><\/td>\n<\/tr>\n<tr>\n<td><b>Pr\u00edchu\u0165<\/b><\/td>\n<td><span style=\"font-weight: 400;\">Mango a \u010dili<\/span><\/td>\n<\/tr>\n<tr>\n<td><b>Sila nikot\u00ednu<\/b><\/td>\n<td><span style=\"font-weight: 400;\">10 mg na vrecko (13 mg\/g)<\/span><\/td>\n<\/tr>\n<tr>\n<td><b>Hmotnos\u0165 porcie<\/b><\/td>\n<td><span style=\"font-weight: 400;\">0,75 gramu<\/span><\/td>\n<\/tr>\n<tr>\n<td><b>Po\u010det porci\u00ed<\/b><\/td>\n<td><span style=\"font-weight: 400;\">20 za plechovku<\/span><\/td>\n<\/tr>\n<tr>\n<td><b>Celkov\u00e1 hmotnos\u0165 plechovky<\/b><\/td>\n<td><span style=\"font-weight: 400;\">15 gramov<\/span><\/td>\n<\/tr>\n<tr>\n<td><b>V\u00fdrobca<\/b><\/td>\n<td><span style=\"font-weight: 400;\">XQS International<\/span><\/td>\n<\/tr>\n<tr>\n<td><b>Pozoruhodn\u00e9 funkcie<\/b><\/td>\n<td><span style=\"font-weight: 400;\">Bez tabaku, \u0161t\u00edhly form\u00e1t, tropick\u00e1 pr\u00edchu\u0165 manga s pikantn\u00fdm chilli<\/span><\/td>\n<\/tr>\n<\/tbody>\n<\/table>","protected":false},"excerpt":{"rendered":"<p><span style=\"font-weight: 400;\">XQS Chili Mango Strong pon\u00faka odv\u00e1\u017enu a exotick\u00fa kombin\u00e1ciu chut\u00ed, ktor\u00e1 sp\u00e1ja <\/span><b>sladk\u00e1 tropick\u00e1 chu\u0165 zrel\u00e9ho manga<\/b><span style=\"font-weight: 400;\"> s ohniv\u00fdm n\u00e1dychom <\/span><b>pikantn\u00e9 \u010dili<\/b><span style=\"font-weight: 400;\">. Toto jedine\u010dn\u00e9 spojenie vytv\u00e1ra vyv\u00e1\u017een\u00fd z\u00e1\u017eitok, ktor\u00fd prin\u00e1\u0161a sladkos\u0165 aj p\u00e1livos\u0165 pre t\u00fdch, ktor\u00ed maj\u00fa radi odv\u00e1\u017ene a \u017eiv\u00e9 chute. Ka\u017ed\u00e9 tenk\u00e9, \u00faplne biele vrec\u00fa\u0161ko obsahuje <\/span><b>10 mg nikot\u00ednu<\/b><span style=\"font-weight: 400;\">, a poskytuje siln\u00e9 a konzistentn\u00e9 uvo\u013enenie pre pou\u017e\u00edvate\u013eov, ktor\u00ed h\u013eadaj\u00fa uspokojuj\u00faci nikot\u00ednov\u00fd \u0161ok.<\/span><\/p>","protected":false},"featured_media":8493,"comment_status":"open","ping_status":"closed","template":"","format":[206],"meta":{"_acf_changed":false},"product_brand":[],"product_cat":[27],"product_tag":[16587],"flavours":[187,196],"nicotine":[213,232],"class_list":{"0":"post-8492","1":"product","2":"type-product","3":"status-publish","4":"has-post-thumbnail","6":"product_cat-xqs","7":"product_tag-10-mg-pouch","8":"pa_quantity-1-pack","9":"pa_quantity-10-pack","10":"pa_quantity-3-pack","11":"pa_quantity-30-pack","12":"pa_quantity-5-pack","13":"pa_quantity-60-pack","14":"flavours-chili","15":"flavours-fruits-berries","16":"format-slim","17":"nicotine-16-mg-g","18":"nicotine-extra-strong","20":"first","21":"outofstock","22":"taxable","23":"shipping-taxable","24":"purchasable","25":"product-type-variable"},"acf":[],"_links":{"self":[{"href":"https:\/\/whitelip.com\/sk\/wp-json\/wp\/v2\/product\/8492","targetHints":{"allow":["GET"]}}],"collection":[{"href":"https:\/\/whitelip.com\/sk\/wp-json\/wp\/v2\/product"}],"about":[{"href":"https:\/\/whitelip.com\/sk\/wp-json\/wp\/v2\/types\/product"}],"replies":[{"embeddable":true,"href":"https:\/\/whitelip.com\/sk\/wp-json\/wp\/v2\/comments?post=8492"}],"wp:featuredmedia":[{"embeddable":true,"href":"https:\/\/whitelip.com\/sk\/wp-json\/wp\/v2\/media\/8493"}],"wp:attachment":[{"href":"https:\/\/whitelip.com\/sk\/wp-json\/wp\/v2\/media?parent=8492"}],"wp:term":[{"taxonomy":"product_brand","embeddable":true,"href":"https:\/\/whitelip.com\/sk\/wp-json\/wp\/v2\/product_brand?post=8492"},{"taxonomy":"product_cat","embeddable":true,"href":"https:\/\/whitelip.com\/sk\/wp-json\/wp\/v2\/product_cat?post=8492"},{"taxonomy":"product_tag","embeddable":true,"href":"https:\/\/whitelip.com\/sk\/wp-json\/wp\/v2\/product_tag?post=8492"},{"taxonomy":"flavours","embeddable":true,"href":"https:\/\/whitelip.com\/sk\/wp-json\/wp\/v2\/flavours?post=8492"},{"taxonomy":"format","embeddable":true,"href":"https:\/\/whitelip.com\/sk\/wp-json\/wp\/v2\/format?post=8492"},{"taxonomy":"nicotine","embeddable":true,"href":"https:\/\/whitelip.com\/sk\/wp-json\/wp\/v2\/nicotine?post=8492"}],"curies":[{"name":"wp","href":"https:\/\/api.w.org\/{rel}","templated":true}]}}