{"id":8476,"date":"2024-12-20T19:39:26","date_gmt":"2024-12-20T19:39:26","guid":{"rendered":"https:\/\/whitelip.com\/xqs-cool-ice-slim-x-strong\/"},"modified":"2026-05-06T10:11:37","modified_gmt":"2026-05-06T10:11:37","slug":"xqs-cool-ice-slim-x-strong","status":"publish","type":"product","link":"https:\/\/whitelip.com\/sk\/xqs\/xqs-cool-ice-slim-x-strong\/","title":{"rendered":"XQS Cool Ice Slim X-Strong"},"content":{"rendered":"<h2><b>XQS Cool Ice Slim X-Stron<\/b><b>g<\/b><\/h2>\n<p><span style=\"font-weight: 400;\">XQS Cool Ice Slim X-Strong prin\u00e1\u0161a svie\u017ei a osvie\u017euj\u00faci <\/span><b style=\"font-size: 16px;\">\u013eadov\u00e1 m\u00e4tov\u00e1 pr\u00edchu\u0165<\/b><span style=\"font-weight: 400;\"> s jemn\u00fdm chladiv\u00fdm pocitom, ide\u00e1lna pre t\u00fdch, ktor\u00ed maj\u00fa radi \u010dist\u00fd a povzbudzuj\u00faci nikot\u00ednov\u00fd z\u00e1\u017eitok. S <\/span><b style=\"font-size: 16px;\">14 mg nikot\u00ednu v jednom vrec\u00fa\u0161ku<\/b><span style=\"font-weight: 400;\">, tento v\u00fdrobok poskytuje siln\u00e9 a stabiln\u00e9 uvo\u013enenie, \u010d\u00edm uspokojuje pou\u017e\u00edvate\u013eov, ktor\u00ed h\u013eadaj\u00fa mimoriadne siln\u00fa mo\u017enos\u0165.<\/span><\/p>\n<p><span style=\"font-weight: 400;\">\u0160t\u00edhly form\u00e1t zaru\u010duje diskr\u00e9tne a pohodln\u00e9 umiestnenie pod pery, \u010do umo\u017e\u0148uje kedyko\u013evek pou\u017e\u00edva\u0165 \u010dist\u00fd a bez \u0161kv\u0155n. XQS Cool Ice Slim X-Strong je vyroben\u00fd \u00faplne bez tabaku a je vyroben\u00fd z vysokokvalitn\u00fdch rastlinn\u00fdch vl\u00e1kien a pon\u00faka modern\u00fa, \u010dist\u00fa nikot\u00ednov\u00fa alternat\u00edvu. Jeho chladiv\u00e1 m\u00e4tov\u00e1 pr\u00edchu\u0165 v kombin\u00e1cii so spo\u013eahlivou silou z neho rob\u00ed vynikaj\u00facu vo\u013ebu pre chv\u00edle, ke\u010f potrebujete povzbudenie.<\/span><\/p>\n<table>\n<tbody>\n<tr>\n<td><b>Atrib\u00fat<\/b><\/td>\n<td><b>Podrobnosti<\/b><\/td>\n<\/tr>\n<tr>\n<td><b>Zna\u010dka<\/b><\/td>\n<td><span style=\"font-weight: 400;\">XQS<\/span><\/td>\n<\/tr>\n<tr>\n<td><b>Typ v\u00fdrobku<\/b><\/td>\n<td><span style=\"font-weight: 400;\">V\u0161etky biele nikot\u00ednov\u00e9 vreck\u00e1<\/span><\/td>\n<\/tr>\n<tr>\n<td><b>Form\u00e1t<\/b><\/td>\n<td><span style=\"font-weight: 400;\">Slim<\/span><\/td>\n<\/tr>\n<tr>\n<td><b>Pr\u00edchu\u0165<\/b><\/td>\n<td><span style=\"font-weight: 400;\">\u013dadov\u00e1 m\u00e4ta<\/span><\/td>\n<\/tr>\n<tr>\n<td><b>Sila nikot\u00ednu<\/b><\/td>\n<td><span style=\"font-weight: 400;\">14 mg na vrecko (18 mg\/g)<\/span><\/td>\n<\/tr>\n<tr>\n<td><b>Hmotnos\u0165 porcie<\/b><\/td>\n<td><span style=\"font-weight: 400;\">0,8 gramu<\/span><\/td>\n<\/tr>\n<tr>\n<td><b>Po\u010det porci\u00ed<\/b><\/td>\n<td><span style=\"font-weight: 400;\">20 za plechovku<\/span><\/td>\n<\/tr>\n<tr>\n<td><b>Celkov\u00e1 hmotnos\u0165 plechovky<\/b><\/td>\n<td><span style=\"font-weight: 400;\">16 gramov<\/span><\/td>\n<\/tr>\n<tr>\n<td><b>V\u00fdrobca<\/b><\/td>\n<td><span style=\"font-weight: 400;\">XQS International<\/span><\/td>\n<\/tr>\n<tr>\n<td><b>Pozoruhodn\u00e9 funkcie<\/b><\/td>\n<td><span style=\"font-weight: 400;\">Bez tab\u00e1ka, \u0161t\u00edhly form\u00e1t, siln\u00e1 chladiv\u00e1 mintov\u00e1 pr\u00edchu\u0165 s extra nik\u00f3tinovou silou<\/span><\/td>\n<\/tr>\n<\/tbody>\n<\/table>","protected":false},"excerpt":{"rendered":"<p><span style=\"font-weight: 400;\">XQS Cool Ice <strong>Slim<\/strong> X-Strong prin\u00e1\u0161a svie\u017ei a osvie\u017euj\u00faci <\/span><b>\u013eadov\u00e1 m\u00e4tov\u00e1 pr\u00edchu\u0165<\/b><span style=\"font-weight: 400;\"> s jemn\u00fdm chladiv\u00fdm pocitom, ide\u00e1lna pre t\u00fdch, ktor\u00ed maj\u00fa radi \u010dist\u00fd a povzbudzuj\u00faci nikot\u00ednov\u00fd z\u00e1\u017eitok. S <\/span><b>14 mg nikot\u00ednu v jednom vrec\u00fa\u0161ku<\/b><span style=\"font-weight: 400;\">, tento v\u00fdrobok poskytuje siln\u00e9 a stabiln\u00e9 uvo\u013enenie, \u010d\u00edm uspokojuje pou\u017e\u00edvate\u013eov, ktor\u00ed h\u013eadaj\u00fa mimoriadne siln\u00fa mo\u017enos\u0165.<\/span><\/p>","protected":false},"featured_media":8477,"comment_status":"open","ping_status":"closed","template":"","format":[206],"meta":{"_acf_changed":false},"product_brand":[],"product_cat":[27],"product_tag":[16581],"flavours":[199],"nicotine":[213,232],"class_list":{"0":"post-8476","1":"product","2":"type-product","3":"status-publish","4":"has-post-thumbnail","6":"product_cat-xqs","7":"product_tag-14-mg-pouch","8":"pa_quantity-1-pack","9":"pa_quantity-10-pack","10":"pa_quantity-3-pack","11":"pa_quantity-30-pack","12":"pa_quantity-5-pack","13":"pa_quantity-60-pack","14":"flavours-mint","15":"format-slim","16":"nicotine-16-mg-g","17":"nicotine-extra-strong","19":"first","20":"instock","21":"taxable","22":"shipping-taxable","23":"purchasable","24":"product-type-variable"},"acf":[],"_links":{"self":[{"href":"https:\/\/whitelip.com\/sk\/wp-json\/wp\/v2\/product\/8476","targetHints":{"allow":["GET"]}}],"collection":[{"href":"https:\/\/whitelip.com\/sk\/wp-json\/wp\/v2\/product"}],"about":[{"href":"https:\/\/whitelip.com\/sk\/wp-json\/wp\/v2\/types\/product"}],"replies":[{"embeddable":true,"href":"https:\/\/whitelip.com\/sk\/wp-json\/wp\/v2\/comments?post=8476"}],"wp:featuredmedia":[{"embeddable":true,"href":"https:\/\/whitelip.com\/sk\/wp-json\/wp\/v2\/media\/8477"}],"wp:attachment":[{"href":"https:\/\/whitelip.com\/sk\/wp-json\/wp\/v2\/media?parent=8476"}],"wp:term":[{"taxonomy":"product_brand","embeddable":true,"href":"https:\/\/whitelip.com\/sk\/wp-json\/wp\/v2\/product_brand?post=8476"},{"taxonomy":"product_cat","embeddable":true,"href":"https:\/\/whitelip.com\/sk\/wp-json\/wp\/v2\/product_cat?post=8476"},{"taxonomy":"product_tag","embeddable":true,"href":"https:\/\/whitelip.com\/sk\/wp-json\/wp\/v2\/product_tag?post=8476"},{"taxonomy":"flavours","embeddable":true,"href":"https:\/\/whitelip.com\/sk\/wp-json\/wp\/v2\/flavours?post=8476"},{"taxonomy":"format","embeddable":true,"href":"https:\/\/whitelip.com\/sk\/wp-json\/wp\/v2\/format?post=8476"},{"taxonomy":"nicotine","embeddable":true,"href":"https:\/\/whitelip.com\/sk\/wp-json\/wp\/v2\/nicotine?post=8476"}],"curies":[{"name":"wp","href":"https:\/\/api.w.org\/{rel}","templated":true}]}}