{"id":8470,"date":"2024-11-28T12:46:33","date_gmt":"2024-11-28T12:46:33","guid":{"rendered":"https:\/\/whitelip.com\/on-plus-smooth-mint-slim-strong\/"},"modified":"2026-03-10T09:05:10","modified_gmt":"2026-03-10T09:05:10","slug":"on-plus-smooth-mint-slim-strong","status":"publish","type":"product","link":"https:\/\/whitelip.com\/sk\/on\/on-plus-smooth-mint-slim-strong\/","title":{"rendered":"Zapnut\u00e9! Plus Smooth Mint Slim Strong"},"content":{"rendered":"<h2><b>Zapnut\u00e9! Plus Smooth Mint Slim Strong<\/b><\/h2>\n<p><span style=\"font-weight: 400;\">Zapnut\u00e9! Plus Smooth Mint Slim Strong nikot\u00ednov\u00e9 vrec\u00fa\u0161ka pon\u00fakaj\u00fa osvie\u017euj\u00facu a jemn\u00fa m\u00e4tov\u00fa pr\u00edchu\u0165, ktor\u00e1 prin\u00e1\u0161a \u010dist\u00fd a osvie\u017euj\u00faci pocit. Tieto tenk\u00e9 vrec\u00fa\u0161ka s\u00fa navrhnut\u00e9 na diskr\u00e9tne a pohodln\u00e9 pou\u017e\u00edvanie, bez n\u00e1mahy sa zmestia pod pery a z\u00e1rove\u0148 poskytuj\u00fa vyv\u00e1\u017een\u00e9 a uspokojuj\u00face uvo\u013e\u0148ovanie chuti a nikot\u00ednu. So siln\u00fdm nikot\u00ednov\u00fdm n\u00e1bojom, On! Plus Smooth Mint je ide\u00e1lny pre sk\u00fasen\u00fdch u\u017e\u00edvate\u013eov, ktor\u00ed h\u013eadaj\u00fa osvie\u017euj\u00facu a siln\u00fa mo\u017enos\u0165 bez neporiadku tradi\u010dn\u00fdch v\u00fdrobkov.<\/span><\/p>\n<table>\n<tbody>\n<tr>\n<td><b>Atrib\u00fat<\/b><\/td>\n<td><b>Podrobnosti<\/b><\/td>\n<\/tr>\n<tr>\n<td><span style=\"font-weight: 400;\">Obsah na plechovku<\/span><\/td>\n<td><span style=\"font-weight: 400;\">16,8 g (20 vrec\u00fa\u0161ok)<\/span><\/td>\n<\/tr>\n<tr>\n<td><span style=\"font-weight: 400;\">Obsah nikot\u00ednu<\/span><\/td>\n<td><span style=\"font-weight: 400;\">14 mg\/g (11,2 mg na vrecko)<\/span><\/td>\n<\/tr>\n<tr>\n<td><span style=\"font-weight: 400;\">Form\u00e1t vrecka<\/span><\/td>\n<td><span style=\"font-weight: 400;\">Slim<\/span><\/td>\n<\/tr>\n<tr>\n<td><span style=\"font-weight: 400;\">V\u00fdrobca<\/span><\/td>\n<td><span style=\"font-weight: 400;\">Skupina Altria<\/span><\/td>\n<\/tr>\n<tr>\n<td><span style=\"font-weight: 400;\">Pr\u00edchu\u0165<\/span><\/td>\n<td><span style=\"font-weight: 400;\">Hladk\u00e1 m\u00e4ta<\/span><\/td>\n<\/tr>\n<tr>\n<td><span style=\"font-weight: 400;\">Typ<\/span><\/td>\n<td><span style=\"font-weight: 400;\">Celobiele vrecko, bez tabaku<\/span><\/td>\n<\/tr>\n<\/tbody>\n<\/table>","protected":false},"excerpt":{"rendered":"<p>Zapnut\u00e9! Plus Smooth Mint Slim Strong nikot\u00ednov\u00e9 vrec\u00fa\u0161ka prin\u00e1\u0161aj\u00fa \u010dist\u00fa, osvie\u017euj\u00facu v\u00f4\u0148u. <strong data-start=\"78\" data-end=\"93\">Hladk\u00e1 m\u00e4ta<\/strong> pr\u00edchu\u0165. <strong data-start=\"102\" data-end=\"110\">Slim<\/strong>, vreck\u00e1 bez tabaku na diskr\u00e9tne a pohodln\u00e9 pou\u017e\u00edvanie s vyv\u00e1\u017een\u00fdm a uspokojiv\u00fdm uvo\u013e\u0148ovan\u00edm. Siln\u00fd nikot\u00edn ide\u00e1lny pre sk\u00fasen\u00fdch u\u017e\u00edvate\u013eov. Ka\u017ed\u00e9 vrecko obsahuje <strong data-start=\"265\" data-end=\"285\">11,2 mg nikot\u00ednu<\/strong>.<\/p>","protected":false},"featured_media":8471,"comment_status":"open","ping_status":"closed","template":"","format":[206],"meta":{"_acf_changed":false},"product_brand":[],"product_cat":[79],"product_tag":[16577],"flavours":[199],"nicotine":[232,211],"class_list":{"0":"post-8470","1":"product","2":"type-product","3":"status-publish","4":"has-post-thumbnail","6":"product_cat-on","7":"product_tag-11-2-mg-pouch","8":"pa_quantity-1-pack","9":"pa_quantity-10-pack","10":"pa_quantity-3-pack","11":"pa_quantity-30-pack","12":"pa_quantity-5-pack","13":"pa_quantity-60-pack","14":"flavours-mint","15":"format-slim","16":"nicotine-extra-strong","17":"nicotine-14-mg-g","19":"first","20":"outofstock","21":"taxable","22":"shipping-taxable","23":"purchasable","24":"product-type-variable"},"acf":[],"_links":{"self":[{"href":"https:\/\/whitelip.com\/sk\/wp-json\/wp\/v2\/product\/8470","targetHints":{"allow":["GET"]}}],"collection":[{"href":"https:\/\/whitelip.com\/sk\/wp-json\/wp\/v2\/product"}],"about":[{"href":"https:\/\/whitelip.com\/sk\/wp-json\/wp\/v2\/types\/product"}],"replies":[{"embeddable":true,"href":"https:\/\/whitelip.com\/sk\/wp-json\/wp\/v2\/comments?post=8470"}],"wp:featuredmedia":[{"embeddable":true,"href":"https:\/\/whitelip.com\/sk\/wp-json\/wp\/v2\/media\/8471"}],"wp:attachment":[{"href":"https:\/\/whitelip.com\/sk\/wp-json\/wp\/v2\/media?parent=8470"}],"wp:term":[{"taxonomy":"product_brand","embeddable":true,"href":"https:\/\/whitelip.com\/sk\/wp-json\/wp\/v2\/product_brand?post=8470"},{"taxonomy":"product_cat","embeddable":true,"href":"https:\/\/whitelip.com\/sk\/wp-json\/wp\/v2\/product_cat?post=8470"},{"taxonomy":"product_tag","embeddable":true,"href":"https:\/\/whitelip.com\/sk\/wp-json\/wp\/v2\/product_tag?post=8470"},{"taxonomy":"flavours","embeddable":true,"href":"https:\/\/whitelip.com\/sk\/wp-json\/wp\/v2\/flavours?post=8470"},{"taxonomy":"format","embeddable":true,"href":"https:\/\/whitelip.com\/sk\/wp-json\/wp\/v2\/format?post=8470"},{"taxonomy":"nicotine","embeddable":true,"href":"https:\/\/whitelip.com\/sk\/wp-json\/wp\/v2\/nicotine?post=8470"}],"curies":[{"name":"wp","href":"https:\/\/api.w.org\/{rel}","templated":true}]}}