{"id":8450,"date":"2024-12-20T19:39:07","date_gmt":"2024-12-20T19:39:07","guid":{"rendered":"https:\/\/whitelip.com\/velo-freezing-peppermint\/"},"modified":"2026-04-26T10:11:10","modified_gmt":"2026-04-26T10:11:10","slug":"velo-freezing-peppermint","status":"publish","type":"product","link":"https:\/\/whitelip.com\/sk\/velo\/velo-freezing-peppermint\/","title":{"rendered":"VELO Mrazenie m\u00e4ty piepornej"},"content":{"rendered":"<h2><strong>VELO Mrazenie m\u00e4ty piepornej<\/strong><\/h2>\n<p><span style=\"font-weight: 400;\">VELO Freezing Peppermint prin\u00e1\u0161a siln\u00fa m\u00e4tov\u00fa pr\u00edchu\u0165 v kombin\u00e1cii s chladiv\u00fdm mentolom, ktor\u00e1 poskytuje osvie\u017euj\u00faci a povzbudzuj\u00faci z\u00e1\u017eitok. Tieto tenk\u00e9, celobiele nikot\u00ednov\u00e9 vrec\u00fa\u0161ka s\u00fa navrhnut\u00e9 tak, aby sa diskr\u00e9tne a pohodlne dr\u017eali, a zabezpe\u010duj\u00fa konzistentn\u00e9 uvo\u013e\u0148ovanie chuti a nikot\u00ednu. Tento beztabakov\u00fd v\u00fdrobok je ide\u00e1lny pre t\u00fdch, ktor\u00ed h\u013eadaj\u00fa siln\u00fd a uspokojuj\u00faci pocit m\u00e4ty.<\/span><\/p>\n<table>\n<tbody>\n<tr>\n<td><b>Atrib\u00fat<\/b><\/td>\n<td><b>Podrobnosti<\/b><\/td>\n<\/tr>\n<tr>\n<td><span style=\"font-weight: 400;\">Zna\u010dka<\/span><\/td>\n<td><span style=\"font-weight: 400;\">VELO<\/span><\/td>\n<\/tr>\n<tr>\n<td><span style=\"font-weight: 400;\">Typ v\u00fdrobku<\/span><\/td>\n<td><span style=\"font-weight: 400;\">V\u0161etky biele nikot\u00ednov\u00e9 vreck\u00e1<\/span><\/td>\n<\/tr>\n<tr>\n<td><span style=\"font-weight: 400;\">Form\u00e1t<\/span><\/td>\n<td><span style=\"font-weight: 400;\">Slim<\/span><\/td>\n<\/tr>\n<tr>\n<td><span style=\"font-weight: 400;\">Pr\u00edchu\u0165<\/span><\/td>\n<td><span style=\"font-weight: 400;\">M\u00e4ta pieporn\u00e1 a mentol<\/span><\/td>\n<\/tr>\n<tr>\n<td><span style=\"font-weight: 400;\">Sila nikot\u00ednu<\/span><\/td>\n<td><span style=\"font-weight: 400;\">15,6 mg\/g (10,9 mg na vrecko)<\/span><\/td>\n<\/tr>\n<tr>\n<td><span style=\"font-weight: 400;\">Hmotnos\u0165 porcie<\/span><\/td>\n<td><span style=\"font-weight: 400;\">0,7 gramu<\/span><\/td>\n<\/tr>\n<tr>\n<td><span style=\"font-weight: 400;\">Po\u010det porci\u00ed<\/span><\/td>\n<td><span style=\"font-weight: 400;\">20 za plechovku<\/span><\/td>\n<\/tr>\n<tr>\n<td><span style=\"font-weight: 400;\">Celkov\u00e1 hmotnos\u0165 plechovky<\/span><\/td>\n<td><span style=\"font-weight: 400;\">14 gramov<\/span><\/td>\n<\/tr>\n<tr>\n<td><span style=\"font-weight: 400;\">V\u00fdrobca<\/span><\/td>\n<td><span style=\"font-weight: 400;\">BAT<\/span><\/td>\n<\/tr>\n<tr>\n<td><span style=\"font-weight: 400;\">Pozoruhodn\u00e9 funkcie<\/span><\/td>\n<td><span style=\"font-weight: 400;\">Bez tabaku, diskr\u00e9tne tenk\u00e9 porcie, r\u00fdchle uvo\u013e\u0148ovanie chuti<\/span><\/td>\n<\/tr>\n<\/tbody>\n<\/table>","protected":false},"excerpt":{"rendered":"<p>VELO Mraziace vrec\u00fa\u0161ka Peppermint dod\u00e1vaj\u00fa siln\u00fd nikot\u00edn <strong data-start=\"61\" data-end=\"83\">M\u00e4ta pieporn\u00e1 mentolov\u00e1<\/strong> chu\u0165 s osvie\u017euj\u00facim chladiv\u00fdm \u00fa\u010dinkom. <strong data-start=\"125\" data-end=\"133\">Slim<\/strong>, \u00faplne biely form\u00e1t pre diskr\u00e9tne, pohodln\u00e9 pou\u017e\u00edvanie a konzistentn\u00e9 uvo\u013e\u0148ovanie. Ka\u017ed\u00e9 vrecko obsahuje <strong data-start=\"228\" data-end=\"248\">10,9 mg nikot\u00ednu<\/strong>.<\/p>","protected":false},"featured_media":8451,"comment_status":"open","ping_status":"closed","template":"","format":[206],"meta":{"_acf_changed":false},"product_brand":[],"product_cat":[48],"product_tag":[17005],"flavours":[199],"nicotine":[213,232],"class_list":{"0":"post-8450","1":"product","2":"type-product","3":"status-publish","4":"has-post-thumbnail","6":"product_cat-velo","7":"product_tag-15-6-mg-pouch","8":"pa_quantity-1-pack","9":"pa_quantity-10-pack","10":"pa_quantity-3-pack","11":"pa_quantity-30-pack","12":"pa_quantity-5-pack","13":"pa_quantity-60-pack","14":"flavours-mint","15":"format-slim","16":"nicotine-16-mg-g","17":"nicotine-extra-strong","19":"first","20":"instock","21":"taxable","22":"shipping-taxable","23":"purchasable","24":"product-type-variable"},"acf":[],"_links":{"self":[{"href":"https:\/\/whitelip.com\/sk\/wp-json\/wp\/v2\/product\/8450","targetHints":{"allow":["GET"]}}],"collection":[{"href":"https:\/\/whitelip.com\/sk\/wp-json\/wp\/v2\/product"}],"about":[{"href":"https:\/\/whitelip.com\/sk\/wp-json\/wp\/v2\/types\/product"}],"replies":[{"embeddable":true,"href":"https:\/\/whitelip.com\/sk\/wp-json\/wp\/v2\/comments?post=8450"}],"wp:featuredmedia":[{"embeddable":true,"href":"https:\/\/whitelip.com\/sk\/wp-json\/wp\/v2\/media\/8451"}],"wp:attachment":[{"href":"https:\/\/whitelip.com\/sk\/wp-json\/wp\/v2\/media?parent=8450"}],"wp:term":[{"taxonomy":"product_brand","embeddable":true,"href":"https:\/\/whitelip.com\/sk\/wp-json\/wp\/v2\/product_brand?post=8450"},{"taxonomy":"product_cat","embeddable":true,"href":"https:\/\/whitelip.com\/sk\/wp-json\/wp\/v2\/product_cat?post=8450"},{"taxonomy":"product_tag","embeddable":true,"href":"https:\/\/whitelip.com\/sk\/wp-json\/wp\/v2\/product_tag?post=8450"},{"taxonomy":"flavours","embeddable":true,"href":"https:\/\/whitelip.com\/sk\/wp-json\/wp\/v2\/flavours?post=8450"},{"taxonomy":"format","embeddable":true,"href":"https:\/\/whitelip.com\/sk\/wp-json\/wp\/v2\/format?post=8450"},{"taxonomy":"nicotine","embeddable":true,"href":"https:\/\/whitelip.com\/sk\/wp-json\/wp\/v2\/nicotine?post=8450"}],"curies":[{"name":"wp","href":"https:\/\/api.w.org\/{rel}","templated":true}]}}