{"id":8434,"date":"2024-11-28T12:45:25","date_gmt":"2024-11-28T12:45:25","guid":{"rendered":"https:\/\/whitelip.com\/77-ice-mint-light\/"},"modified":"2026-04-13T17:32:57","modified_gmt":"2026-04-13T17:32:57","slug":"77-ice-mint-light","status":"publish","type":"product","link":"https:\/\/whitelip.com\/sk\/77\/77-ice-mint-light\/","title":{"rendered":"77 \u013dadov\u00e1 m\u00e4ta Light"},"content":{"rendered":"<h2><strong>77 \u013dadov\u00e1 m\u00e4ta Light<\/strong><\/h2>\n<p><span style=\"font-weight: 400;\">Nikot\u00ednov\u00e9 vrec\u00fa\u0161ka 77 Ice Mint Light prin\u00e1\u0161aj\u00fa osvie\u017euj\u00facu m\u00e4tov\u00fa pr\u00edchu\u0165 s chladiv\u00fdm pocitom, ide\u00e1lnu pre milovn\u00edkov m\u00e4ty, ktor\u00ed h\u013eadaj\u00fa svie\u017eu chu\u0165. Ka\u017ed\u00e9 tenk\u00e9, celobiele vrec\u00fa\u0161ko obsahuje 5,2 mg nikot\u00ednu a pon\u00faka miernu silu vhodn\u00fa pre nov\u00fdch aj sk\u00fasen\u00fdch u\u017e\u00edvate\u013eov. Diskr\u00e9tny dizajn umo\u017e\u0148uje pou\u017eitie kedyko\u013evek a kdeko\u013evek bez zafarbenia zubov. Tieto vrec\u00fa\u0161ka bez tabaku, vyroben\u00e9 spolo\u010dnos\u0165ou 77 Group, zaru\u010duj\u00fa uspokojiv\u00fa m\u00e4tov\u00fa svie\u017eos\u0165.<\/span><\/p>\n<table>\n<tbody>\n<tr>\n<td><b>Atrib\u00fat<\/b><\/td>\n<td><b>Podrobnosti<\/b><\/td>\n<\/tr>\n<tr>\n<td><b>Obsah na plechovku<\/b><\/td>\n<td><span style=\"font-weight: 400;\">10 g (20 vrec\u00fa\u0161ok)<\/span><\/td>\n<\/tr>\n<tr>\n<td><b>Obsah nikot\u00ednu<\/b><\/td>\n<td><span style=\"font-weight: 400;\">8 mg\/g (5,2 mg na vrecko)<\/span><\/td>\n<\/tr>\n<tr>\n<td><b>Form\u00e1t vrecka<\/b><\/td>\n<td><span style=\"font-weight: 400;\">Slim<\/span><\/td>\n<\/tr>\n<tr>\n<td><b>V\u00fdrobca<\/b><\/td>\n<td><span style=\"font-weight: 400;\">77 Skupina<\/span><\/td>\n<\/tr>\n<tr>\n<td><b>Pr\u00edchu\u0165<\/b><\/td>\n<td><span style=\"font-weight: 400;\">M\u00e4ta<\/span><\/td>\n<\/tr>\n<tr>\n<td><b>Typ<\/b><\/td>\n<td><span style=\"font-weight: 400;\">Celobiele vrecko<\/span><\/td>\n<\/tr>\n<\/tbody>\n<\/table>","protected":false},"excerpt":{"rendered":"<p>Osvie\u017euj\u00face <strong data-start=\"11\" data-end=\"19\">m\u00e4ta<\/strong> s \u010dist\u00fdm chladiv\u00fdm pocitom pre svie\u017eu chu\u0165. Na str\u00e1nke . <strong data-start=\"74\" data-end=\"93\">\u0161t\u00edhly, <\/strong>Celobiele vrec\u00fa\u0161ka sa diskr\u00e9tne a pohodlne umiestnia pod pery, aby sa dali kedyko\u013evek pou\u017ei\u0165 bez \u0161kv\u0155n. Ka\u017ed\u00e9 vrecko obsahuje <strong data-start=\"196\" data-end=\"215\">5,2 mg nikot\u00ednu<\/strong>, ktor\u00e1 prin\u00e1\u0161a \u013eahk\u00fd a jemn\u00fd z\u00e1\u017eitok od skupiny 77 Group.<\/p>","protected":false},"featured_media":8435,"comment_status":"open","ping_status":"closed","template":"","format":[206],"meta":{"_acf_changed":false},"product_brand":[],"product_cat":[23],"product_tag":[16547],"flavours":[199],"nicotine":[230,234],"class_list":{"0":"post-8434","1":"product","2":"type-product","3":"status-publish","4":"has-post-thumbnail","6":"product_cat-23","7":"product_tag-5-2-mg-pouch","8":"pa_quantity-1-pack","9":"pa_quantity-10-pack","10":"pa_quantity-3-pack","11":"pa_quantity-30-pack","12":"pa_quantity-5-pack","13":"pa_quantity-60-pack","14":"flavours-mint","15":"format-slim","16":"nicotine-8-mg-g","17":"nicotine-mild","19":"first","20":"instock","21":"taxable","22":"shipping-taxable","23":"purchasable","24":"product-type-variable"},"acf":[],"_links":{"self":[{"href":"https:\/\/whitelip.com\/sk\/wp-json\/wp\/v2\/product\/8434","targetHints":{"allow":["GET"]}}],"collection":[{"href":"https:\/\/whitelip.com\/sk\/wp-json\/wp\/v2\/product"}],"about":[{"href":"https:\/\/whitelip.com\/sk\/wp-json\/wp\/v2\/types\/product"}],"replies":[{"embeddable":true,"href":"https:\/\/whitelip.com\/sk\/wp-json\/wp\/v2\/comments?post=8434"}],"wp:featuredmedia":[{"embeddable":true,"href":"https:\/\/whitelip.com\/sk\/wp-json\/wp\/v2\/media\/8435"}],"wp:attachment":[{"href":"https:\/\/whitelip.com\/sk\/wp-json\/wp\/v2\/media?parent=8434"}],"wp:term":[{"taxonomy":"product_brand","embeddable":true,"href":"https:\/\/whitelip.com\/sk\/wp-json\/wp\/v2\/product_brand?post=8434"},{"taxonomy":"product_cat","embeddable":true,"href":"https:\/\/whitelip.com\/sk\/wp-json\/wp\/v2\/product_cat?post=8434"},{"taxonomy":"product_tag","embeddable":true,"href":"https:\/\/whitelip.com\/sk\/wp-json\/wp\/v2\/product_tag?post=8434"},{"taxonomy":"flavours","embeddable":true,"href":"https:\/\/whitelip.com\/sk\/wp-json\/wp\/v2\/flavours?post=8434"},{"taxonomy":"format","embeddable":true,"href":"https:\/\/whitelip.com\/sk\/wp-json\/wp\/v2\/format?post=8434"},{"taxonomy":"nicotine","embeddable":true,"href":"https:\/\/whitelip.com\/sk\/wp-json\/wp\/v2\/nicotine?post=8434"}],"curies":[{"name":"wp","href":"https:\/\/api.w.org\/{rel}","templated":true}]}}