{"id":8414,"date":"2024-11-28T12:45:01","date_gmt":"2024-11-28T12:45:01","guid":{"rendered":"https:\/\/whitelip.com\/cuba-black-peach\/"},"modified":"2026-04-28T10:11:19","modified_gmt":"2026-04-28T10:11:19","slug":"cuba-black-peach","status":"publish","type":"product","link":"https:\/\/whitelip.com\/sk\/cuba\/cuba-black-peach\/","title":{"rendered":"CUBA Black Peach"},"content":{"rendered":"<h2><b>CUBA Black Peach<\/b><\/h2>\n<p><span style=\"font-weight: 400;\">Nikot\u00ednov\u00e9 vrec\u00fa\u0161ka CUBA Black Peach pon\u00fakaj\u00fa v\u00fdrazn\u00fa a sladk\u00fa brosky\u0148ov\u00fa pr\u00edchu\u0165, ktor\u00e1 prin\u00e1\u0161a intenz\u00edvny a uspokojuj\u00faci z\u00e1\u017eitok. Ka\u017ed\u00e9 tenk\u00e9, celobiele vrec\u00fa\u0161ko obsahuje 43 mg nikot\u00ednu na gram, \u010do predstavuje pribli\u017ene 43 mg na vrec\u00fa\u0161ko, tak\u017ee je vhodn\u00e9 pre sk\u00fasen\u00fdch u\u017e\u00edvate\u013eov, ktor\u00ed h\u013eadaj\u00fa siln\u00fd nikot\u00ednov\u00fd \u00fa\u010dinok. Jedine\u010dn\u00e9 vrec\u00fa\u0161ka \u010diernej farby nielen\u017ee dod\u00e1vaj\u00fa n\u00e1dych mystiky, ale tie\u017e zabezpe\u010duj\u00fa, \u017ee va\u0161e zuby zostan\u00fa po\u010das pou\u017e\u00edvania nedotknut\u00e9. Ka\u017ed\u00e1 plechovka obsahuje 20 vrec\u00fa\u0161ok, \u010do poskytuje dostato\u010dn\u00fa z\u00e1sobu pre va\u0161e pote\u0161enie. Tieto vrec\u00fa\u0161ka, ktor\u00e9 vyr\u00e1ba po\u013esk\u00fd v\u00fdrobca CUBA, zn\u00e1my sp\u00e1jan\u00edm modern\u00fdch met\u00f3d s tradi\u010dnou kvalitou, s\u00fa pr\u00edkladom vysok\u00fdch \u0161tandardov a inovat\u00edvnych kombin\u00e1ci\u00ed chut\u00ed.<\/span><\/p>\n<table>\n<tbody>\n<tr>\n<td><b>Atrib\u00fat<\/b><\/td>\n<td><b>Podrobnosti<\/b><\/td>\n<\/tr>\n<tr>\n<td><b>Obsah na plechovku<\/b><\/td>\n<td><span style=\"font-weight: 400;\">13 g (20 vrec\u00fa\u0161ok)<\/span><\/td>\n<\/tr>\n<tr>\n<td><b>Obsah nikot\u00ednu<\/b><\/td>\n<td><span style=\"font-weight: 400;\">43 mg\/g (43 mg na vrecko)<\/span><\/td>\n<\/tr>\n<tr>\n<td><b>Form\u00e1t vrecka<\/b><\/td>\n<td><span style=\"font-weight: 400;\">Slim<\/span><\/td>\n<\/tr>\n<tr>\n<td><b>V\u00fdrobca<\/b><\/td>\n<td><span style=\"font-weight: 400;\">KUBA<\/span><\/td>\n<\/tr>\n<tr>\n<td><b>Pr\u00edchu\u0165<\/b><\/td>\n<td><span style=\"font-weight: 400;\">Brosky\u0148a<\/span><\/td>\n<\/tr>\n<tr>\n<td><b>Typ<\/b><\/td>\n<td><span style=\"font-weight: 400;\">Celobiele vrecko<\/span><\/td>\n<\/tr>\n<\/tbody>\n<\/table>\n<p>\u00a0<\/p>","protected":false},"excerpt":{"rendered":"<p>Robustn\u00fd, sladk\u00fd <strong data-start=\"14\" data-end=\"23\">brosky\u0148a<\/strong> pre intenz\u00edvnu a uspokojiv\u00fa chu\u0165. Na str\u00e1nke . <strong data-start=\"62\" data-end=\"77\">\u0161t\u00edhly, <\/strong>\u010dierne vrec\u00fa\u0161ka pohodlne sedia pod perami a nefarbia zuby, ide\u00e1lne na pou\u017eitie na cest\u00e1ch. Ka\u017ed\u00e9 vrecko obsahuje <strong data-start=\"184\" data-end=\"213\">~43 mg nikot\u00ednu na vrecko<\/strong> (43 mg\/g), ktor\u00fd poskytuje siln\u00fd kopanec vhodn\u00fd pre sk\u00fasen\u00fdch u\u017e\u00edvate\u013eov. Vyroben\u00e9 spolo\u010dnos\u0165ou CUBA pre prvotriedny v\u00fdkon bez tabaku.<\/p>","protected":false},"featured_media":8415,"comment_status":"open","ping_status":"closed","template":"","format":[206],"meta":{"_acf_changed":false},"product_brand":[],"product_cat":[46],"product_tag":[16567],"flavours":[196],"nicotine":[227,233],"class_list":{"0":"post-8414","1":"product","2":"type-product","3":"status-publish","4":"has-post-thumbnail","6":"product_cat-cuba","7":"product_tag-43-mg-pouch","8":"pa_quantity-1-pack","9":"pa_quantity-10-pack","10":"pa_quantity-3-pack","11":"pa_quantity-30-pack","12":"pa_quantity-5-pack","13":"pa_quantity-60-pack","14":"flavours-fruits-berries","15":"format-slim","16":"nicotine-43-mg-g","17":"nicotine-extreme","19":"first","20":"outofstock","21":"taxable","22":"shipping-taxable","23":"purchasable","24":"product-type-variable"},"acf":[],"_links":{"self":[{"href":"https:\/\/whitelip.com\/sk\/wp-json\/wp\/v2\/product\/8414","targetHints":{"allow":["GET"]}}],"collection":[{"href":"https:\/\/whitelip.com\/sk\/wp-json\/wp\/v2\/product"}],"about":[{"href":"https:\/\/whitelip.com\/sk\/wp-json\/wp\/v2\/types\/product"}],"replies":[{"embeddable":true,"href":"https:\/\/whitelip.com\/sk\/wp-json\/wp\/v2\/comments?post=8414"}],"wp:featuredmedia":[{"embeddable":true,"href":"https:\/\/whitelip.com\/sk\/wp-json\/wp\/v2\/media\/8415"}],"wp:attachment":[{"href":"https:\/\/whitelip.com\/sk\/wp-json\/wp\/v2\/media?parent=8414"}],"wp:term":[{"taxonomy":"product_brand","embeddable":true,"href":"https:\/\/whitelip.com\/sk\/wp-json\/wp\/v2\/product_brand?post=8414"},{"taxonomy":"product_cat","embeddable":true,"href":"https:\/\/whitelip.com\/sk\/wp-json\/wp\/v2\/product_cat?post=8414"},{"taxonomy":"product_tag","embeddable":true,"href":"https:\/\/whitelip.com\/sk\/wp-json\/wp\/v2\/product_tag?post=8414"},{"taxonomy":"flavours","embeddable":true,"href":"https:\/\/whitelip.com\/sk\/wp-json\/wp\/v2\/flavours?post=8414"},{"taxonomy":"format","embeddable":true,"href":"https:\/\/whitelip.com\/sk\/wp-json\/wp\/v2\/format?post=8414"},{"taxonomy":"nicotine","embeddable":true,"href":"https:\/\/whitelip.com\/sk\/wp-json\/wp\/v2\/nicotine?post=8414"}],"curies":[{"name":"wp","href":"https:\/\/api.w.org\/{rel}","templated":true}]}}