{"id":8392,"date":"2024-12-20T19:39:27","date_gmt":"2024-12-20T19:39:27","guid":{"rendered":"https:\/\/whitelip.com\/xqs-wintergreen-light\/"},"modified":"2026-04-13T17:36:45","modified_gmt":"2026-04-13T17:36:45","slug":"xqs-wintergreen-light","status":"publish","type":"product","link":"https:\/\/whitelip.com\/sk\/xqs\/xqs-wintergreen-light\/","title":{"rendered":"XQS Wintergreen Light"},"content":{"rendered":"<h2><b>XQS Wintergreen Light<\/b><\/h2>\n<p><span style=\"font-weight: 400;\">XQS Wintergreen Light poskytuje <\/span><b>jemn\u00e1 a osvie\u017euj\u00faca pr\u00edchu\u0165 zimnej zelene<\/b><span style=\"font-weight: 400;\">, ktor\u00e1 pon\u00faka jemn\u00fd a chladiv\u00fd pocit s n\u00e1dychom prirodzenej sladkosti. Ide\u00e1lne pre pou\u017e\u00edvate\u013eov, ktor\u00ed h\u013eadaj\u00fa \u013eah\u0161iu nikot\u00ednov\u00fa variantu, ka\u017ed\u00e9 tenk\u00e9, \u00faplne biele vrec\u00fa\u0161ko obsahuje <\/span><b>4 mg nikot\u00ednu<\/b><span style=\"font-weight: 400;\">, ktor\u00fd poskytuje jemn\u00e9 a stabiln\u00e9 uvo\u013e\u0148ovanie vhodn\u00e9 na ka\u017edodenn\u00e9 pou\u017eitie.<\/span><\/p>\n<p><span style=\"font-weight: 400;\">Tenk\u00fd form\u00e1t zaru\u010duje diskr\u00e9tne a pohodln\u00e9 umiestnenie pod pery, tak\u017ee je ide\u00e1lny na pou\u017eitie na cest\u00e1ch bez zafarbenia zubov. \u00daplne bez tabaku a vyroben\u00fd z vysokokvalitn\u00fdch rastlinn\u00fdch vl\u00e1kien XQS Wintergreen Light pon\u00faka \u010dist\u00fa a modern\u00fa alternat\u00edvu s pr\u00edjemnou a osvie\u017euj\u00facou m\u00e4tovou pr\u00edchu\u0165ou. Je to skvel\u00e1 vo\u013eba pre t\u00fdch, ktor\u00ed uprednost\u0148uj\u00fa miernej\u0161\u00ed, ale uspokojiv\u00fd nikot\u00ednov\u00fd z\u00e1\u017eitok.<\/span><\/p>\n<table>\n<tbody>\n<tr>\n<td><b>Atrib\u00fat<\/b><\/td>\n<td><b>Podrobnosti<\/b><\/td>\n<\/tr>\n<tr>\n<td><b>Zna\u010dka<\/b><\/td>\n<td><span style=\"font-weight: 400;\">XQS<\/span><\/td>\n<\/tr>\n<tr>\n<td><b>Typ v\u00fdrobku<\/b><\/td>\n<td><span style=\"font-weight: 400;\">V\u0161etky biele nikot\u00ednov\u00e9 vreck\u00e1<\/span><\/td>\n<\/tr>\n<tr>\n<td><b>Form\u00e1t<\/b><\/td>\n<td><span style=\"font-weight: 400;\">Slim<\/span><\/td>\n<\/tr>\n<tr>\n<td><b>Pr\u00edchu\u0165<\/b><\/td>\n<td><span style=\"font-weight: 400;\">Wintergreen<\/span><\/td>\n<\/tr>\n<tr>\n<td><b>Sila nikot\u00ednu<\/b><\/td>\n<td><span style=\"font-weight: 400;\">4 mg na vrecko (5 mg\/g)<\/span><\/td>\n<\/tr>\n<tr>\n<td><b>Hmotnos\u0165 porcie<\/b><\/td>\n<td><span style=\"font-weight: 400;\">0,75 gramu<\/span><\/td>\n<\/tr>\n<tr>\n<td><b>Po\u010det porci\u00ed<\/b><\/td>\n<td><span style=\"font-weight: 400;\">20 za plechovku<\/span><\/td>\n<\/tr>\n<tr>\n<td><b>Celkov\u00e1 hmotnos\u0165 plechovky<\/b><\/td>\n<td><span style=\"font-weight: 400;\">15 gramov<\/span><\/td>\n<\/tr>\n<tr>\n<td><b>V\u00fdrobca<\/b><\/td>\n<td><span style=\"font-weight: 400;\">XQS International<\/span><\/td>\n<\/tr>\n<tr>\n<td><b>Pozoruhodn\u00e9 funkcie<\/b><\/td>\n<td><span style=\"font-weight: 400;\">Bez tabaku, tenk\u00fd form\u00e1t, jemn\u00e1 a osvie\u017euj\u00faca pr\u00edchu\u0165 zimnej zelene<\/span><\/td>\n<\/tr>\n<\/tbody>\n<\/table>","protected":false},"excerpt":{"rendered":"<p><span style=\"font-weight: 400;\">XQS Wintergreen Light poskytuje <\/span><b>jemn\u00e1 a osvie\u017euj\u00faca pr\u00edchu\u0165 zimnej zelene<\/b><span style=\"font-weight: 400;\">, ktor\u00e1 pon\u00faka jemn\u00fd a chladiv\u00fd pocit s n\u00e1dychom prirodzenej sladkosti. Ide\u00e1lne pre pou\u017e\u00edvate\u013eov, ktor\u00ed h\u013eadaj\u00fa \u013eah\u0161iu nikot\u00ednov\u00fa variantu, ka\u017ed\u00fd <strong>\u0161t\u00edhly<\/strong>, celobiele vrecko obsahuje <\/span><b>4 mg nikot\u00ednu<\/b><span style=\"font-weight: 400;\">, ktor\u00fd poskytuje jemn\u00e9 a stabiln\u00e9 uvo\u013e\u0148ovanie vhodn\u00e9 na ka\u017edodenn\u00e9 pou\u017eitie.<\/span><\/p>","protected":false},"featured_media":8393,"comment_status":"open","ping_status":"closed","template":"","format":[206],"meta":{"_acf_changed":false},"product_brand":[],"product_cat":[27],"product_tag":[16585],"flavours":[203],"nicotine":[230,236],"class_list":{"0":"post-8392","1":"product","2":"type-product","3":"status-publish","4":"has-post-thumbnail","6":"product_cat-xqs","7":"product_tag-4-mg-pouch","8":"pa_quantity-1-pack","9":"pa_quantity-10-pack","10":"pa_quantity-5-pack","11":"flavours-wintergreen","12":"format-slim","13":"nicotine-8-mg-g","14":"nicotine-strong","16":"first","17":"outofstock","18":"taxable","19":"shipping-taxable","20":"purchasable","21":"product-type-variable"},"acf":[],"_links":{"self":[{"href":"https:\/\/whitelip.com\/sk\/wp-json\/wp\/v2\/product\/8392","targetHints":{"allow":["GET"]}}],"collection":[{"href":"https:\/\/whitelip.com\/sk\/wp-json\/wp\/v2\/product"}],"about":[{"href":"https:\/\/whitelip.com\/sk\/wp-json\/wp\/v2\/types\/product"}],"replies":[{"embeddable":true,"href":"https:\/\/whitelip.com\/sk\/wp-json\/wp\/v2\/comments?post=8392"}],"wp:featuredmedia":[{"embeddable":true,"href":"https:\/\/whitelip.com\/sk\/wp-json\/wp\/v2\/media\/8393"}],"wp:attachment":[{"href":"https:\/\/whitelip.com\/sk\/wp-json\/wp\/v2\/media?parent=8392"}],"wp:term":[{"taxonomy":"product_brand","embeddable":true,"href":"https:\/\/whitelip.com\/sk\/wp-json\/wp\/v2\/product_brand?post=8392"},{"taxonomy":"product_cat","embeddable":true,"href":"https:\/\/whitelip.com\/sk\/wp-json\/wp\/v2\/product_cat?post=8392"},{"taxonomy":"product_tag","embeddable":true,"href":"https:\/\/whitelip.com\/sk\/wp-json\/wp\/v2\/product_tag?post=8392"},{"taxonomy":"flavours","embeddable":true,"href":"https:\/\/whitelip.com\/sk\/wp-json\/wp\/v2\/flavours?post=8392"},{"taxonomy":"format","embeddable":true,"href":"https:\/\/whitelip.com\/sk\/wp-json\/wp\/v2\/format?post=8392"},{"taxonomy":"nicotine","embeddable":true,"href":"https:\/\/whitelip.com\/sk\/wp-json\/wp\/v2\/nicotine?post=8392"}],"curies":[{"name":"wp","href":"https:\/\/api.w.org\/{rel}","templated":true}]}}