{"id":8390,"date":"2024-11-28T12:43:54","date_gmt":"2024-11-28T12:43:54","guid":{"rendered":"https:\/\/whitelip.com\/lundgrens-mork\/"},"modified":"2026-03-06T20:46:43","modified_gmt":"2026-03-06T20:46:43","slug":"lundgrens-mork","status":"publish","type":"product","link":"https:\/\/whitelip.com\/sk\/lundgrens\/lundgrens-mork\/","title":{"rendered":"LUNDGRENS M\u00f6rk"},"content":{"rendered":"<h2><b>LUNDGRENS M\u00f6rk<\/b><\/h2>\n<p><span style=\"font-weight: 400;\">Nikot\u00ednov\u00e9 vrec\u00fa\u0161ka LUNDGRENS M\u00f6rk pon\u00fakaj\u00fa bohat\u00fd a siln\u00fd chu\u0165ov\u00fd profil s dymov\u00fdmi a zemit\u00fdmi t\u00f3nmi, ide\u00e1lny pre t\u00fdch, ktor\u00ed uprednost\u0148uj\u00fa hlbok\u00e9 a tradi\u010dn\u00e9 chute. Tieto tenk\u00e9, \u00faplne biele vrec\u00fa\u0161ka s\u00fa navrhnut\u00e9 na diskr\u00e9tne pou\u017e\u00edvanie a poskytuj\u00fa konzistentn\u00e9 a uspokojuj\u00face uvo\u013e\u0148ovanie chuti a nikot\u00ednu. LUNDGRENS M\u00f6rk je vyroben\u00fd so starostlivos\u0165ou, aby poskytol prvotriedny z\u00e1\u017eitok sk\u00fasen\u00fdm u\u017e\u00edvate\u013eom aj t\u00fdm, ktor\u00ed sk\u00famaj\u00fa komplexnej\u0161ie chu\u0165ov\u00e9 profily.<\/span><\/p>\n<table>\n<tbody>\n<tr>\n<td><b>Atrib\u00fat<\/b><\/td>\n<td><b>Podrobnosti<\/b><\/td>\n<\/tr>\n<tr>\n<td><span style=\"font-weight: 400;\">Obsah na plechovku<\/span><\/td>\n<td><span style=\"font-weight: 400;\">21.6g<\/span><\/td>\n<\/tr>\n<tr>\n<td><span style=\"font-weight: 400;\">Obsah nikot\u00ednu<\/span><\/td>\n<td><span style=\"font-weight: 400;\">10 mg\/g (8 mg na vrecko)<\/span><\/td>\n<\/tr>\n<tr>\n<td><span style=\"font-weight: 400;\">Form\u00e1t vrecka<\/span><\/td>\n<td><span style=\"font-weight: 400;\">Slim<\/span><\/td>\n<\/tr>\n<tr>\n<td><span style=\"font-weight: 400;\">V\u00fdrobca<\/span><\/td>\n<td><span style=\"font-weight: 400;\">Fiedler &amp; Lundgren<\/span><\/td>\n<\/tr>\n<tr>\n<td><span style=\"font-weight: 400;\">Pr\u00edchu\u0165<\/span><\/td>\n<td><span style=\"font-weight: 400;\">Dymov\u00fd a zemit\u00fd<\/span><\/td>\n<\/tr>\n<tr>\n<td><span style=\"font-weight: 400;\">Typ<\/span><\/td>\n<td><span style=\"font-weight: 400;\">Celobiele vrecko, bez tabaku<\/span><\/td>\n<\/tr>\n<\/tbody>\n<\/table>","protected":false},"excerpt":{"rendered":"<p>Lundgrens M\u00f6rk prin\u00e1\u0161a <strong data-start=\"26\" data-end=\"43\">dymov\u00fd, zemit\u00fd<\/strong> profil s bohat\u00fdm, robustn\u00fdm charakterom pre t\u00fdch, ktor\u00ed uprednost\u0148uj\u00fa hlbok\u00e9, tradi\u010dn\u00e9 chute. Na str\u00e1nke . <strong>\u0161t\u00edhly<\/strong>, \u00faplne biele vrec\u00fa\u0161ka sa diskr\u00e9tne nach\u00e1dzaj\u00fa pod perami, aby sa dali \u010disto a pohodlne pou\u017e\u00edva\u0165, a poskytuj\u00fa konzistentn\u00e9 a uspokojuj\u00face uvo\u013e\u0148ovanie chuti a nikot\u00ednu.<\/p>","protected":false},"featured_media":3096,"comment_status":"open","ping_status":"closed","template":"","format":[204],"meta":{"_acf_changed":false},"product_brand":[],"product_cat":[59],"product_tag":[16583],"flavours":[237],"nicotine":[207,236],"class_list":{"0":"post-8390","1":"product","2":"type-product","3":"status-publish","4":"has-post-thumbnail","6":"product_cat-lundgrens","7":"product_tag-8-mg-pouch","8":"pa_quantity-1-pack","9":"pa_quantity-10-pack","10":"pa_quantity-3-pack","11":"pa_quantity-30-pack","12":"pa_quantity-5-pack","13":"pa_quantity-60-pack","14":"flavours-smokey","15":"format-large","16":"nicotine-10-mg-g","17":"nicotine-strong","19":"first","20":"outofstock","21":"taxable","22":"shipping-taxable","23":"purchasable","24":"product-type-variable"},"acf":[],"_links":{"self":[{"href":"https:\/\/whitelip.com\/sk\/wp-json\/wp\/v2\/product\/8390","targetHints":{"allow":["GET"]}}],"collection":[{"href":"https:\/\/whitelip.com\/sk\/wp-json\/wp\/v2\/product"}],"about":[{"href":"https:\/\/whitelip.com\/sk\/wp-json\/wp\/v2\/types\/product"}],"replies":[{"embeddable":true,"href":"https:\/\/whitelip.com\/sk\/wp-json\/wp\/v2\/comments?post=8390"}],"wp:featuredmedia":[{"embeddable":true,"href":"https:\/\/whitelip.com\/sk\/wp-json\/wp\/v2\/media\/3096"}],"wp:attachment":[{"href":"https:\/\/whitelip.com\/sk\/wp-json\/wp\/v2\/media?parent=8390"}],"wp:term":[{"taxonomy":"product_brand","embeddable":true,"href":"https:\/\/whitelip.com\/sk\/wp-json\/wp\/v2\/product_brand?post=8390"},{"taxonomy":"product_cat","embeddable":true,"href":"https:\/\/whitelip.com\/sk\/wp-json\/wp\/v2\/product_cat?post=8390"},{"taxonomy":"product_tag","embeddable":true,"href":"https:\/\/whitelip.com\/sk\/wp-json\/wp\/v2\/product_tag?post=8390"},{"taxonomy":"flavours","embeddable":true,"href":"https:\/\/whitelip.com\/sk\/wp-json\/wp\/v2\/flavours?post=8390"},{"taxonomy":"format","embeddable":true,"href":"https:\/\/whitelip.com\/sk\/wp-json\/wp\/v2\/format?post=8390"},{"taxonomy":"nicotine","embeddable":true,"href":"https:\/\/whitelip.com\/sk\/wp-json\/wp\/v2\/nicotine?post=8390"}],"curies":[{"name":"wp","href":"https:\/\/api.w.org\/{rel}","templated":true}]}}