{"id":8388,"date":"2024-11-28T12:43:54","date_gmt":"2024-11-28T12:43:54","guid":{"rendered":"https:\/\/whitelip.com\/lundgrens-vagsvall\/"},"modified":"2026-04-28T10:11:19","modified_gmt":"2026-04-28T10:11:19","slug":"lundgrens-vagsvall","status":"publish","type":"product","link":"https:\/\/whitelip.com\/sk\/lundgrens\/lundgrens-vagsvall\/","title":{"rendered":"LUNDGRENS V\u00e5gsvall"},"content":{"rendered":"<h2><b>LUNDGRENS V\u00e5gsvall<\/b><\/h2>\n<p><span style=\"font-weight: 400;\">Nikot\u00ednov\u00e9 vrec\u00fa\u0161ka LUNDGRENS V\u00e5gsvall s\u00fa in\u0161pirovan\u00e9 \u0161v\u00e9dskym pobre\u017e\u00edm a pon\u00fakaj\u00fa jedine\u010dn\u00fa zmes rakytn\u00edka a slan\u00e9ho sladk\u00e9ho drievka pre osvie\u017euj\u00faci a aromatick\u00fd z\u00e1\u017eitok. Tieto tenk\u00e9, \u00faplne biele vrec\u00fa\u0161ka s\u00fa vytvoren\u00e9 tak, aby sa diskr\u00e9tne a pohodlne vkladali pod pery a zabezpe\u010dili \u010dist\u00e9 a uspokojuj\u00face uvo\u013e\u0148ovanie chuti a nikot\u00ednu. LUNDGRENS V\u00e5gsvall je ur\u010den\u00fd pre t\u00fdch, ktor\u00ed maj\u00fa radi v\u00fdrazn\u00e9, ale vyv\u00e1\u017een\u00e9 chute, a prin\u00e1\u0161a v\u00fdrazn\u00fd pocit, ktor\u00fd vynikne.<\/span><\/p>\n<table>\n<tbody>\n<tr>\n<td><b>Atrib\u00fat<\/b><\/td>\n<td><b>Podrobnosti<\/b><\/td>\n<\/tr>\n<tr>\n<td><span style=\"font-weight: 400;\">Obsah na plechovku<\/span><\/td>\n<td><span style=\"font-weight: 400;\">21.6g<\/span><\/td>\n<\/tr>\n<tr>\n<td><span style=\"font-weight: 400;\">Obsah nikot\u00ednu<\/span><\/td>\n<td><span style=\"font-weight: 400;\">10 mg\/g (8 mg na vrecko)<\/span><\/td>\n<\/tr>\n<tr>\n<td><span style=\"font-weight: 400;\">Form\u00e1t vrecka<\/span><\/td>\n<td><span style=\"font-weight: 400;\">Slim<\/span><\/td>\n<\/tr>\n<tr>\n<td><span style=\"font-weight: 400;\">V\u00fdrobca<\/span><\/td>\n<td><span style=\"font-weight: 400;\">Fiedler &amp; Lundgren<\/span><\/td>\n<\/tr>\n<tr>\n<td><span style=\"font-weight: 400;\">Pr\u00edchu\u0165<\/span><\/td>\n<td><span style=\"font-weight: 400;\">Rakytn\u00edk re\u0161etliakov\u00fd a slan\u00e1 sladk\u00e9 drievko<\/span><\/td>\n<\/tr>\n<tr>\n<td><span style=\"font-weight: 400;\">Typ<\/span><\/td>\n<td><span style=\"font-weight: 400;\">Celobiele vrecko, bez tabaku<\/span><\/td>\n<\/tr>\n<\/tbody>\n<\/table>","protected":false},"excerpt":{"rendered":"<p><span style=\"font-weight: 400;\">LUNDGRENS V\u00e5gsvall pon\u00faka jedine\u010dn\u00fa zmes <strong data-start=\"0\" data-end=\"34\" data-is-only-node=\"\">Rakytn\u00edk re\u0161etliakov\u00fd a slan\u00e9 sladk\u00e9 drievko<\/strong> prin\u00e1\u0161aj\u00fa osvie\u017euj\u00faci, aromatick\u00fd profil in\u0161pirovan\u00fd \u0161v\u00e9dskym pobre\u017e\u00edm. <strong>Slim<\/strong>, celobiele vrec\u00fa\u0161ka sa diskr\u00e9tne a pohodlne vkladaj\u00fa pod pery, aby sa dosiahlo \u010dist\u00e9 a uspokojiv\u00e9 uvo\u013enenie. LUNDGRENS V\u00e5gsvall je vytvoren\u00fd pre t\u00fdch, ktor\u00ed maj\u00fa radi odv\u00e1\u017ene, ale vyv\u00e1\u017een\u00e9 chute, a pon\u00faka v\u00fdrazn\u00fd pocit, ktor\u00fd vynikne.<\/span><\/p>","protected":false},"featured_media":8389,"comment_status":"open","ping_status":"closed","template":"","format":[204],"meta":{"_acf_changed":false},"product_brand":[],"product_cat":[59],"product_tag":[16583],"flavours":[196],"nicotine":[207,236],"class_list":{"0":"post-8388","1":"product","2":"type-product","3":"status-publish","4":"has-post-thumbnail","6":"product_cat-lundgrens","7":"product_tag-8-mg-pouch","8":"pa_quantity-1-pack","9":"pa_quantity-10-pack","10":"pa_quantity-3-pack","11":"pa_quantity-30-pack","12":"pa_quantity-5-pack","13":"pa_quantity-60-pack","14":"flavours-fruits-berries","15":"format-large","16":"nicotine-10-mg-g","17":"nicotine-strong","19":"first","20":"outofstock","21":"taxable","22":"shipping-taxable","23":"purchasable","24":"product-type-variable"},"acf":[],"_links":{"self":[{"href":"https:\/\/whitelip.com\/sk\/wp-json\/wp\/v2\/product\/8388","targetHints":{"allow":["GET"]}}],"collection":[{"href":"https:\/\/whitelip.com\/sk\/wp-json\/wp\/v2\/product"}],"about":[{"href":"https:\/\/whitelip.com\/sk\/wp-json\/wp\/v2\/types\/product"}],"replies":[{"embeddable":true,"href":"https:\/\/whitelip.com\/sk\/wp-json\/wp\/v2\/comments?post=8388"}],"wp:featuredmedia":[{"embeddable":true,"href":"https:\/\/whitelip.com\/sk\/wp-json\/wp\/v2\/media\/8389"}],"wp:attachment":[{"href":"https:\/\/whitelip.com\/sk\/wp-json\/wp\/v2\/media?parent=8388"}],"wp:term":[{"taxonomy":"product_brand","embeddable":true,"href":"https:\/\/whitelip.com\/sk\/wp-json\/wp\/v2\/product_brand?post=8388"},{"taxonomy":"product_cat","embeddable":true,"href":"https:\/\/whitelip.com\/sk\/wp-json\/wp\/v2\/product_cat?post=8388"},{"taxonomy":"product_tag","embeddable":true,"href":"https:\/\/whitelip.com\/sk\/wp-json\/wp\/v2\/product_tag?post=8388"},{"taxonomy":"flavours","embeddable":true,"href":"https:\/\/whitelip.com\/sk\/wp-json\/wp\/v2\/flavours?post=8388"},{"taxonomy":"format","embeddable":true,"href":"https:\/\/whitelip.com\/sk\/wp-json\/wp\/v2\/format?post=8388"},{"taxonomy":"nicotine","embeddable":true,"href":"https:\/\/whitelip.com\/sk\/wp-json\/wp\/v2\/nicotine?post=8388"}],"curies":[{"name":"wp","href":"https:\/\/api.w.org\/{rel}","templated":true}]}}