{"id":8376,"date":"2024-11-28T12:43:30","date_gmt":"2024-11-28T12:43:30","guid":{"rendered":"https:\/\/whitelip.com\/loop-red-chili-melon-4\/"},"modified":"2026-04-29T10:11:30","modified_gmt":"2026-04-29T10:11:30","slug":"loop-red-chili-melon-4","status":"publish","type":"product","link":"https:\/\/whitelip.com\/sk\/loop\/loop-red-chili-melon-4\/","title":{"rendered":"LOOP \u010cerven\u00fd chilli mel\u00f3n #4"},"content":{"rendered":"<h2><b>LOOP \u010cerven\u00fd chilli mel\u00f3n #4<\/b><\/h2>\n<p><span style=\"font-weight: 400;\">LOOP Red Chili Melon #4 kombinuje sladkos\u0165 zrel\u00e9ho mel\u00f3nu s ohniv\u00fdm chilli a pon\u00faka odv\u00e1\u017eny a dobrodru\u017en\u00fd chu\u0165ov\u00fd profil. Tieto tenk\u00e9 nikot\u00ednov\u00e9 vrec\u00fa\u0161ka poskytuj\u00fa vysok\u00fa silu nikot\u00ednu a s\u00fa ur\u010den\u00e9 sk\u00fasen\u00fdm u\u017e\u00edvate\u013eom, ktor\u00ed maj\u00fa radi intenz\u00edvne a jedine\u010dn\u00e9 chu\u0165ov\u00e9 vnemy. LOOP Red Chili Melon #4 je navrhnut\u00fd na diskr\u00e9tne pou\u017e\u00edvanie a pohodlne sa zmest\u00ed pod pery, tak\u017ee je vynikaj\u00facou vo\u013ebou pre t\u00fdch, ktor\u00ed h\u013eadaj\u00fa siln\u00fd a aromatick\u00fd nikot\u00ednov\u00fd z\u00e1\u017eitok.<\/span><\/p>\n<table>\n<tbody>\n<tr>\n<td><b>Atrib\u00fat<\/b><\/td>\n<td><b>Podrobnosti<\/b><\/td>\n<\/tr>\n<tr>\n<td><span style=\"font-weight: 400;\">Obsah na plechovku<\/span><\/td>\n<td><span style=\"font-weight: 400;\">12 g (20 vrec\u00fa\u0161ok)<\/span><\/td>\n<\/tr>\n<tr>\n<td><span style=\"font-weight: 400;\">Obsah nikot\u00ednu<\/span><\/td>\n<td><span style=\"font-weight: 400;\">20 mg\/g<\/span><\/td>\n<\/tr>\n<tr>\n<td><span style=\"font-weight: 400;\">Form\u00e1t vrecka<\/span><\/td>\n<td><span style=\"font-weight: 400;\">Slim<\/span><\/td>\n<\/tr>\n<tr>\n<td><span style=\"font-weight: 400;\">V\u00fdrobca<\/span><\/td>\n<td>LOOP<\/td>\n<\/tr>\n<tr>\n<td><span style=\"font-weight: 400;\">Pr\u00edchu\u0165<\/span><\/td>\n<td><span style=\"font-weight: 400;\">\u010cerven\u00e9 \u010dili a mel\u00f3n<\/span><\/td>\n<\/tr>\n<tr>\n<td><span style=\"font-weight: 400;\">Typ<\/span><\/td>\n<td><span style=\"font-weight: 400;\">Celobiele vrecko, bez tabaku<\/span><\/td>\n<\/tr>\n<\/tbody>\n<\/table>","protected":false},"excerpt":{"rendered":"<p>Odv\u00e1\u017eny, dobrodru\u017en\u00fd <strong data-start=\"18\" data-end=\"37\">\u010derven\u00fd chilli mel\u00f3n<\/strong> so sladk\u00fdm zrel\u00fdm mel\u00f3nom a ohnivou chu\u0165ou. <strong data-start=\"78\" data-end=\"86\">Slim<\/strong>, vrec\u00fa\u0161ka bez tabaku sa diskr\u00e9tne umiestnia pod pery, aby sa dali pohodlne pou\u017e\u00edva\u0165. Profil s vysokou silou vhodn\u00fd pre sk\u00fasen\u00fdch u\u017e\u00edvate\u013eov, ktor\u00ed h\u013eadaj\u00fa intenz\u00edvnu, v\u00fdrazn\u00fa chu\u0165.<\/p>","protected":false},"featured_media":3089,"comment_status":"open","ping_status":"closed","template":"","format":[206],"meta":{"_acf_changed":false},"product_brand":[],"product_cat":[32],"product_tag":[16775,16521],"flavours":[187,196],"nicotine":[218,232],"class_list":{"0":"post-8376","1":"product","2":"type-product","3":"status-publish","4":"has-post-thumbnail","6":"product_cat-loop","7":"product_tag-12-5-mg-pouch","8":"product_tag-15-off","9":"pa_quantity-1-pack","10":"pa_quantity-10-pack","11":"pa_quantity-3-pack","12":"pa_quantity-30-pack","13":"pa_quantity-5-pack","14":"pa_quantity-60-pack","15":"flavours-chili","16":"flavours-fruits-berries","17":"format-slim","18":"nicotine-20-mg-g","19":"nicotine-extra-strong","21":"first","22":"instock","23":"sale","24":"taxable","25":"shipping-taxable","26":"purchasable","27":"product-type-variable"},"acf":[],"_links":{"self":[{"href":"https:\/\/whitelip.com\/sk\/wp-json\/wp\/v2\/product\/8376","targetHints":{"allow":["GET"]}}],"collection":[{"href":"https:\/\/whitelip.com\/sk\/wp-json\/wp\/v2\/product"}],"about":[{"href":"https:\/\/whitelip.com\/sk\/wp-json\/wp\/v2\/types\/product"}],"replies":[{"embeddable":true,"href":"https:\/\/whitelip.com\/sk\/wp-json\/wp\/v2\/comments?post=8376"}],"wp:featuredmedia":[{"embeddable":true,"href":"https:\/\/whitelip.com\/sk\/wp-json\/wp\/v2\/media\/3089"}],"wp:attachment":[{"href":"https:\/\/whitelip.com\/sk\/wp-json\/wp\/v2\/media?parent=8376"}],"wp:term":[{"taxonomy":"product_brand","embeddable":true,"href":"https:\/\/whitelip.com\/sk\/wp-json\/wp\/v2\/product_brand?post=8376"},{"taxonomy":"product_cat","embeddable":true,"href":"https:\/\/whitelip.com\/sk\/wp-json\/wp\/v2\/product_cat?post=8376"},{"taxonomy":"product_tag","embeddable":true,"href":"https:\/\/whitelip.com\/sk\/wp-json\/wp\/v2\/product_tag?post=8376"},{"taxonomy":"flavours","embeddable":true,"href":"https:\/\/whitelip.com\/sk\/wp-json\/wp\/v2\/flavours?post=8376"},{"taxonomy":"format","embeddable":true,"href":"https:\/\/whitelip.com\/sk\/wp-json\/wp\/v2\/format?post=8376"},{"taxonomy":"nicotine","embeddable":true,"href":"https:\/\/whitelip.com\/sk\/wp-json\/wp\/v2\/nicotine?post=8376"}],"curies":[{"name":"wp","href":"https:\/\/api.w.org\/{rel}","templated":true}]}}