{"id":8374,"date":"2024-11-28T12:43:30","date_gmt":"2024-11-28T12:43:30","guid":{"rendered":"https:\/\/whitelip.com\/siberia-80-all-white-ultra-slim\/"},"modified":"2026-04-28T10:11:18","modified_gmt":"2026-04-28T10:11:18","slug":"siberia-80-all-white-ultra-slim","status":"publish","type":"product","link":"https:\/\/whitelip.com\/sk\/siberia\/siberia-80-all-white-ultra-slim\/","title":{"rendered":"Siberia -80 All White Ultra Slim"},"content":{"rendered":"<h2><b>Siberia -80 All White Ultra Slim<\/b><\/h2>\n<p><span style=\"font-weight: 400;\">Nikot\u00ednov\u00e9 vrec\u00fa\u0161ka Siberia -80 All White Ultra Slim s\u00fa ur\u010den\u00e9 pre t\u00fdch, ktor\u00ed h\u013eadaj\u00fa mimoriadne siln\u00fd nikot\u00ednov\u00fd z\u00e1\u017eitok v kombin\u00e1cii s chrumkavou a \u013eadovou m\u00e4tovou pr\u00edchu\u0165ou. Tieto ultra tenk\u00e9 vrec\u00fa\u0161ka bez tabaku poskytuj\u00fa siln\u00fd nikot\u00ednov\u00fd n\u00e1boj a z\u00e1rove\u0148 pon\u00fakaj\u00fa diskr\u00e9tne a pohodln\u00e9 ulo\u017eenie pod perou. Siberia -80 je ide\u00e1lna pre sk\u00fasen\u00fdch pou\u017e\u00edvate\u013eov a prin\u00e1\u0161a intenz\u00edvne a osvie\u017euj\u00face uvo\u013enenie chuti a nikot\u00ednu bez zafarbenia zubov.<\/span><\/p>\n<table>\n<tbody>\n<tr>\n<td><b>Atrib\u00fat<\/b><\/td>\n<td><b>Podrobnosti<\/b><\/td>\n<\/tr>\n<tr>\n<td><span style=\"font-weight: 400;\">Obsah na plechovku<\/span><\/td>\n<td><span style=\"font-weight: 400;\">15 g (20 vrec\u00fa\u0161ok)<\/span><\/td>\n<\/tr>\n<tr>\n<td><span style=\"font-weight: 400;\">Obsah nikot\u00ednu<\/span><\/td>\n<td><span style=\"font-weight: 400;\">33 mg\/g (25 mg na vrecko)<\/span><\/td>\n<\/tr>\n<tr>\n<td><span style=\"font-weight: 400;\">Form\u00e1t vrecka<\/span><\/td>\n<td><span style=\"font-weight: 400;\">Ultra Slim<\/span><\/td>\n<\/tr>\n<tr>\n<td><span style=\"font-weight: 400;\">V\u00fdrobca<\/span><\/td>\n<td><span style=\"font-weight: 400;\">SIBERIA<\/span><\/td>\n<\/tr>\n<tr>\n<td><span style=\"font-weight: 400;\">Pr\u00edchu\u0165<\/span><\/td>\n<td><span style=\"font-weight: 400;\">\u013dadov\u00e1 m\u00e4ta<\/span><\/td>\n<\/tr>\n<tr>\n<td><span style=\"font-weight: 400;\">Typ<\/span><\/td>\n<td><span style=\"font-weight: 400;\">Celobiele vrecko, bez tabaku<\/span><\/td>\n<\/tr>\n<\/tbody>\n<\/table>","protected":false},"excerpt":{"rendered":"<p>Siberia -80 All White Ultra Slim nikot\u00ednov\u00e9 vrec\u00fa\u0161ka poskytuj\u00fa mimoriadne siln\u00fa <strong data-start=\"74\" data-end=\"86\">\u013dadov\u00e1 m\u00e4ta<\/strong> s chrumkavou, mrazivou chu\u0165ou. <strong data-start=\"124\" data-end=\"132\">Slim<\/strong>, bez tabaku, pre diskr\u00e9tne a pohodln\u00e9 pou\u017e\u00edvanie a \u010dist\u00e9, osvie\u017euj\u00face uvo\u013enenie. Ka\u017ed\u00e9 vrecko obsahuje <strong data-start=\"237\" data-end=\"255\">25 mg nikot\u00ednu<\/strong>.<\/p>","protected":false},"featured_media":8375,"comment_status":"open","ping_status":"closed","template":"","format":[206],"meta":{"_acf_changed":false},"product_brand":[],"product_cat":[61],"product_tag":[16589],"flavours":[199],"nicotine":[222,233],"class_list":{"0":"post-8374","1":"product","2":"type-product","3":"status-publish","4":"has-post-thumbnail","6":"product_cat-siberia","7":"product_tag-25-mg-pouch","8":"pa_quantity-1-pack","9":"pa_quantity-10-pack","10":"pa_quantity-3-pack","11":"pa_quantity-30-pack","12":"pa_quantity-5-pack","13":"pa_quantity-60-pack","14":"flavours-mint","15":"format-slim","16":"nicotine-33-mg-g","17":"nicotine-extreme","19":"first","20":"outofstock","21":"taxable","22":"shipping-taxable","23":"purchasable","24":"product-type-variable"},"acf":[],"_links":{"self":[{"href":"https:\/\/whitelip.com\/sk\/wp-json\/wp\/v2\/product\/8374","targetHints":{"allow":["GET"]}}],"collection":[{"href":"https:\/\/whitelip.com\/sk\/wp-json\/wp\/v2\/product"}],"about":[{"href":"https:\/\/whitelip.com\/sk\/wp-json\/wp\/v2\/types\/product"}],"replies":[{"embeddable":true,"href":"https:\/\/whitelip.com\/sk\/wp-json\/wp\/v2\/comments?post=8374"}],"wp:featuredmedia":[{"embeddable":true,"href":"https:\/\/whitelip.com\/sk\/wp-json\/wp\/v2\/media\/8375"}],"wp:attachment":[{"href":"https:\/\/whitelip.com\/sk\/wp-json\/wp\/v2\/media?parent=8374"}],"wp:term":[{"taxonomy":"product_brand","embeddable":true,"href":"https:\/\/whitelip.com\/sk\/wp-json\/wp\/v2\/product_brand?post=8374"},{"taxonomy":"product_cat","embeddable":true,"href":"https:\/\/whitelip.com\/sk\/wp-json\/wp\/v2\/product_cat?post=8374"},{"taxonomy":"product_tag","embeddable":true,"href":"https:\/\/whitelip.com\/sk\/wp-json\/wp\/v2\/product_tag?post=8374"},{"taxonomy":"flavours","embeddable":true,"href":"https:\/\/whitelip.com\/sk\/wp-json\/wp\/v2\/flavours?post=8374"},{"taxonomy":"format","embeddable":true,"href":"https:\/\/whitelip.com\/sk\/wp-json\/wp\/v2\/format?post=8374"},{"taxonomy":"nicotine","embeddable":true,"href":"https:\/\/whitelip.com\/sk\/wp-json\/wp\/v2\/nicotine?post=8374"}],"curies":[{"name":"wp","href":"https:\/\/api.w.org\/{rel}","templated":true}]}}