{"id":8360,"date":"2024-11-28T12:43:07","date_gmt":"2024-11-28T12:43:07","guid":{"rendered":"https:\/\/whitelip.com\/zyn-citrus-3mg\/"},"modified":"2026-04-15T11:58:44","modified_gmt":"2026-04-15T11:58:44","slug":"zyn-citrus-3mg","status":"publish","type":"product","link":"https:\/\/whitelip.com\/sk\/zyn\/zyn-citrus-3mg\/","title":{"rendered":"ZYN Citrus 3 mg"},"content":{"rendered":"<h2><b>ZYN Citrus 3 mg<\/b><\/h2>\n<p><span style=\"font-weight: 400;\">ZYN Citrus 3 mg pon\u00faka osvie\u017euj\u00facu zmes citrusov\u00fdch pr\u00edchut\u00ed, ktor\u00e1 kombinuje trpkos\u0165 citr\u00f3na a grapefruitu so sladkos\u0165ou broskyne a n\u00e1dychom ru\u017eovej vody. Ka\u017ed\u00e9 miniat\u00farne biele vrec\u00fa\u0161ko obsahuje 3 mg nikot\u00ednu, \u010do zabezpe\u010duje jemn\u00e9 a rovnomern\u00e9 uvo\u013e\u0148ovanie, ide\u00e1lne pre t\u00fdch, ktor\u00ed h\u013eadaj\u00fa \u013eah\u0161iu nikot\u00ednov\u00fa variantu.<\/span><\/p>\n<p><span style=\"font-weight: 400;\">Miniform\u00e1t zaru\u010duje diskr\u00e9tne a pohodln\u00e9 umiestnenie pod pery, \u010do umo\u017e\u0148uje kedyko\u013evek pou\u017e\u00edva\u0165 \u010dist\u00fd a bez \u0161kv\u0155n. ZYN Citrus 3 mg, vyroben\u00fd v\u00fdhradne z vysokokvalitn\u00fdch rastlinn\u00fdch materi\u00e1lov, pon\u00faka modern\u00fa a pr\u00edjemn\u00fa nikot\u00ednov\u00fa alternat\u00edvu so \u017eivou, chladivou chu\u0165ou.<\/span><\/p>\n<table>\n<tbody>\n<tr>\n<td><b>Atrib\u00fat<\/b><\/td>\n<td><b>Podrobnosti<\/b><\/td>\n<\/tr>\n<tr>\n<td><span style=\"font-weight: 400;\">Zna\u010dka<\/span><\/td>\n<td><span style=\"font-weight: 400;\">ZYN<\/span><\/td>\n<\/tr>\n<tr>\n<td><span style=\"font-weight: 400;\">Typ v\u00fdrobku<\/span><\/td>\n<td><span style=\"font-weight: 400;\">V\u0161etky biele nikot\u00ednov\u00e9 vreck\u00e1<\/span><\/td>\n<\/tr>\n<tr>\n<td><span style=\"font-weight: 400;\">Form\u00e1t<\/span><\/td>\n<td><span style=\"font-weight: 400;\">Mini<\/span><\/td>\n<\/tr>\n<tr>\n<td><span style=\"font-weight: 400;\">Pr\u00edchu\u0165<\/span><\/td>\n<td><span style=\"font-weight: 400;\">Citr\u00f3nov\u00e1, grapefruitov\u00e1, brosky\u0148ov\u00e1 a ru\u017eov\u00e1 voda<\/span><\/td>\n<\/tr>\n<tr>\n<td><span style=\"font-weight: 400;\">Sila nikot\u00ednu<\/span><\/td>\n<td><span style=\"font-weight: 400;\">3 mg na vrecko<\/span><\/td>\n<\/tr>\n<tr>\n<td><span style=\"font-weight: 400;\">Hmotnos\u0165 porcie<\/span><\/td>\n<td><span style=\"font-weight: 400;\">0,4 gramu<\/span><\/td>\n<\/tr>\n<tr>\n<td><span style=\"font-weight: 400;\">Po\u010det porci\u00ed<\/span><\/td>\n<td><span style=\"font-weight: 400;\">20 za plechovku<\/span><\/td>\n<\/tr>\n<tr>\n<td><span style=\"font-weight: 400;\">Celkov\u00e1 hmotnos\u0165 plechovky<\/span><\/td>\n<td><span style=\"font-weight: 400;\">8 gramov<\/span><\/td>\n<\/tr>\n<tr>\n<td><span style=\"font-weight: 400;\">V\u00fdrobca<\/span><\/td>\n<td><span style=\"font-weight: 400;\">\u0160v\u00e9dska z\u00e1palka<\/span><\/td>\n<\/tr>\n<tr>\n<td><span style=\"font-weight: 400;\">Pozoruhodn\u00e9 funkcie<\/span><\/td>\n<td><span style=\"font-weight: 400;\">Bez tab\u00e1ku, mini form\u00e1t, citrusov\u00e1 a kvetinov\u00e1 pr\u00edchu\u0165<\/span><\/td>\n<\/tr>\n<\/tbody>\n<\/table>","protected":false},"excerpt":{"rendered":"<p><strong>Nov\u00fd dizajn! Po\u010das prechodu sa m\u00f4\u017eu pred\u00e1va\u0165 oba dizajny.<\/strong><\/p>\n<p>ZYN <strong data-start=\"4\" data-end=\"14\">Citrusov\u00e9 plody<\/strong> <strong data-start=\"15\" data-end=\"23\">mini<\/strong> mie\u0161a trpk\u00fd citr\u00f3n a grapefruit so sladkou brosky\u0148ou a n\u00e1znakom ru\u017eovej vody, \u010d\u00edm vytv\u00e1ra osvie\u017euj\u00faci profil. Ka\u017ed\u00e9 vrecko obsahuje <strong data-start=\"145\" data-end=\"162\">3 mg nikot\u00ednu<\/strong> pre jemn\u00e9 a rovnomern\u00e9 uvo\u013enenie.<\/p>","protected":false},"featured_media":8361,"comment_status":"open","ping_status":"closed","template":"","format":[205],"meta":{"_acf_changed":false},"product_brand":[],"product_cat":[37],"product_tag":[16579],"flavours":[190],"nicotine":[230,236],"class_list":{"0":"post-8360","1":"product","2":"type-product","3":"status-publish","4":"has-post-thumbnail","6":"product_cat-zyn","7":"product_tag-3-mg-pouch","8":"pa_quantity-1-pack","9":"pa_quantity-10-pack","10":"pa_quantity-5-pack","11":"flavours-citrus","12":"format-mini","13":"nicotine-8-mg-g","14":"nicotine-strong","16":"first","17":"instock","18":"taxable","19":"shipping-taxable","20":"purchasable","21":"product-type-variable"},"acf":[],"_links":{"self":[{"href":"https:\/\/whitelip.com\/sk\/wp-json\/wp\/v2\/product\/8360","targetHints":{"allow":["GET"]}}],"collection":[{"href":"https:\/\/whitelip.com\/sk\/wp-json\/wp\/v2\/product"}],"about":[{"href":"https:\/\/whitelip.com\/sk\/wp-json\/wp\/v2\/types\/product"}],"replies":[{"embeddable":true,"href":"https:\/\/whitelip.com\/sk\/wp-json\/wp\/v2\/comments?post=8360"}],"wp:featuredmedia":[{"embeddable":true,"href":"https:\/\/whitelip.com\/sk\/wp-json\/wp\/v2\/media\/8361"}],"wp:attachment":[{"href":"https:\/\/whitelip.com\/sk\/wp-json\/wp\/v2\/media?parent=8360"}],"wp:term":[{"taxonomy":"product_brand","embeddable":true,"href":"https:\/\/whitelip.com\/sk\/wp-json\/wp\/v2\/product_brand?post=8360"},{"taxonomy":"product_cat","embeddable":true,"href":"https:\/\/whitelip.com\/sk\/wp-json\/wp\/v2\/product_cat?post=8360"},{"taxonomy":"product_tag","embeddable":true,"href":"https:\/\/whitelip.com\/sk\/wp-json\/wp\/v2\/product_tag?post=8360"},{"taxonomy":"flavours","embeddable":true,"href":"https:\/\/whitelip.com\/sk\/wp-json\/wp\/v2\/flavours?post=8360"},{"taxonomy":"format","embeddable":true,"href":"https:\/\/whitelip.com\/sk\/wp-json\/wp\/v2\/format?post=8360"},{"taxonomy":"nicotine","embeddable":true,"href":"https:\/\/whitelip.com\/sk\/wp-json\/wp\/v2\/nicotine?post=8360"}],"curies":[{"name":"wp","href":"https:\/\/api.w.org\/{rel}","templated":true}]}}