{"id":8350,"date":"2024-12-20T19:39:09","date_gmt":"2024-12-20T19:39:09","guid":{"rendered":"https:\/\/whitelip.com\/xqs-tropical-light\/"},"modified":"2026-04-21T07:51:19","modified_gmt":"2026-04-21T07:51:19","slug":"xqs-tropical-light","status":"publish","type":"product","link":"https:\/\/whitelip.com\/sk\/xqs\/xqs-tropical-light\/","title":{"rendered":"XQS Tropical Light"},"content":{"rendered":"<h2><b>XQS Tropical Light<\/b><\/h2>\n<p><span style=\"font-weight: 400;\">XQS Tropical Light pon\u00faka <\/span><b>\u017eiv\u00e1 a osvie\u017euj\u00faca pr\u00edchu\u0165 tropick\u00e9ho ovocia<\/b><span style=\"font-weight: 400;\">, v ktorej sa mie\u0161aj\u00fa t\u00f3ny \u0161\u0165avnat\u00e9ho anan\u00e1su, sladk\u00e9ho manga a jemn\u00fdch citrusov\u00fdch plodov pre hladk\u00fd a pr\u00edjemn\u00fd z\u00e1\u017eitok. Ka\u017ed\u00fd tenk\u00fd biely s\u00e1\u010dok je ide\u00e1lny pre pou\u017e\u00edvate\u013eov, ktor\u00ed h\u013eadaj\u00fa mierne nikot\u00ednov\u00e9 rie\u0161enie. <\/span><b>4 mg nikot\u00ednu<\/b><span style=\"font-weight: 400;\">, ktor\u00fd poskytuje jemn\u00e9 a stabiln\u00e9 uvo\u013e\u0148ovanie ide\u00e1lne na ka\u017edodenn\u00e9 pou\u017eitie.<\/span><\/p>\n<p><span style=\"font-weight: 400;\">\u0160t\u00edhly form\u00e1t zaru\u010duje diskr\u00e9tne a pohodln\u00e9 umiestnenie pod pery a poskytuje \u010distotu bez \u0161kv\u0155n. XQS Tropical Light je modern\u00e1 nikot\u00ednov\u00e1 alternat\u00edva s lahodn\u00fdm a exotick\u00fdm chu\u0165ov\u00fdm profilom, vyroben\u00e1 bez tabaku a z vysokokvalitn\u00fdch rastlinn\u00fdch materi\u00e1lov. Toto vrec\u00fa\u0161ko je ide\u00e1lnou vo\u013ebou pre pou\u017e\u00edvate\u013eov, ktor\u00ed si chc\u00fa vychutna\u0165 \u013eahk\u00fd a ovocn\u00fd nikot\u00ednov\u00fd z\u00e1\u017eitok.<\/span><\/p>\n<table>\n<tbody>\n<tr>\n<td><b>Atrib\u00fat<\/b><\/td>\n<td><b>Podrobnosti<\/b><\/td>\n<\/tr>\n<tr>\n<td><b>Zna\u010dka<\/b><\/td>\n<td><span style=\"font-weight: 400;\">XQS<\/span><\/td>\n<\/tr>\n<tr>\n<td><b>Typ v\u00fdrobku<\/b><\/td>\n<td><span style=\"font-weight: 400;\">V\u0161etky biele nikot\u00ednov\u00e9 vreck\u00e1<\/span><\/td>\n<\/tr>\n<tr>\n<td><b>Form\u00e1t<\/b><\/td>\n<td><span style=\"font-weight: 400;\">Slim<\/span><\/td>\n<\/tr>\n<tr>\n<td><b>Pr\u00edchu\u0165<\/b><\/td>\n<td><span style=\"font-weight: 400;\">Tropick\u00e9 Ovocie<\/span><\/td>\n<\/tr>\n<tr>\n<td><b>Sila nikot\u00ednu<\/b><\/td>\n<td><span style=\"font-weight: 400;\">4 mg na vrecko (5 mg\/g)<\/span><\/td>\n<\/tr>\n<tr>\n<td><b>Hmotnos\u0165 porcie<\/b><\/td>\n<td><span style=\"font-weight: 400;\">0,75 gramu<\/span><\/td>\n<\/tr>\n<tr>\n<td><b>Po\u010det porci\u00ed<\/b><\/td>\n<td><span style=\"font-weight: 400;\">20 za plechovku<\/span><\/td>\n<\/tr>\n<tr>\n<td><b>Celkov\u00e1 hmotnos\u0165 plechovky<\/b><\/td>\n<td><span style=\"font-weight: 400;\">15 gramov<\/span><\/td>\n<\/tr>\n<tr>\n<td><b>V\u00fdrobca<\/b><\/td>\n<td><span style=\"font-weight: 400;\">XQS International<\/span><\/td>\n<\/tr>\n<tr>\n<td><b>Pozoruhodn\u00e9 funkcie<\/b><\/td>\n<td><span style=\"font-weight: 400;\">Bez tab\u00e1ku, \u0161t\u00edhly form\u00e1t, \u013eahk\u00e1 tropick\u00e1 ovocia pr\u00edchu\u0165<\/span><\/td>\n<\/tr>\n<\/tbody>\n<\/table>","protected":false},"excerpt":{"rendered":"<p>XQS <strong data-start=\"4\" data-end=\"16\">Tropick\u00e9<\/strong> <strong data-start=\"17\" data-end=\"26\">Svetlo<\/strong> sp\u00e1ja \u0161\u0165avnat\u00fd anan\u00e1s, sladk\u00e9 mango a jemn\u00e9 citrusy, ktor\u00e9 vytv\u00e1raj\u00fa jemn\u00fd, osvie\u017euj\u00faci profil. Na <strong data-start=\"120\" data-end=\"128\">\u0161t\u00edhly<\/strong>, celobiele vreck\u00e1 s\u00fa diskr\u00e9tne a pohodln\u00e9. Ka\u017ed\u00e9 vrecko obsahuje <strong data-start=\"198\" data-end=\"215\">4 mg nikot\u00ednu<\/strong> pre jemn\u00e9 a stabiln\u00e9 uvo\u013e\u0148ovanie vhodn\u00e9 na ka\u017edodenn\u00e9 pou\u017eitie.<\/p>","protected":false},"featured_media":63923,"comment_status":"open","ping_status":"closed","template":"","format":[206],"meta":{"_acf_changed":false},"product_brand":[],"product_cat":[27],"product_tag":[16585],"flavours":[196],"nicotine":[230,236],"class_list":{"0":"post-8350","1":"product","2":"type-product","3":"status-publish","4":"has-post-thumbnail","6":"product_cat-xqs","7":"product_tag-4-mg-pouch","8":"pa_quantity-1-pack","9":"pa_quantity-10-pack","10":"pa_quantity-3-pack","11":"pa_quantity-30-pack","12":"pa_quantity-5-pack","13":"pa_quantity-60-pack","14":"flavours-fruits-berries","15":"format-slim","16":"nicotine-8-mg-g","17":"nicotine-strong","19":"first","20":"instock","21":"taxable","22":"shipping-taxable","23":"purchasable","24":"product-type-variable"},"acf":[],"_links":{"self":[{"href":"https:\/\/whitelip.com\/sk\/wp-json\/wp\/v2\/product\/8350","targetHints":{"allow":["GET"]}}],"collection":[{"href":"https:\/\/whitelip.com\/sk\/wp-json\/wp\/v2\/product"}],"about":[{"href":"https:\/\/whitelip.com\/sk\/wp-json\/wp\/v2\/types\/product"}],"replies":[{"embeddable":true,"href":"https:\/\/whitelip.com\/sk\/wp-json\/wp\/v2\/comments?post=8350"}],"wp:featuredmedia":[{"embeddable":true,"href":"https:\/\/whitelip.com\/sk\/wp-json\/wp\/v2\/media\/63923"}],"wp:attachment":[{"href":"https:\/\/whitelip.com\/sk\/wp-json\/wp\/v2\/media?parent=8350"}],"wp:term":[{"taxonomy":"product_brand","embeddable":true,"href":"https:\/\/whitelip.com\/sk\/wp-json\/wp\/v2\/product_brand?post=8350"},{"taxonomy":"product_cat","embeddable":true,"href":"https:\/\/whitelip.com\/sk\/wp-json\/wp\/v2\/product_cat?post=8350"},{"taxonomy":"product_tag","embeddable":true,"href":"https:\/\/whitelip.com\/sk\/wp-json\/wp\/v2\/product_tag?post=8350"},{"taxonomy":"flavours","embeddable":true,"href":"https:\/\/whitelip.com\/sk\/wp-json\/wp\/v2\/flavours?post=8350"},{"taxonomy":"format","embeddable":true,"href":"https:\/\/whitelip.com\/sk\/wp-json\/wp\/v2\/format?post=8350"},{"taxonomy":"nicotine","embeddable":true,"href":"https:\/\/whitelip.com\/sk\/wp-json\/wp\/v2\/nicotine?post=8350"}],"curies":[{"name":"wp","href":"https:\/\/api.w.org\/{rel}","templated":true}]}}