{"id":8346,"date":"2024-12-20T19:39:25","date_gmt":"2024-12-20T19:39:25","guid":{"rendered":"https:\/\/whitelip.com\/xqs-blueberry-mint-strong\/"},"modified":"2026-04-26T10:10:49","modified_gmt":"2026-04-26T10:10:49","slug":"xqs-blueberry-mint-strong","status":"publish","type":"product","link":"https:\/\/whitelip.com\/sk\/xqs\/xqs-blueberry-mint-strong\/","title":{"rendered":"XQS Blueberry Mint Strong"},"content":{"rendered":"<h2><b>XQS Blueberry Mint Strong<\/b><\/h2>\n<p><span style=\"font-weight: 400;\">XQS Blueberry Mint Strong prin\u00e1\u0161a n\u00e1dhern\u00fa zmes <\/span><b>sladk\u00e1 \u010du\u010doriedkov\u00e1 pr\u00edchu\u0165<\/b><span style=\"font-weight: 400;\"> a svie\u017ei <\/span><b>m\u00e4tov\u00e1 svie\u017eos\u0165<\/b><span style=\"font-weight: 400;\">, \u010do vytv\u00e1ra vyv\u00e1\u017een\u00fd a povzbudzuj\u00faci nikot\u00ednov\u00fd z\u00e1\u017eitok. Ide\u00e1lne pre pou\u017e\u00edvate\u013eov, ktor\u00ed maj\u00fa radi ovocn\u00e9 t\u00f3ny s osvie\u017euj\u00facim n\u00e1dychom, ka\u017ed\u00fd tenk\u00fd, \u00faplne biely s\u00e1\u010dok obsahuje <\/span><b>10 mg nikot\u00ednu<\/b><span style=\"font-weight: 400;\">, ktor\u00fd pon\u00faka siln\u00e9 a konzistentn\u00e9 uvo\u013e\u0148ovanie ide\u00e1lne na ka\u017edodenn\u00e9 pou\u017e\u00edvanie.<\/span><\/p>\n<p><span style=\"font-weight: 400;\">\u0160t\u00edhly form\u00e1t zaru\u010duje pohodln\u00e9 a diskr\u00e9tne umiestnenie pod perou a poskytuje \u010dist\u00fa mo\u017enos\u0165 bez tabaku bez zafarbenia zubov. XQS Blueberry Mint Strong je vyroben\u00fd z vysokokvalitn\u00fdch rastlinn\u00fdch vl\u00e1kien a kombinuje hladk\u00fa sladkos\u0165 s chladiv\u00fdm z\u00e1verom, v\u010faka \u010domu je vhodnou vo\u013ebou pre pou\u017e\u00edvate\u013eov, ktor\u00ed h\u013eadaj\u00fa spo\u013eahliv\u00fa silu v spojen\u00ed s pr\u00edjemnou chu\u0165ou.<\/span><\/p>\n<table>\n<tbody>\n<tr>\n<td><b>Atrib\u00fat<\/b><\/td>\n<td><b>Podrobnosti<\/b><\/td>\n<\/tr>\n<tr>\n<td><b>Zna\u010dka<\/b><\/td>\n<td><span style=\"font-weight: 400;\">XQS<\/span><\/td>\n<\/tr>\n<tr>\n<td><b>Typ v\u00fdrobku<\/b><\/td>\n<td><span style=\"font-weight: 400;\">V\u0161etky biele nikot\u00ednov\u00e9 vreck\u00e1<\/span><\/td>\n<\/tr>\n<tr>\n<td><b>Form\u00e1t<\/b><\/td>\n<td><span style=\"font-weight: 400;\">Slim<\/span><\/td>\n<\/tr>\n<tr>\n<td><b>Pr\u00edchu\u0165<\/b><\/td>\n<td><span style=\"font-weight: 400;\">\u010cu\u010doriedky a m\u00e4ta<\/span><\/td>\n<\/tr>\n<tr>\n<td><b>Sila nikot\u00ednu<\/b><\/td>\n<td><span style=\"font-weight: 400;\">10 mg na vrecko (13 mg\/g)<\/span><\/td>\n<\/tr>\n<tr>\n<td><b>Hmotnos\u0165 porcie<\/b><\/td>\n<td><span style=\"font-weight: 400;\">0,75 gramu<\/span><\/td>\n<\/tr>\n<tr>\n<td><b>Po\u010det porci\u00ed<\/b><\/td>\n<td><span style=\"font-weight: 400;\">20 za plechovku<\/span><\/td>\n<\/tr>\n<tr>\n<td><b>Celkov\u00e1 hmotnos\u0165 plechovky<\/b><\/td>\n<td><span style=\"font-weight: 400;\">15 gramov<\/span><\/td>\n<\/tr>\n<tr>\n<td><b>V\u00fdrobca<\/b><\/td>\n<td><span style=\"font-weight: 400;\">XQS International<\/span><\/td>\n<\/tr>\n<tr>\n<td><b>Pozoruhodn\u00e9 funkcie<\/b><\/td>\n<td><span style=\"font-weight: 400;\">Bez tab\u00e1ka, \u0161t\u00edhly form\u00e1t, sladk\u00e1 bor\u016fvkov\u00e1 pr\u00edchu\u0165 s osvie\u017euj\u00facou mintovou z\u00e1krutou<\/span><\/td>\n<\/tr>\n<\/tbody>\n<\/table>","protected":false},"excerpt":{"rendered":"<p><span style=\"font-weight: 400;\">XQS Blueberry Mint Strong prin\u00e1\u0161a n\u00e1dhern\u00fa zmes <\/span><b>sladk\u00e1 \u010du\u010doriedkov\u00e1 pr\u00edchu\u0165<\/b><span style=\"font-weight: 400;\"> a svie\u017ei <\/span><b>m\u00e4tov\u00e1 svie\u017eos\u0165<\/b><span style=\"font-weight: 400;\">, \u010do vytv\u00e1ra vyv\u00e1\u017een\u00fd a povzbudzuj\u00faci nikot\u00ednov\u00fd z\u00e1\u017eitok. Ide\u00e1lne pre pou\u017e\u00edvate\u013eov, ktor\u00ed maj\u00fa radi ovocn\u00e9 t\u00f3ny s osvie\u017euj\u00facim n\u00e1dychom. <strong>\u0161t\u00edhly<\/strong>, celobiele vrecko obsahuje <\/span><b>10 mg nikot\u00ednu<\/b><span style=\"font-weight: 400;\">, ktor\u00fd pon\u00faka siln\u00e9 a konzistentn\u00e9 uvo\u013e\u0148ovanie ide\u00e1lne na ka\u017edodenn\u00e9 pou\u017e\u00edvanie.<\/span><\/p>","protected":false},"featured_media":63916,"comment_status":"open","ping_status":"closed","template":"","format":[206],"meta":{"_acf_changed":false},"product_brand":[],"product_cat":[27],"product_tag":[16587],"flavours":[196,199],"nicotine":[210,232],"class_list":{"0":"post-8346","1":"product","2":"type-product","3":"status-publish","4":"has-post-thumbnail","6":"product_cat-xqs","7":"product_tag-10-mg-pouch","8":"pa_quantity-1-pack","9":"pa_quantity-10-pack","10":"pa_quantity-3-pack","11":"pa_quantity-30-pack","12":"pa_quantity-5-pack","13":"pa_quantity-60-pack","14":"flavours-fruits-berries","15":"flavours-mint","16":"format-slim","17":"nicotine-13-mg-g","18":"nicotine-extra-strong","20":"first","21":"instock","22":"taxable","23":"shipping-taxable","24":"purchasable","25":"product-type-variable"},"acf":[],"_links":{"self":[{"href":"https:\/\/whitelip.com\/sk\/wp-json\/wp\/v2\/product\/8346","targetHints":{"allow":["GET"]}}],"collection":[{"href":"https:\/\/whitelip.com\/sk\/wp-json\/wp\/v2\/product"}],"about":[{"href":"https:\/\/whitelip.com\/sk\/wp-json\/wp\/v2\/types\/product"}],"replies":[{"embeddable":true,"href":"https:\/\/whitelip.com\/sk\/wp-json\/wp\/v2\/comments?post=8346"}],"wp:featuredmedia":[{"embeddable":true,"href":"https:\/\/whitelip.com\/sk\/wp-json\/wp\/v2\/media\/63916"}],"wp:attachment":[{"href":"https:\/\/whitelip.com\/sk\/wp-json\/wp\/v2\/media?parent=8346"}],"wp:term":[{"taxonomy":"product_brand","embeddable":true,"href":"https:\/\/whitelip.com\/sk\/wp-json\/wp\/v2\/product_brand?post=8346"},{"taxonomy":"product_cat","embeddable":true,"href":"https:\/\/whitelip.com\/sk\/wp-json\/wp\/v2\/product_cat?post=8346"},{"taxonomy":"product_tag","embeddable":true,"href":"https:\/\/whitelip.com\/sk\/wp-json\/wp\/v2\/product_tag?post=8346"},{"taxonomy":"flavours","embeddable":true,"href":"https:\/\/whitelip.com\/sk\/wp-json\/wp\/v2\/flavours?post=8346"},{"taxonomy":"format","embeddable":true,"href":"https:\/\/whitelip.com\/sk\/wp-json\/wp\/v2\/format?post=8346"},{"taxonomy":"nicotine","embeddable":true,"href":"https:\/\/whitelip.com\/sk\/wp-json\/wp\/v2\/nicotine?post=8346"}],"curies":[{"name":"wp","href":"https:\/\/api.w.org\/{rel}","templated":true}]}}