{"id":8337,"date":"2024-12-20T19:39:05","date_gmt":"2024-12-20T19:39:05","guid":{"rendered":"https:\/\/whitelip.com\/velo-bright-spearmint-mini\/"},"modified":"2026-05-14T10:11:43","modified_gmt":"2026-05-14T10:11:43","slug":"velo-bright-spearmint-mini","status":"publish","type":"product","link":"https:\/\/whitelip.com\/sk\/velo\/velo-bright-spearmint-mini\/","title":{"rendered":"VELO Bright Spearmint Mini"},"content":{"rendered":"<h2><strong>VELO Bright Spearmint Mini<\/strong><\/h2>\n<p><span style=\"font-weight: 400;\">VELO Bright Spearmint Mini pon\u00faka osvie\u017euj\u00facu a povzbudzuj\u00facu m\u00e4tov\u00fa pr\u00edchu\u0165, ktor\u00e1 prin\u00e1\u0161a svie\u017ei a chladiv\u00fd m\u00e4tov\u00fd z\u00e1\u017eitok, ktor\u00fd preb\u00fadza zmysly. Tieto miniat\u00farne, \u00faplne biele nikot\u00ednov\u00e9 vrec\u00fa\u0161ka s\u00fa navrhnut\u00e9 na diskr\u00e9tne a pohodln\u00e9 pou\u017e\u00edvanie, tesne sa zmestia pod pery bez toho, aby boli n\u00e1padn\u00e9. Vyv\u00e1\u017een\u00e1 sladkos\u0165 m\u00e4ty v kombin\u00e1cii s jemn\u00fdm mentolov\u00fdm podt\u00f3nom poskytuje pr\u00edjemn\u00fa chu\u0165 bez prehnan\u00e9ho p\u00e1lenia, ktor\u00e9 sa \u010dasto sp\u00e1ja so silnej\u0161\u00edmi m\u00e4tov\u00fdmi v\u00fdrobkami. VELO Bright Spearmint Mini je ide\u00e1lny pre t\u00fdch, ktor\u00ed h\u013eadaj\u00fa jemn\u00fd a uspokojiv\u00fd nikot\u00ednov\u00fd z\u00e1\u017eitok, zaru\u010duje konzistentn\u00e9 uvo\u013e\u0148ovanie chuti a nikot\u00ednu, v\u010faka \u010domu je vhodnou vo\u013ebou pre nov\u00fdch aj sk\u00fasen\u00fdch pou\u017e\u00edvate\u013eov.<\/span><\/p>\n<table>\n<tbody>\n<tr>\n<td><b>Atrib\u00fat<\/b><\/td>\n<td><b>Podrobnosti<\/b><\/td>\n<\/tr>\n<tr>\n<td><span style=\"font-weight: 400;\">Zna\u010dka<\/span><\/td>\n<td><span style=\"font-weight: 400;\">VELO<\/span><\/td>\n<\/tr>\n<tr>\n<td><span style=\"font-weight: 400;\">Typ v\u00fdrobku<\/span><\/td>\n<td><span style=\"font-weight: 400;\">V\u0161etky biele nikot\u00ednov\u00e9 vreck\u00e1<\/span><\/td>\n<\/tr>\n<tr>\n<td><span style=\"font-weight: 400;\">Form\u00e1t<\/span><\/td>\n<td><span style=\"font-weight: 400;\">Mini<\/span><\/td>\n<\/tr>\n<tr>\n<td><span style=\"font-weight: 400;\">Pr\u00edchu\u0165<\/span><\/td>\n<td><span style=\"font-weight: 400;\">M\u00e4ta pieporn\u00e1 s n\u00e1dychom mentolu<\/span><\/td>\n<\/tr>\n<tr>\n<td><span style=\"font-weight: 400;\">Sila nikot\u00ednu<\/span><\/td>\n<td><span style=\"font-weight: 400;\">8 mg\/g (4 mg na vrecko)<\/span><\/td>\n<\/tr>\n<tr>\n<td><span style=\"font-weight: 400;\">Hmotnos\u0165 porcie<\/span><\/td>\n<td><span style=\"font-weight: 400;\">0,5 gramu<\/span><\/td>\n<\/tr>\n<tr>\n<td><span style=\"font-weight: 400;\">Po\u010det porci\u00ed<\/span><\/td>\n<td><span style=\"font-weight: 400;\">20 za plechovku<\/span><\/td>\n<\/tr>\n<tr>\n<td><span style=\"font-weight: 400;\">Celkov\u00e1 hmotnos\u0165 plechovky<\/span><\/td>\n<td><span style=\"font-weight: 400;\">10 gramov<\/span><\/td>\n<\/tr>\n<tr>\n<td><span style=\"font-weight: 400;\">V\u00fdrobca<\/span><\/td>\n<td><span style=\"font-weight: 400;\">BAT<\/span><\/td>\n<\/tr>\n<tr>\n<td><span style=\"font-weight: 400;\">Pozoruhodn\u00e9 funkcie<\/span><\/td>\n<td><span style=\"font-weight: 400;\">Bez tabaku, diskr\u00e9tne mini porcie, vyv\u00e1\u017een\u00e1 m\u00e4tov\u00e1 chu\u0165, minim\u00e1lne kvapkanie<\/span><\/td>\n<\/tr>\n<\/tbody>\n<\/table>","protected":false},"excerpt":{"rendered":"<p>VELO Bright Spearmint Mini nikot\u00ednov\u00e9 vrec\u00fa\u0161ka prin\u00e1\u0161aj\u00fa osvie\u017eenie <strong data-start=\"65\" data-end=\"85\">Jasn\u00e1 m\u00e4ta pieporn\u00e1<\/strong> s chrumkavou, chladivou m\u00e4tovou chu\u0165ou. Mini, <strong data-start=\"132\" data-end=\"140\">\u0161t\u00edhly<\/strong>, \u00faplne biely form\u00e1t pre diskr\u00e9tne, pohodln\u00e9 pou\u017e\u00edvanie a konzistentn\u00e9 uvo\u013e\u0148ovanie. Ka\u017ed\u00e9 vrecko obsahuje <strong data-start=\"235\" data-end=\"252\">4 mg nikot\u00ednu<\/strong>.<\/p>","protected":false},"featured_media":8338,"comment_status":"open","ping_status":"closed","template":"","format":[205],"meta":{"_acf_changed":false},"product_brand":[],"product_cat":[48],"product_tag":[16585],"flavours":[199],"nicotine":[230,236],"class_list":{"0":"post-8337","1":"product","2":"type-product","3":"status-publish","4":"has-post-thumbnail","6":"product_cat-velo","7":"product_tag-4-mg-pouch","8":"pa_quantity-1-pack","9":"pa_quantity-10-pack","10":"pa_quantity-3-pack","11":"pa_quantity-30-pack","12":"pa_quantity-5-pack","13":"pa_quantity-60-pack","14":"flavours-mint","15":"format-mini","16":"nicotine-8-mg-g","17":"nicotine-strong","19":"first","20":"instock","21":"taxable","22":"shipping-taxable","23":"purchasable","24":"product-type-variable"},"acf":[],"_links":{"self":[{"href":"https:\/\/whitelip.com\/sk\/wp-json\/wp\/v2\/product\/8337","targetHints":{"allow":["GET"]}}],"collection":[{"href":"https:\/\/whitelip.com\/sk\/wp-json\/wp\/v2\/product"}],"about":[{"href":"https:\/\/whitelip.com\/sk\/wp-json\/wp\/v2\/types\/product"}],"replies":[{"embeddable":true,"href":"https:\/\/whitelip.com\/sk\/wp-json\/wp\/v2\/comments?post=8337"}],"wp:featuredmedia":[{"embeddable":true,"href":"https:\/\/whitelip.com\/sk\/wp-json\/wp\/v2\/media\/8338"}],"wp:attachment":[{"href":"https:\/\/whitelip.com\/sk\/wp-json\/wp\/v2\/media?parent=8337"}],"wp:term":[{"taxonomy":"product_brand","embeddable":true,"href":"https:\/\/whitelip.com\/sk\/wp-json\/wp\/v2\/product_brand?post=8337"},{"taxonomy":"product_cat","embeddable":true,"href":"https:\/\/whitelip.com\/sk\/wp-json\/wp\/v2\/product_cat?post=8337"},{"taxonomy":"product_tag","embeddable":true,"href":"https:\/\/whitelip.com\/sk\/wp-json\/wp\/v2\/product_tag?post=8337"},{"taxonomy":"flavours","embeddable":true,"href":"https:\/\/whitelip.com\/sk\/wp-json\/wp\/v2\/flavours?post=8337"},{"taxonomy":"format","embeddable":true,"href":"https:\/\/whitelip.com\/sk\/wp-json\/wp\/v2\/format?post=8337"},{"taxonomy":"nicotine","embeddable":true,"href":"https:\/\/whitelip.com\/sk\/wp-json\/wp\/v2\/nicotine?post=8337"}],"curies":[{"name":"wp","href":"https:\/\/api.w.org\/{rel}","templated":true}]}}