{"id":8335,"date":"2024-12-20T19:39:05","date_gmt":"2024-12-20T19:39:05","guid":{"rendered":"https:\/\/whitelip.com\/velo-tropical-mango\/"},"modified":"2026-05-06T10:11:36","modified_gmt":"2026-05-06T10:11:36","slug":"velo-tropical-mango","status":"publish","type":"product","link":"https:\/\/whitelip.com\/sk\/velo\/velo-tropical-mango\/","title":{"rendered":"VELO Tropick\u00e9 mango"},"content":{"rendered":"<h2><strong>VELO Tropick\u00e9 mango<\/strong><\/h2>\n<p><span style=\"font-weight: 400;\">VELO Tropical Mango prin\u00e1\u0161a tropick\u00fa kombin\u00e1ciu chut\u00ed manga, mandar\u00ednky a marakuje, ktor\u00e1 pon\u00faka vyv\u00e1\u017een\u00fa sladkokysl\u00fa chu\u0165 pripom\u00ednaj\u00facu exotick\u00e9 ovocie. Tieto tenk\u00e9, celobiele nikot\u00ednov\u00e9 vrec\u00fa\u0161ka s\u00fa navrhnut\u00e9 tak, aby sa diskr\u00e9tne a pohodlne dr\u017eali, a zabezpe\u010duj\u00fa konzistentn\u00e9 uvo\u013e\u0148ovanie chuti a nikot\u00ednu. Tento beztabakov\u00fd v\u00fdrobok je ide\u00e1lny pre t\u00fdch, ktor\u00ed h\u013eadaj\u00fa osvie\u017euj\u00faci a ovocn\u00fd nikot\u00ednov\u00fd z\u00e1\u017eitok.<\/span><\/p>\n<table>\n<tbody>\n<tr>\n<td><b>Atrib\u00fat<\/b><\/td>\n<td><b>Podrobnosti<\/b><\/td>\n<\/tr>\n<tr>\n<td><span style=\"font-weight: 400;\">Zna\u010dka<\/span><\/td>\n<td><span style=\"font-weight: 400;\">VELO<\/span><\/td>\n<\/tr>\n<tr>\n<td><span style=\"font-weight: 400;\">Typ v\u00fdrobku<\/span><\/td>\n<td><span style=\"font-weight: 400;\">V\u0161etky biele nikot\u00ednov\u00e9 vreck\u00e1<\/span><\/td>\n<\/tr>\n<tr>\n<td><span style=\"font-weight: 400;\">Form\u00e1t<\/span><\/td>\n<td><span style=\"font-weight: 400;\">Slim<\/span><\/td>\n<\/tr>\n<tr>\n<td><span style=\"font-weight: 400;\">Pr\u00edchu\u0165<\/span><\/td>\n<td><span style=\"font-weight: 400;\">Mango, mandar\u00ednka, mu\u010denka<\/span><\/td>\n<\/tr>\n<tr>\n<td><span style=\"font-weight: 400;\">Sila nikot\u00ednu<\/span><\/td>\n<td><span style=\"font-weight: 400;\">Dostupn\u00e9 v d\u00e1vkach 8,6 mg\/g (6 mg na vrecko) a 20 mg\/g (14 mg na vrecko)<\/span><\/td>\n<\/tr>\n<tr>\n<td><span style=\"font-weight: 400;\">Hmotnos\u0165 porcie<\/span><\/td>\n<td><span style=\"font-weight: 400;\">0,7 gramu<\/span><\/td>\n<\/tr>\n<tr>\n<td><span style=\"font-weight: 400;\">Po\u010det porci\u00ed<\/span><\/td>\n<td><span style=\"font-weight: 400;\">20 za plechovku<\/span><\/td>\n<\/tr>\n<tr>\n<td><span style=\"font-weight: 400;\">Celkov\u00e1 hmotnos\u0165 plechovky<\/span><\/td>\n<td><span style=\"font-weight: 400;\">14 gramov<\/span><\/td>\n<\/tr>\n<tr>\n<td><span style=\"font-weight: 400;\">V\u00fdrobca<\/span><\/td>\n<td><span style=\"font-weight: 400;\">BAT<\/span><\/td>\n<\/tr>\n<tr>\n<td><span style=\"font-weight: 400;\">Pozoruhodn\u00e9 funkcie<\/span><\/td>\n<td><span style=\"font-weight: 400;\">Bez tabaku, diskr\u00e9tne tenk\u00e9 porcie, r\u00fdchle uvo\u013e\u0148ovanie chuti<\/span><\/td>\n<\/tr>\n<\/tbody>\n<\/table>","protected":false},"excerpt":{"rendered":"<p>VELO Nikot\u00ednov\u00e9 vrec\u00fa\u0161ka Tropical Mango prin\u00e1\u0161aj\u00fa osvie\u017eenie <strong data-start=\"58\" data-end=\"76\">Tropick\u00e9 mango<\/strong> zmes manga, mandar\u00ednky a mu\u010denky s vyv\u00e1\u017een\u00fdm sladkokysl\u00fdm profilom. <strong data-start=\"156\" data-end=\"164\">Slim<\/strong>, \u00faplne biely form\u00e1t pre diskr\u00e9tne a pohodln\u00e9 pou\u017e\u00edvanie s konzistentn\u00fdm uvo\u013e\u0148ovan\u00edm.<\/p>","protected":false},"featured_media":8336,"comment_status":"open","ping_status":"closed","template":"","format":[206],"meta":{"_acf_changed":false},"product_brand":[],"product_cat":[48],"product_tag":[16559],"flavours":[196],"nicotine":[230,236],"class_list":{"0":"post-8335","1":"product","2":"type-product","3":"status-publish","4":"has-post-thumbnail","6":"product_cat-velo","7":"product_tag-6-mg-pouch","8":"pa_quantity-1-pack","9":"pa_quantity-10-pack","10":"pa_quantity-3-pack","11":"pa_quantity-30-pack","12":"pa_quantity-5-pack","13":"pa_quantity-60-pack","14":"flavours-fruits-berries","15":"format-slim","16":"nicotine-8-mg-g","17":"nicotine-strong","19":"first","20":"outofstock","21":"taxable","22":"shipping-taxable","23":"purchasable","24":"product-type-variable"},"acf":[],"_links":{"self":[{"href":"https:\/\/whitelip.com\/sk\/wp-json\/wp\/v2\/product\/8335","targetHints":{"allow":["GET"]}}],"collection":[{"href":"https:\/\/whitelip.com\/sk\/wp-json\/wp\/v2\/product"}],"about":[{"href":"https:\/\/whitelip.com\/sk\/wp-json\/wp\/v2\/types\/product"}],"replies":[{"embeddable":true,"href":"https:\/\/whitelip.com\/sk\/wp-json\/wp\/v2\/comments?post=8335"}],"wp:featuredmedia":[{"embeddable":true,"href":"https:\/\/whitelip.com\/sk\/wp-json\/wp\/v2\/media\/8336"}],"wp:attachment":[{"href":"https:\/\/whitelip.com\/sk\/wp-json\/wp\/v2\/media?parent=8335"}],"wp:term":[{"taxonomy":"product_brand","embeddable":true,"href":"https:\/\/whitelip.com\/sk\/wp-json\/wp\/v2\/product_brand?post=8335"},{"taxonomy":"product_cat","embeddable":true,"href":"https:\/\/whitelip.com\/sk\/wp-json\/wp\/v2\/product_cat?post=8335"},{"taxonomy":"product_tag","embeddable":true,"href":"https:\/\/whitelip.com\/sk\/wp-json\/wp\/v2\/product_tag?post=8335"},{"taxonomy":"flavours","embeddable":true,"href":"https:\/\/whitelip.com\/sk\/wp-json\/wp\/v2\/flavours?post=8335"},{"taxonomy":"format","embeddable":true,"href":"https:\/\/whitelip.com\/sk\/wp-json\/wp\/v2\/format?post=8335"},{"taxonomy":"nicotine","embeddable":true,"href":"https:\/\/whitelip.com\/sk\/wp-json\/wp\/v2\/nicotine?post=8335"}],"curies":[{"name":"wp","href":"https:\/\/api.w.org\/{rel}","templated":true}]}}