{"id":8329,"date":"2024-11-28T12:42:44","date_gmt":"2024-11-28T12:42:44","guid":{"rendered":"https:\/\/whitelip.com\/zxs-salmiak-large\/"},"modified":"2026-05-06T10:11:13","modified_gmt":"2026-05-06T10:11:13","slug":"zxs-salmiak-large","status":"publish","type":"product","link":"https:\/\/whitelip.com\/sk\/zxs\/zxs-salmiak-large\/","title":{"rendered":"Z!XS Salmiak Large"},"content":{"rendered":"<h2><b>Z!XS Salmiak Large<\/b><\/h2>\n<p><span style=\"font-weight: 400;\">Z!XS Salmiak Large prin\u00e1\u0161a odv\u00e1\u017eny a v\u00fdrazn\u00fd <\/span><b>slan\u00e1 pr\u00edchu\u0165 sladk\u00e9ho drievka<\/b><span style=\"font-weight: 400;\">, ktor\u00fd pon\u00faka bohat\u00fd a mierne slan\u00fd profil pre pou\u017e\u00edvate\u013eov, ktor\u00ed maj\u00fa radi jedine\u010dn\u00e9 a tradi\u010dn\u00e9 chute. T\u00e1to nezamenite\u013en\u00e1 pr\u00edchu\u0165 poskytuje hladk\u00fd a uspokojuj\u00faci z\u00e1\u017eitok v spojen\u00ed s rovnomern\u00fdm a siln\u00fdm uvo\u013e\u0148ovan\u00edm nikot\u00ednu. Ka\u017ed\u00e9 ve\u013ek\u00e9, \u00faplne biele vrec\u00fa\u0161ko obsahuje <\/span><b>12 mg nikot\u00ednu<\/b><span style=\"font-weight: 400;\">, tak\u017ee je ide\u00e1lny pre pou\u017e\u00edvate\u013eov, ktor\u00ed h\u013eadaj\u00fa robustn\u00fd n\u00e1boj s klasick\u00fdm \u0161kandin\u00e1vskym n\u00e1dychom.<\/span><\/p>\n<p><span style=\"font-weight: 400;\">Ve\u013ek\u00fd form\u00e1t zaru\u010duje pln\u0161ie pri\u013enutie pod pery pri zachovan\u00ed pohodlia a diskr\u00e9tnosti, tak\u017ee je ide\u00e1lny na \u010dist\u00e9 pou\u017e\u00edvanie bez \u0161kv\u0155n. \u00daplne bez tabaku a vyroben\u00fd z vysokokvalitn\u00fdch rastlinn\u00fdch materi\u00e1lov, Z!XS Salmiak Large pon\u00faka modern\u00fa nikot\u00ednov\u00fa alternat\u00edvu pre t\u00fdch, ktor\u00ed oce\u0148uj\u00fa nezamenite\u013en\u00fa chu\u0165 slanej sladkej drievnej \u0161\u0165avy v kombin\u00e1cii so spo\u013eahlivou silou.<\/span><\/p>\n<table>\n<tbody>\n<tr>\n<td><b>Atrib\u00fat<\/b><\/td>\n<td><b>Podrobnosti<\/b><\/td>\n<\/tr>\n<tr>\n<td><b>Zna\u010dka<\/b><\/td>\n<td><span style=\"font-weight: 400;\">Z!XS<\/span><\/td>\n<\/tr>\n<tr>\n<td><b>Typ v\u00fdrobku<\/b><\/td>\n<td><span style=\"font-weight: 400;\">V\u0161etky biele nikot\u00ednov\u00e9 vreck\u00e1<\/span><\/td>\n<\/tr>\n<tr>\n<td><b>Form\u00e1t<\/b><\/td>\n<td><span style=\"font-weight: 400;\">Ve\u013ek\u00e9<\/span><\/td>\n<\/tr>\n<tr>\n<td><b>Pr\u00edchu\u0165<\/b><\/td>\n<td><span style=\"font-weight: 400;\">Slan\u00e9 sladk\u00e9 drievko (Salmiak)<\/span><\/td>\n<\/tr>\n<tr>\n<td><b>Sila nikot\u00ednu<\/b><\/td>\n<td><span style=\"font-weight: 400;\">12 mg na vrecko<\/span><\/td>\n<\/tr>\n<tr>\n<td><b>Hmotnos\u0165 porcie<\/b><\/td>\n<td><span style=\"font-weight: 400;\">1,0 gramu<\/span><\/td>\n<\/tr>\n<tr>\n<td><b>Po\u010det porci\u00ed<\/b><\/td>\n<td><span style=\"font-weight: 400;\">20 za plechovku<\/span><\/td>\n<\/tr>\n<tr>\n<td><b>Celkov\u00e1 hmotnos\u0165 plechovky<\/b><\/td>\n<td><span style=\"font-weight: 400;\">20 gramov<\/span><\/td>\n<\/tr>\n<tr>\n<td><b>V\u00fdrobca<\/b><\/td>\n<td><span style=\"font-weight: 400;\">Z!XS International<\/span><\/td>\n<\/tr>\n<tr>\n<td><b>Pozoruhodn\u00e9 funkcie<\/b><\/td>\n<td><span style=\"font-weight: 400;\">Bez tabaku, ve\u013ek\u00fd form\u00e1t, bohat\u00e1 a slan\u00e1 pr\u00edchu\u0165 sladk\u00e9ho drievka<\/span><\/td>\n<\/tr>\n<\/tbody>\n<\/table>","protected":false},"excerpt":{"rendered":"<p>Z!XS <strong data-start=\"5\" data-end=\"16\">Salmiak<\/strong> <strong data-start=\"17\" data-end=\"26\">Ve\u013ek\u00e9<\/strong> prin\u00e1\u0161a v\u00fdrazn\u00e9 slan\u00e9 sladk\u00e9 drievko s hladk\u00fdm, uspokojiv\u00fdm z\u00e1verom. Celobiela <strong data-start=\"114\" data-end=\"123\">Ve\u013ek\u00e9<\/strong> vreck\u00e1 pon\u00fakaj\u00fa klasick\u00fd \u0161kandin\u00e1vsky profil. Ka\u017ed\u00e9 vrecko obsahuje <strong data-start=\"190\" data-end=\"208\">12 mg nikot\u00ednu<\/strong> pre siln\u00e9 a stabiln\u00e9 uvo\u013enenie.<\/p>","protected":false},"featured_media":8330,"comment_status":"open","ping_status":"closed","template":"","format":[206],"meta":{"_acf_changed":false},"product_brand":[],"product_cat":[39],"product_tag":[16561],"flavours":[198],"nicotine":[230,236],"class_list":{"0":"post-8329","1":"product","2":"type-product","3":"status-publish","4":"has-post-thumbnail","6":"product_cat-zxs","7":"product_tag-12-mg-pouch","8":"pa_quantity-1-pack","9":"pa_quantity-10-pack","10":"pa_quantity-3-pack","11":"pa_quantity-30-pack","12":"pa_quantity-5-pack","13":"pa_quantity-60-pack","14":"flavours-licorice","15":"format-slim","16":"nicotine-8-mg-g","17":"nicotine-strong","19":"first","20":"instock","21":"taxable","22":"shipping-taxable","23":"purchasable","24":"product-type-variable"},"acf":[],"_links":{"self":[{"href":"https:\/\/whitelip.com\/sk\/wp-json\/wp\/v2\/product\/8329","targetHints":{"allow":["GET"]}}],"collection":[{"href":"https:\/\/whitelip.com\/sk\/wp-json\/wp\/v2\/product"}],"about":[{"href":"https:\/\/whitelip.com\/sk\/wp-json\/wp\/v2\/types\/product"}],"replies":[{"embeddable":true,"href":"https:\/\/whitelip.com\/sk\/wp-json\/wp\/v2\/comments?post=8329"}],"wp:featuredmedia":[{"embeddable":true,"href":"https:\/\/whitelip.com\/sk\/wp-json\/wp\/v2\/media\/8330"}],"wp:attachment":[{"href":"https:\/\/whitelip.com\/sk\/wp-json\/wp\/v2\/media?parent=8329"}],"wp:term":[{"taxonomy":"product_brand","embeddable":true,"href":"https:\/\/whitelip.com\/sk\/wp-json\/wp\/v2\/product_brand?post=8329"},{"taxonomy":"product_cat","embeddable":true,"href":"https:\/\/whitelip.com\/sk\/wp-json\/wp\/v2\/product_cat?post=8329"},{"taxonomy":"product_tag","embeddable":true,"href":"https:\/\/whitelip.com\/sk\/wp-json\/wp\/v2\/product_tag?post=8329"},{"taxonomy":"flavours","embeddable":true,"href":"https:\/\/whitelip.com\/sk\/wp-json\/wp\/v2\/flavours?post=8329"},{"taxonomy":"format","embeddable":true,"href":"https:\/\/whitelip.com\/sk\/wp-json\/wp\/v2\/format?post=8329"},{"taxonomy":"nicotine","embeddable":true,"href":"https:\/\/whitelip.com\/sk\/wp-json\/wp\/v2\/nicotine?post=8329"}],"curies":[{"name":"wp","href":"https:\/\/api.w.org\/{rel}","templated":true}]}}