{"id":8323,"date":"2024-11-28T12:42:44","date_gmt":"2024-11-28T12:42:44","guid":{"rendered":"https:\/\/whitelip.com\/loop-jalapeno-lime-3\/"},"modified":"2026-04-13T20:13:40","modified_gmt":"2026-04-13T20:13:40","slug":"loop-jalapeno-lime-3","status":"publish","type":"product","link":"https:\/\/whitelip.com\/sk\/loop\/loop-jalapeno-lime-3\/","title":{"rendered":"LOOP Jalape\u00f1o Lime #3"},"content":{"rendered":"<h2><b>LOOP Jalape\u00f1o Lime #3<\/b><\/h2>\n<p><span style=\"font-weight: 400;\">LOOP Jalape\u00f1o Lime #3 pon\u00faka odv\u00e1\u017enu a osvie\u017euj\u00facu zmes \u0161tip\u013eavej limetky s pikantn\u00fdm n\u00e1dychom jalape\u00f1o, ktor\u00e1 vytv\u00e1ra jedine\u010dn\u00fd a dynamick\u00fd chu\u0165ov\u00fd z\u00e1\u017eitok. Tieto tenk\u00e9 nikot\u00ednov\u00e9 vrec\u00fa\u0161ka poskytuj\u00fa stredne siln\u00fa d\u00e1vku nikot\u00ednu, tak\u017ee s\u00fa ide\u00e1lne pre pou\u017e\u00edvate\u013eov, ktor\u00ed h\u013eadaj\u00fa chu\u0165ovo vyv\u00e1\u017een\u00fa mo\u017enos\u0165. LOOP Jalape\u00f1o Lime #3 je navrhnut\u00fd na diskr\u00e9tne pou\u017e\u00edvanie, pohodlne sa zmest\u00ed pod pery a zaru\u010duje pohodln\u00fd a povzbudzuj\u00faci nikot\u00ednov\u00fd z\u00e1\u017eitok. Jeho \u017eiv\u00e1 kombin\u00e1cia korenia a citrusov zaru\u010duje skuto\u010dne v\u00fdrazn\u00fd pocit.<\/span><\/p>\n<table>\n<tbody>\n<tr>\n<td><b>Atrib\u00fat<\/b><\/td>\n<td><b>Podrobnosti<\/b><\/td>\n<\/tr>\n<tr>\n<td><span style=\"font-weight: 400;\">Obsah na plechovku<\/span><\/td>\n<td><span style=\"font-weight: 400;\">12 g (20 vrec\u00fa\u0161ok)<\/span><\/td>\n<\/tr>\n<tr>\n<td><span style=\"font-weight: 400;\">Obsah nikot\u00ednu<\/span><\/td>\n<td><span style=\"font-weight: 400;\">10 mg\/g<\/span><\/td>\n<\/tr>\n<tr>\n<td><span style=\"font-weight: 400;\">Form\u00e1t vrecka<\/span><\/td>\n<td><span style=\"font-weight: 400;\">Slim<\/span><\/td>\n<\/tr>\n<tr>\n<td><span style=\"font-weight: 400;\">V\u00fdrobca<\/span><\/td>\n<td><span style=\"font-weight: 400;\">LOOP<\/span><\/td>\n<\/tr>\n<tr>\n<td><span style=\"font-weight: 400;\">Pr\u00edchu\u0165<\/span><\/td>\n<td><span style=\"font-weight: 400;\">Jalape\u00f1o a limetka<\/span><\/td>\n<\/tr>\n<tr>\n<td><span style=\"font-weight: 400;\">Typ<\/span><\/td>\n<td><span style=\"font-weight: 400;\">Celobiele vrecko, bez tabaku<\/span><\/td>\n<\/tr>\n<\/tbody>\n<\/table>","protected":false},"excerpt":{"rendered":"<p>Odv\u00e1\u017eny, pikantn\u00fd <strong data-start=\"12\" data-end=\"29\">jalape\u00f1o limetka<\/strong> s pikantn\u00fdm n\u00e1dychom a citrusovou chu\u0165ou. <strong data-start=\"65\" data-end=\"73\">Slim<\/strong>, vrec\u00fa\u0161ka bez tabaku sa diskr\u00e9tne umiestnia pod pery, aby sa dali pohodlne pou\u017e\u00edva\u0165. Poskytuje <strong data-start=\"156\" data-end=\"186\">stredne siln\u00fd nikot\u00edn<\/strong> na dosiahnutie vyv\u00e1\u017eenej chuti.<\/p>","protected":false},"featured_media":3062,"comment_status":"open","ping_status":"closed","template":"","format":[206],"meta":{"_acf_changed":false},"product_brand":[],"product_cat":[32],"product_tag":[16563],"flavours":[187,190],"nicotine":[212,232],"class_list":{"0":"post-8323","1":"product","2":"type-product","3":"status-publish","4":"has-post-thumbnail","6":"product_cat-loop","7":"product_tag-9-mg-pouch","8":"pa_quantity-1-pack","9":"pa_quantity-10-pack","10":"pa_quantity-3-pack","11":"pa_quantity-30-pack","12":"pa_quantity-5-pack","13":"pa_quantity-60-pack","14":"flavours-chili","15":"flavours-citrus","16":"format-slim","17":"nicotine-15-mg-g","18":"nicotine-extra-strong","20":"first","21":"instock","22":"taxable","23":"shipping-taxable","24":"purchasable","25":"product-type-variable"},"acf":[],"_links":{"self":[{"href":"https:\/\/whitelip.com\/sk\/wp-json\/wp\/v2\/product\/8323","targetHints":{"allow":["GET"]}}],"collection":[{"href":"https:\/\/whitelip.com\/sk\/wp-json\/wp\/v2\/product"}],"about":[{"href":"https:\/\/whitelip.com\/sk\/wp-json\/wp\/v2\/types\/product"}],"replies":[{"embeddable":true,"href":"https:\/\/whitelip.com\/sk\/wp-json\/wp\/v2\/comments?post=8323"}],"wp:featuredmedia":[{"embeddable":true,"href":"https:\/\/whitelip.com\/sk\/wp-json\/wp\/v2\/media\/3062"}],"wp:attachment":[{"href":"https:\/\/whitelip.com\/sk\/wp-json\/wp\/v2\/media?parent=8323"}],"wp:term":[{"taxonomy":"product_brand","embeddable":true,"href":"https:\/\/whitelip.com\/sk\/wp-json\/wp\/v2\/product_brand?post=8323"},{"taxonomy":"product_cat","embeddable":true,"href":"https:\/\/whitelip.com\/sk\/wp-json\/wp\/v2\/product_cat?post=8323"},{"taxonomy":"product_tag","embeddable":true,"href":"https:\/\/whitelip.com\/sk\/wp-json\/wp\/v2\/product_tag?post=8323"},{"taxonomy":"flavours","embeddable":true,"href":"https:\/\/whitelip.com\/sk\/wp-json\/wp\/v2\/flavours?post=8323"},{"taxonomy":"format","embeddable":true,"href":"https:\/\/whitelip.com\/sk\/wp-json\/wp\/v2\/format?post=8323"},{"taxonomy":"nicotine","embeddable":true,"href":"https:\/\/whitelip.com\/sk\/wp-json\/wp\/v2\/nicotine?post=8323"}],"curies":[{"name":"wp","href":"https:\/\/api.w.org\/{rel}","templated":true}]}}