{"id":8298,"date":"2024-11-28T12:41:58","date_gmt":"2024-11-28T12:41:58","guid":{"rendered":"https:\/\/whitelip.com\/zyn-violet-licorice-6-5mg\/"},"modified":"2026-04-15T22:28:19","modified_gmt":"2026-04-15T22:28:19","slug":"zyn-violet-licorice-6mg","status":"publish","type":"product","link":"https:\/\/whitelip.com\/sk\/zyn\/zyn-violet-licorice-6mg\/","title":{"rendered":"ZYN Violet Licorice 6mg"},"content":{"rendered":"<h2><b>ZYN Violet Licorice 6mg<\/b><\/h2>\n<p><span style=\"font-weight: 400;\">ZYN Violet Licorice 6mg pon\u00faka v\u00fdnimo\u010dn\u00fa a chutn\u00fa nikot\u00ednovu sk\u00fasenos\u0165, ktor\u00e1 kombinuje bohat\u00e9 chute sladk\u00e9ho bylinkov\u00e9ho lik\u00e9ru, kvetinatej fialky a n\u00e1znakom slann\u00e9ho salmiakov\u00e1. Ka\u017ed\u00e9 tenk\u00e9, \u00faplne biele vrec\u00fa\u0161ko obsahuje 6mg nikot\u00ednu, ktor\u00fd poskytuje vyv\u00e1\u017een\u00fa a stabiln\u00fa uvo\u013e\u0148ovanie, ide\u00e1lne pre t\u00fdch, ktor\u00ed h\u013eadaj\u00fa umiernen\u00fa nikot\u00ednov\u00fa mo\u017enos\u0165.<\/span><\/p>\n<p><span style=\"font-weight: 400;\">Tenk\u00fd form\u00e1t zaru\u010duje diskr\u00e9tne a pohodln\u00e9 umiestnenie pod pery, \u010do umo\u017e\u0148uje \u010dist\u00e9, bez \u0161kv\u0155n pou\u017e\u00edvanie kedyko\u013evek. Vyroben\u00fd \u00faplne z vysokokvalitn\u00fdch, rastlinn\u00fdch materi\u00e1lov, ZYN Violet Licorice 6mg pon\u00faka modern\u00fd a pr\u00edjemn\u00fd nikot\u00ednov\u00fd alternat\u00edv s jedine\u010dn\u00fdm pr\u00edchu\u0165ov\u00fdm profilom.<\/span><\/p>\n<table>\n<tbody>\n<tr>\n<td><b>Atrib\u00fat<\/b><\/td>\n<td><b>Podrobnosti<\/b><\/td>\n<\/tr>\n<tr>\n<td><span style=\"font-weight: 400;\">Zna\u010dka<\/span><\/td>\n<td><span style=\"font-weight: 400;\">ZYN<\/span><\/td>\n<\/tr>\n<tr>\n<td><span style=\"font-weight: 400;\">Typ v\u00fdrobku<\/span><\/td>\n<td><span style=\"font-weight: 400;\">V\u0161etky biele nikot\u00ednov\u00e9 vreck\u00e1<\/span><\/td>\n<\/tr>\n<tr>\n<td><span style=\"font-weight: 400;\">Form\u00e1t<\/span><\/td>\n<td><span style=\"font-weight: 400;\">Slim<\/span><\/td>\n<\/tr>\n<tr>\n<td><span style=\"font-weight: 400;\">Pr\u00edchu\u0165<\/span><\/td>\n<td><span style=\"font-weight: 400;\">Sladk\u00e9 drievko, fialka a salmiak<\/span><\/td>\n<\/tr>\n<tr>\n<td><span style=\"font-weight: 400;\">Sila nikot\u00ednu<\/span><\/td>\n<td><span style=\"font-weight: 400;\">6 mg na vrecko<\/span><\/td>\n<\/tr>\n<tr>\n<td><span style=\"font-weight: 400;\">Hmotnos\u0165 porcie<\/span><\/td>\n<td><span style=\"font-weight: 400;\">0,7 gramu<\/span><\/td>\n<\/tr>\n<tr>\n<td><span style=\"font-weight: 400;\">Po\u010det porci\u00ed<\/span><\/td>\n<td><span style=\"font-weight: 400;\">21 za plechovku<\/span><\/td>\n<\/tr>\n<tr>\n<td><span style=\"font-weight: 400;\">Celkov\u00e1 hmotnos\u0165 plechovky<\/span><\/td>\n<td><span style=\"font-weight: 400;\">14,7 gramov<\/span><\/td>\n<\/tr>\n<tr>\n<td><span style=\"font-weight: 400;\">V\u00fdrobca<\/span><\/td>\n<td><span style=\"font-weight: 400;\">\u0160v\u00e9dska z\u00e1palka<\/span><\/td>\n<\/tr>\n<tr>\n<td><span style=\"font-weight: 400;\">Pozoruhodn\u00e9 funkcie<\/span><\/td>\n<td><span style=\"font-weight: 400;\">Bez tabaku, tenk\u00fd form\u00e1t, jedine\u010dn\u00e1 sladk\u00e9ho drievka a kvetinov\u00e1 pr\u00edchu\u0165<\/span><\/td>\n<\/tr>\n<\/tbody>\n<\/table>","protected":false},"excerpt":{"rendered":"<p><strong>Nov\u00fd dizajn! Po\u010das prechodu sa m\u00f4\u017eu pred\u00e1va\u0165 oba dizajny.<\/strong><\/p>\n<p>ZYN <strong data-start=\"4\" data-end=\"23\">Fialov\u00e9 sladk\u00e9 drievko<\/strong> <strong data-start=\"24\" data-end=\"32\">\u0161t\u00edhly<\/strong> kombinuje sladk\u00e9 sladk\u00e9 drievko, kvetinov\u00fa fialku a n\u00e1znak slan\u00e9ho salmiaku pre v\u00fdrazn\u00fd, hladk\u00fd profil. Celobiele vrec\u00fa\u0161ka s\u00fa diskr\u00e9tne a pohodln\u00e9. Ka\u017ed\u00e9 vrecko obsahuje <strong data-start=\"208\" data-end=\"227\">6mg nikot\u00ednu<\/strong> pre vyv\u00e1\u017een\u00e9 a stabiln\u00e9 uvo\u013enenie.<\/p>","protected":false},"featured_media":8299,"comment_status":"open","ping_status":"closed","template":"","format":[206],"meta":{"_acf_changed":false},"product_brand":[],"product_cat":[37],"product_tag":[16559],"flavours":[198,202],"nicotine":[231,236],"class_list":{"0":"post-8298","1":"product","2":"type-product","3":"status-publish","4":"has-post-thumbnail","6":"product_cat-zyn","7":"product_tag-6-mg-pouch","8":"pa_quantity-1-pack","9":"pa_quantity-10-pack","10":"pa_quantity-3-pack","11":"pa_quantity-30-pack","12":"pa_quantity-5-pack","13":"pa_quantity-60-pack","14":"flavours-licorice","15":"flavours-violet","16":"format-slim","17":"nicotine-9-mg-g","18":"nicotine-strong","20":"first","21":"instock","22":"taxable","23":"shipping-taxable","24":"purchasable","25":"product-type-variable"},"acf":[],"_links":{"self":[{"href":"https:\/\/whitelip.com\/sk\/wp-json\/wp\/v2\/product\/8298","targetHints":{"allow":["GET"]}}],"collection":[{"href":"https:\/\/whitelip.com\/sk\/wp-json\/wp\/v2\/product"}],"about":[{"href":"https:\/\/whitelip.com\/sk\/wp-json\/wp\/v2\/types\/product"}],"replies":[{"embeddable":true,"href":"https:\/\/whitelip.com\/sk\/wp-json\/wp\/v2\/comments?post=8298"}],"wp:featuredmedia":[{"embeddable":true,"href":"https:\/\/whitelip.com\/sk\/wp-json\/wp\/v2\/media\/8299"}],"wp:attachment":[{"href":"https:\/\/whitelip.com\/sk\/wp-json\/wp\/v2\/media?parent=8298"}],"wp:term":[{"taxonomy":"product_brand","embeddable":true,"href":"https:\/\/whitelip.com\/sk\/wp-json\/wp\/v2\/product_brand?post=8298"},{"taxonomy":"product_cat","embeddable":true,"href":"https:\/\/whitelip.com\/sk\/wp-json\/wp\/v2\/product_cat?post=8298"},{"taxonomy":"product_tag","embeddable":true,"href":"https:\/\/whitelip.com\/sk\/wp-json\/wp\/v2\/product_tag?post=8298"},{"taxonomy":"flavours","embeddable":true,"href":"https:\/\/whitelip.com\/sk\/wp-json\/wp\/v2\/flavours?post=8298"},{"taxonomy":"format","embeddable":true,"href":"https:\/\/whitelip.com\/sk\/wp-json\/wp\/v2\/format?post=8298"},{"taxonomy":"nicotine","embeddable":true,"href":"https:\/\/whitelip.com\/sk\/wp-json\/wp\/v2\/nicotine?post=8298"}],"curies":[{"name":"wp","href":"https:\/\/api.w.org\/{rel}","templated":true}]}}