{"id":8296,"date":"2024-12-20T19:39:05","date_gmt":"2024-12-20T19:39:05","guid":{"rendered":"https:\/\/whitelip.com\/velo-sour-lime-mini\/"},"modified":"2026-05-06T12:28:18","modified_gmt":"2026-05-06T12:28:18","slug":"velo-sour-lime-mini","status":"publish","type":"product","link":"https:\/\/whitelip.com\/sk\/velo\/velo-sour-lime-mini\/","title":{"rendered":"VELO Sour Lime Mini"},"content":{"rendered":"<h2><strong>VELO Sour Lime Mini<\/strong><\/h2>\n<p><span style=\"font-weight: 400; font-size: 16px;\">VELO Sour Lime Mini prin\u00e1\u0161a \u017eiv\u00fa a pikantn\u00fa limetkov\u00fa chu\u0165, dokonale vyv\u00e1\u017een\u00fa s jemn\u00fdmi t\u00f3nmi sladkosti a n\u00e1dychom exotiky. Tieto miniat\u00farne, \u00faplne biele nikot\u00ednov\u00e9 vrec\u00fa\u0161ka s\u00fa navrhnut\u00e9 na diskr\u00e9tne a pohodln\u00e9 pou\u017e\u00edvanie, bez probl\u00e9mov sa zmestia pod pery bez toho, aby boli n\u00e1padn\u00e9. V\u010faka kompaktnej ve\u013ekosti a ni\u017e\u0161ej sile nikot\u00ednu s\u00fa vynikaj\u00facou vo\u013ebou pre jednotlivcov, ktor\u00ed h\u013eadaj\u00fa miernej\u0161\u00ed nikot\u00ednov\u00fd z\u00e1\u017eitok, alebo pre t\u00fdch, ktor\u00ed s nikot\u00ednov\u00fdmi vrec\u00fa\u0161kami za\u010d\u00ednaj\u00fa. Such\u00fd povrch vrec\u00fa\u0161ok zabezpe\u010duje dlhodob\u00e9 uvo\u013e\u0148ovanie chuti a nikot\u00ednu, \u010d\u00edm poskytuje uspokojiv\u00fd z\u00e1\u017eitok, ktor\u00fd trv\u00e1 dlho. VELO Sour Lime Mini neobsahuje tabak a je vyroben\u00fd z vysokokvalitn\u00fdch rastlinn\u00fdch vl\u00e1kien a pon\u00faka osvie\u017euj\u00faci citrusov\u00fd n\u00e1boj pre t\u00fdch, ktor\u00ed ocenia \u017eiv\u00fd a povzbudzuj\u00faci chu\u0165ov\u00fd profil.<\/span><\/p>\n<table>\n<tbody>\n<tr>\n<td><b>Atrib\u00fat<\/b><\/td>\n<td><b>Podrobnosti<\/b><\/td>\n<\/tr>\n<tr>\n<td><span style=\"font-weight: 400;\">Zna\u010dka<\/span><\/td>\n<td><span style=\"font-weight: 400;\">VELO<\/span><\/td>\n<\/tr>\n<tr>\n<td><span style=\"font-weight: 400;\">Typ v\u00fdrobku<\/span><\/td>\n<td><span style=\"font-weight: 400;\">V\u0161etky biele nikot\u00ednov\u00e9 vreck\u00e1<\/span><\/td>\n<\/tr>\n<tr>\n<td><span style=\"font-weight: 400;\">Form\u00e1t<\/span><\/td>\n<td><span style=\"font-weight: 400;\">Mini<\/span><\/td>\n<\/tr>\n<tr>\n<td><span style=\"font-weight: 400;\">Pr\u00edchu\u0165<\/span><\/td>\n<td><span style=\"font-weight: 400;\">Limetka s jemn\u00fdmi sladk\u00fdmi a exotick\u00fdmi t\u00f3nmi<\/span><\/td>\n<\/tr>\n<tr>\n<td><span style=\"font-weight: 400;\">Sila nikot\u00ednu<\/span><\/td>\n<td><span style=\"font-weight: 400;\">8 mg\/g (4 mg na vrecko)<\/span><\/td>\n<\/tr>\n<tr>\n<td><span style=\"font-weight: 400;\">Hmotnos\u0165 porcie<\/span><\/td>\n<td><span style=\"font-weight: 400;\">0,5 gramu<\/span><\/td>\n<\/tr>\n<tr>\n<td><span style=\"font-weight: 400;\">Po\u010det porci\u00ed<\/span><\/td>\n<td><span style=\"font-weight: 400;\">20 za plechovku<\/span><\/td>\n<\/tr>\n<tr>\n<td><span style=\"font-weight: 400;\">Celkov\u00e1 hmotnos\u0165 plechovky<\/span><\/td>\n<td><span style=\"font-weight: 400;\">10 gramov<\/span><\/td>\n<\/tr>\n<tr>\n<td><span style=\"font-weight: 400;\">V\u00fdrobca<\/span><\/td>\n<td><span style=\"font-weight: 400;\">BAT<\/span><\/td>\n<\/tr>\n<tr>\n<td><span style=\"font-weight: 400;\">Pozoruhodn\u00e9 funkcie<\/span><\/td>\n<td><span style=\"font-weight: 400;\">Bez tabaku, diskr\u00e9tne miniporcie, pred\u013a\u017een\u00e9 uvo\u013e\u0148ovanie chuti, vhodn\u00e9 pre nov\u00fdch u\u017e\u00edvate\u013eov<\/span><\/td>\n<\/tr>\n<\/tbody>\n<\/table>","protected":false},"excerpt":{"rendered":"<p>VELO Sour Lime Mini nikot\u00ednov\u00e9 vrec\u00fa\u0161ka prin\u00e1\u0161aj\u00fa \u017eiv\u00fa, pikantn\u00fa chu\u0165 <strong data-start=\"62\" data-end=\"75\">Kysl\u00e1 limetka<\/strong> chu\u0165 s jemnou sladkos\u0165ou a exotick\u00fdmi t\u00f3nmi. Mini, <strong data-start=\"129\" data-end=\"137\">\u0161t\u00edhly<\/strong>, \u00faplne biely form\u00e1t pre diskr\u00e9tne a pohodln\u00e9 pou\u017e\u00edvanie s pred\u013a\u017een\u00fdm a \u010dist\u00fdm uvo\u013e\u0148ovan\u00edm. Ka\u017ed\u00e9 vrecko obsahuje <strong data-start=\"239\" data-end=\"256\">4 mg nikot\u00ednu<\/strong>.<\/p>","protected":false},"featured_media":8297,"comment_status":"open","ping_status":"closed","template":"","format":[205],"meta":{"_acf_changed":false},"product_brand":[],"product_cat":[48],"product_tag":[16585],"flavours":[190],"nicotine":[230,236],"class_list":{"0":"post-8296","1":"product","2":"type-product","3":"status-publish","4":"has-post-thumbnail","6":"product_cat-velo","7":"product_tag-4-mg-pouch","8":"pa_quantity-1-pack","9":"pa_quantity-10-pack","10":"pa_quantity-3-pack","11":"pa_quantity-30-pack","12":"pa_quantity-5-pack","13":"pa_quantity-60-pack","14":"flavours-citrus","15":"format-mini","16":"nicotine-8-mg-g","17":"nicotine-strong","19":"first","20":"instock","21":"taxable","22":"shipping-taxable","23":"purchasable","24":"product-type-variable"},"acf":[],"_links":{"self":[{"href":"https:\/\/whitelip.com\/sk\/wp-json\/wp\/v2\/product\/8296","targetHints":{"allow":["GET"]}}],"collection":[{"href":"https:\/\/whitelip.com\/sk\/wp-json\/wp\/v2\/product"}],"about":[{"href":"https:\/\/whitelip.com\/sk\/wp-json\/wp\/v2\/types\/product"}],"replies":[{"embeddable":true,"href":"https:\/\/whitelip.com\/sk\/wp-json\/wp\/v2\/comments?post=8296"}],"wp:featuredmedia":[{"embeddable":true,"href":"https:\/\/whitelip.com\/sk\/wp-json\/wp\/v2\/media\/8297"}],"wp:attachment":[{"href":"https:\/\/whitelip.com\/sk\/wp-json\/wp\/v2\/media?parent=8296"}],"wp:term":[{"taxonomy":"product_brand","embeddable":true,"href":"https:\/\/whitelip.com\/sk\/wp-json\/wp\/v2\/product_brand?post=8296"},{"taxonomy":"product_cat","embeddable":true,"href":"https:\/\/whitelip.com\/sk\/wp-json\/wp\/v2\/product_cat?post=8296"},{"taxonomy":"product_tag","embeddable":true,"href":"https:\/\/whitelip.com\/sk\/wp-json\/wp\/v2\/product_tag?post=8296"},{"taxonomy":"flavours","embeddable":true,"href":"https:\/\/whitelip.com\/sk\/wp-json\/wp\/v2\/flavours?post=8296"},{"taxonomy":"format","embeddable":true,"href":"https:\/\/whitelip.com\/sk\/wp-json\/wp\/v2\/format?post=8296"},{"taxonomy":"nicotine","embeddable":true,"href":"https:\/\/whitelip.com\/sk\/wp-json\/wp\/v2\/nicotine?post=8296"}],"curies":[{"name":"wp","href":"https:\/\/api.w.org\/{rel}","templated":true}]}}