{"id":8294,"date":"2024-11-28T12:41:35","date_gmt":"2024-11-28T12:41:35","guid":{"rendered":"https:\/\/whitelip.com\/cuba-white-cola\/"},"modified":"2026-04-21T10:11:26","modified_gmt":"2026-04-21T10:11:26","slug":"cuba-white-cola","status":"publish","type":"product","link":"https:\/\/whitelip.com\/sk\/cuba\/cuba-white-cola\/","title":{"rendered":"CUBA White Cola"},"content":{"rendered":"<h2><b>CUBA White Cola<\/b><\/h2>\n<p><span style=\"font-weight: 400;\">Nikot\u00ednov\u00e9 vrec\u00fa\u0161ka CUBA White Cola pon\u00fakaj\u00fa osvie\u017euj\u00facu pr\u00edchu\u0165 coly v kombin\u00e1cii so silou nikot\u00ednu 16 mg na vrec\u00fa\u0161ko, \u010do poskytuje vyv\u00e1\u017een\u00fd a uspokojuj\u00faci z\u00e1\u017eitok. Ka\u017ed\u00e1 plechovka obsahuje 20 vrec\u00fa\u0161ok tenk\u00e9ho form\u00e1tu, ktor\u00e9 s\u00fa navrhnut\u00e9 tak, aby sa pohodlne a diskr\u00e9tne zmestili pod pery. Vrec\u00fa\u0161ka neobsahuj\u00fa tabak a vyu\u017e\u00edvaj\u00fa stredn\u00fd obsah vlhkosti na u\u013eah\u010denie r\u00fdchleho vstreb\u00e1vania nikot\u00ednu aj chuti, \u010do v\u00e1m umo\u017en\u00ed vychutn\u00e1va\u0165 si v\u00fdrazn\u00fa kolov\u00fa esenciu a\u017e 40 min\u00fat.<\/span><\/p>\n<table>\n<tbody>\n<tr>\n<td><b>Atrib\u00fat<\/b><\/td>\n<td><b>Podrobnosti<\/b><\/td>\n<\/tr>\n<tr>\n<td><b>Obsah na plechovku<\/b><\/td>\n<td><span style=\"font-weight: 400;\">13 g (20 vrec\u00fa\u0161ok)<\/span><\/td>\n<\/tr>\n<tr>\n<td><b>Obsah nikot\u00ednu<\/b><\/td>\n<td><span style=\"font-weight: 400;\">16 mg\/g (16 mg na vrecko)<\/span><\/td>\n<\/tr>\n<tr>\n<td><b>Form\u00e1t vrecka<\/b><\/td>\n<td><span style=\"font-weight: 400;\">Slim<\/span><\/td>\n<\/tr>\n<tr>\n<td><b>V\u00fdrobca<\/b><\/td>\n<td><span style=\"font-weight: 400;\">KUBA<\/span><\/td>\n<\/tr>\n<tr>\n<td><b>Pr\u00edchu\u0165<\/b><\/td>\n<td><span style=\"font-weight: 400;\">Cola<\/span><\/td>\n<\/tr>\n<tr>\n<td><b>Typ<\/b><\/td>\n<td><span style=\"font-weight: 400;\">Celobiele vrecko<\/span><\/td>\n<\/tr>\n<\/tbody>\n<\/table>","protected":false},"excerpt":{"rendered":"<p>Osvie\u017euj\u00face <strong data-start=\"11\" data-end=\"19\">cola<\/strong> s \u010distou, v\u00fdraznou chu\u0165ou. Na str\u00e1nke . <strong data-start=\"50\" data-end=\"58\">\u0161t\u00edhly<\/strong> Vrec\u00fa\u0161ka sa diskr\u00e9tne a pohodlne umiestnia pod pery a pou\u017e\u00edvaj\u00fa stredn\u00fa \u00farove\u0148 vlhkosti na r\u00fdchle uvo\u013enenie chuti a nikot\u00ednu. Ka\u017ed\u00e9 vrec\u00fa\u0161ko obsahuje <strong data-start=\"203\" data-end=\"231\">16 mg nikot\u00ednu na vrec\u00fa\u0161ko<\/strong>, bez tabaku a trvaj\u00face a\u017e 40 min\u00fat. Ka\u017ed\u00e1 plechovka obsahuje 20 vrec\u00fa\u0161ok.<\/p>","protected":false},"featured_media":8295,"comment_status":"open","ping_status":"closed","template":"","format":[206],"meta":{"_acf_changed":false},"product_brand":[],"product_cat":[46],"product_tag":[16569],"flavours":[193],"nicotine":[213,232],"class_list":{"0":"post-8294","1":"product","2":"type-product","3":"status-publish","4":"has-post-thumbnail","6":"product_cat-cuba","7":"product_tag-16-mg-pouch","8":"pa_quantity-1-pack","9":"pa_quantity-10-pack","10":"pa_quantity-3-pack","11":"pa_quantity-30-pack","12":"pa_quantity-5-pack","13":"pa_quantity-60-pack","14":"flavours-cola","15":"format-slim","16":"nicotine-16-mg-g","17":"nicotine-extra-strong","19":"first","20":"outofstock","21":"taxable","22":"shipping-taxable","23":"purchasable","24":"product-type-variable"},"acf":[],"_links":{"self":[{"href":"https:\/\/whitelip.com\/sk\/wp-json\/wp\/v2\/product\/8294","targetHints":{"allow":["GET"]}}],"collection":[{"href":"https:\/\/whitelip.com\/sk\/wp-json\/wp\/v2\/product"}],"about":[{"href":"https:\/\/whitelip.com\/sk\/wp-json\/wp\/v2\/types\/product"}],"replies":[{"embeddable":true,"href":"https:\/\/whitelip.com\/sk\/wp-json\/wp\/v2\/comments?post=8294"}],"wp:featuredmedia":[{"embeddable":true,"href":"https:\/\/whitelip.com\/sk\/wp-json\/wp\/v2\/media\/8295"}],"wp:attachment":[{"href":"https:\/\/whitelip.com\/sk\/wp-json\/wp\/v2\/media?parent=8294"}],"wp:term":[{"taxonomy":"product_brand","embeddable":true,"href":"https:\/\/whitelip.com\/sk\/wp-json\/wp\/v2\/product_brand?post=8294"},{"taxonomy":"product_cat","embeddable":true,"href":"https:\/\/whitelip.com\/sk\/wp-json\/wp\/v2\/product_cat?post=8294"},{"taxonomy":"product_tag","embeddable":true,"href":"https:\/\/whitelip.com\/sk\/wp-json\/wp\/v2\/product_tag?post=8294"},{"taxonomy":"flavours","embeddable":true,"href":"https:\/\/whitelip.com\/sk\/wp-json\/wp\/v2\/flavours?post=8294"},{"taxonomy":"format","embeddable":true,"href":"https:\/\/whitelip.com\/sk\/wp-json\/wp\/v2\/format?post=8294"},{"taxonomy":"nicotine","embeddable":true,"href":"https:\/\/whitelip.com\/sk\/wp-json\/wp\/v2\/nicotine?post=8294"}],"curies":[{"name":"wp","href":"https:\/\/api.w.org\/{rel}","templated":true}]}}