{"id":8282,"date":"2024-11-28T12:41:10","date_gmt":"2024-11-28T12:41:10","guid":{"rendered":"https:\/\/whitelip.com\/siberia-80-all-white-long\/"},"modified":"2026-04-29T10:11:08","modified_gmt":"2026-04-29T10:11:08","slug":"siberia-80-all-white-long","status":"publish","type":"product","link":"https:\/\/whitelip.com\/sk\/siberia\/siberia-80-all-white-long\/","title":{"rendered":"Siberia -80 V\u0161etky biele dlh\u00e9"},"content":{"rendered":"<h2><b>Siberia -80 V\u0161etky biele dlh\u00e9<\/b><\/h2>\n<p><span style=\"font-weight: 400;\">Nikot\u00ednov\u00e9 vrec\u00fa\u0161ka Siberia -80 All White Long poskytuj\u00fa mimoriadne siln\u00fd nikot\u00ednov\u00fd z\u00e1\u017eitok v kombin\u00e1cii s osvie\u017euj\u00facou pr\u00edchu\u0165ou \u013eadovej m\u00e4ty. Tieto dlh\u00e9 vrec\u00fa\u0161ka bez tabaku, ur\u010den\u00e9 pre t\u00fdch, ktor\u00ed h\u013eadaj\u00fa odv\u00e1\u017eny a siln\u00fd nikot\u00ednov\u00fd \u0161ok, pon\u00fakaj\u00fa diskr\u00e9tne a pohodln\u00e9 ulo\u017eenie pod perou. Siberia -80 All White Long zaru\u010duje \u010dist\u00e9 a povzbudzuj\u00face uvo\u013e\u0148ovanie chuti a nikot\u00ednu, v\u010faka \u010domu je vynikaj\u00facou vo\u013ebou pre sk\u00fasen\u00fdch u\u017e\u00edvate\u013eov.<\/span><\/p>\n<table>\n<tbody>\n<tr>\n<td><b>Atrib\u00fat<\/b><\/td>\n<td><b>Podrobnosti<\/b><\/td>\n<\/tr>\n<tr>\n<td><span style=\"font-weight: 400;\">Obsah na plechovku<\/span><\/td>\n<td><span style=\"font-weight: 400;\">15 g (20 vrec\u00fa\u0161ok)<\/span><\/td>\n<\/tr>\n<tr>\n<td><span style=\"font-weight: 400;\">Obsah nikot\u00ednu<\/span><\/td>\n<td><span style=\"font-weight: 400;\">33 mg\/g (25 mg na vrecko)<\/span><\/td>\n<\/tr>\n<tr>\n<td><span style=\"font-weight: 400;\">Form\u00e1t vrecka<\/span><\/td>\n<td><span style=\"font-weight: 400;\">Dlh\u00e9<\/span><\/td>\n<\/tr>\n<tr>\n<td><span style=\"font-weight: 400;\">V\u00fdrobca<\/span><\/td>\n<td><span style=\"font-weight: 400;\">SIBERIA<\/span><\/td>\n<\/tr>\n<tr>\n<td><span style=\"font-weight: 400;\">Pr\u00edchu\u0165<\/span><\/td>\n<td><span style=\"font-weight: 400;\">\u013dadov\u00e1 m\u00e4ta<\/span><\/td>\n<\/tr>\n<tr>\n<td><span style=\"font-weight: 400;\">Typ<\/span><\/td>\n<td><span style=\"font-weight: 400;\">Celobiele vrecko, bez tabaku<\/span><\/td>\n<\/tr>\n<\/tbody>\n<\/table>","protected":false},"excerpt":{"rendered":"<p>Siberia -80 All White Long nikot\u00ednov\u00e9 vrec\u00fa\u0161ka poskytuj\u00fa mimoriadne siln\u00fa <strong data-start=\"68\" data-end=\"80\">\u013dadov\u00e1 m\u00e4ta<\/strong> s v\u00fdraznou, osvie\u017euj\u00facou chu\u0165ou. Dlh\u00e9 vrec\u00fa\u0161ka bez tabaku sa diskr\u00e9tne zmestia pod pery, \u010d\u00edm sa dosiahne \u010dist\u00e9 a osvie\u017euj\u00face uvo\u013enenie. Ka\u017ed\u00e9 vrec\u00fa\u0161ko obsahuje <strong data-start=\"230\" data-end=\"248\">25 mg nikot\u00ednu<\/strong>.<\/p>","protected":false},"featured_media":8283,"comment_status":"open","ping_status":"closed","template":"","format":[206],"meta":{"_acf_changed":false},"product_brand":[],"product_cat":[61],"product_tag":[16589],"flavours":[199],"nicotine":[222,233],"class_list":{"0":"post-8282","1":"product","2":"type-product","3":"status-publish","4":"has-post-thumbnail","6":"product_cat-siberia","7":"product_tag-25-mg-pouch","8":"pa_quantity-1-pack","9":"pa_quantity-10-pack","10":"pa_quantity-3-pack","11":"pa_quantity-30-pack","12":"pa_quantity-5-pack","13":"pa_quantity-60-pack","14":"flavours-mint","15":"format-slim","16":"nicotine-33-mg-g","17":"nicotine-extreme","19":"first","20":"instock","21":"taxable","22":"shipping-taxable","23":"purchasable","24":"product-type-variable"},"acf":[],"_links":{"self":[{"href":"https:\/\/whitelip.com\/sk\/wp-json\/wp\/v2\/product\/8282","targetHints":{"allow":["GET"]}}],"collection":[{"href":"https:\/\/whitelip.com\/sk\/wp-json\/wp\/v2\/product"}],"about":[{"href":"https:\/\/whitelip.com\/sk\/wp-json\/wp\/v2\/types\/product"}],"replies":[{"embeddable":true,"href":"https:\/\/whitelip.com\/sk\/wp-json\/wp\/v2\/comments?post=8282"}],"wp:featuredmedia":[{"embeddable":true,"href":"https:\/\/whitelip.com\/sk\/wp-json\/wp\/v2\/media\/8283"}],"wp:attachment":[{"href":"https:\/\/whitelip.com\/sk\/wp-json\/wp\/v2\/media?parent=8282"}],"wp:term":[{"taxonomy":"product_brand","embeddable":true,"href":"https:\/\/whitelip.com\/sk\/wp-json\/wp\/v2\/product_brand?post=8282"},{"taxonomy":"product_cat","embeddable":true,"href":"https:\/\/whitelip.com\/sk\/wp-json\/wp\/v2\/product_cat?post=8282"},{"taxonomy":"product_tag","embeddable":true,"href":"https:\/\/whitelip.com\/sk\/wp-json\/wp\/v2\/product_tag?post=8282"},{"taxonomy":"flavours","embeddable":true,"href":"https:\/\/whitelip.com\/sk\/wp-json\/wp\/v2\/flavours?post=8282"},{"taxonomy":"format","embeddable":true,"href":"https:\/\/whitelip.com\/sk\/wp-json\/wp\/v2\/format?post=8282"},{"taxonomy":"nicotine","embeddable":true,"href":"https:\/\/whitelip.com\/sk\/wp-json\/wp\/v2\/nicotine?post=8282"}],"curies":[{"name":"wp","href":"https:\/\/api.w.org\/{rel}","templated":true}]}}