{"id":8280,"date":"2024-11-28T12:41:10","date_gmt":"2024-11-28T12:41:10","guid":{"rendered":"https:\/\/whitelip.com\/siberia-80-all-white-maxi\/"},"modified":"2026-04-29T16:53:41","modified_gmt":"2026-04-29T16:53:41","slug":"siberia-80-all-white-maxi","status":"publish","type":"product","link":"https:\/\/whitelip.com\/sk\/siberia\/siberia-80-all-white-maxi\/","title":{"rendered":"Siberia -80 All White Maxi"},"content":{"rendered":"<h2><b>Siberia -80 All White Maxi<\/b><\/h2>\n<p><span style=\"font-weight: 400;\">Nikot\u00ednov\u00e9 vrec\u00fa\u0161ka Siberia -80 All White Maxi pon\u00fakaj\u00fa intenz\u00edvny nikot\u00ednov\u00fd z\u00e1\u017eitok spojen\u00fd s chrumkavou a \u013eadovou m\u00e4tovou pr\u00edchu\u0165ou, \u0161peci\u00e1lne navrhnut\u00e9 pre t\u00fdch, ktor\u00ed h\u013eadaj\u00fa maxim\u00e1lnu silu a v\u00e4\u010d\u0161ie vrec\u00fa\u0161ka. Tieto vrec\u00fa\u0161ka bez tabaku poskytuj\u00fa v\u00fdrazn\u00e9 a povzbudzuj\u00face uvo\u013e\u0148ovanie nikot\u00ednu a z\u00e1rove\u0148 zais\u0165uj\u00fa pohodln\u00e9 ulo\u017eenie pod perou. Siberia -80 All White Maxi je prisp\u00f4soben\u00e1 sk\u00fasen\u00fdm pou\u017e\u00edvate\u013eom, ktor\u00ed uprednost\u0148uj\u00fa siln\u00fd nikot\u00ednov\u00fd n\u00e1boj v kombin\u00e1cii s osvie\u017euj\u00facou m\u00e4tou.<\/span><\/p>\n<table>\n<tbody>\n<tr>\n<td><b>Atrib\u00fat<\/b><\/td>\n<td><b>Podrobnosti<\/b><\/td>\n<\/tr>\n<tr>\n<td><span style=\"font-weight: 400;\">Obsah na plechovku<\/span><\/td>\n<td><span style=\"font-weight: 400;\">20g (15 vrec\u00fa\u0161ok)<\/span><\/td>\n<\/tr>\n<tr>\n<td><span style=\"font-weight: 400;\">Obsah nikot\u00ednu<\/span><\/td>\n<td><span style=\"font-weight: 400;\">33 mg\/g (44 mg na s\u00e1\u010dok)<\/span><\/td>\n<\/tr>\n<tr>\n<td><span style=\"font-weight: 400;\">Form\u00e1t vrecka<\/span><\/td>\n<td><span style=\"font-weight: 400;\">Maxi<\/span><\/td>\n<\/tr>\n<tr>\n<td><span style=\"font-weight: 400;\">V\u00fdrobca<\/span><\/td>\n<td><span style=\"font-weight: 400;\">SIBERIA<\/span><\/td>\n<\/tr>\n<tr>\n<td><span style=\"font-weight: 400;\">Pr\u00edchu\u0165<\/span><\/td>\n<td><span style=\"font-weight: 400;\">\u013dadov\u00e1 m\u00e4ta<\/span><\/td>\n<\/tr>\n<tr>\n<td><span style=\"font-weight: 400;\">Typ<\/span><\/td>\n<td><span style=\"font-weight: 400;\">Celobiele vrecko, bez tabaku<\/span><\/td>\n<\/tr>\n<\/tbody>\n<\/table>","protected":false},"excerpt":{"rendered":"<p>Siberia -80 All White Maxi nikot\u00ednov\u00e9 vrec\u00fa\u0161ka poskytuj\u00fa intenz\u00edvny <strong data-start=\"63\" data-end=\"75\">\u013dadov\u00e1 m\u00e4ta<\/strong> chu\u0165 s maxim\u00e1lnou silou a v\u00e4\u010d\u0161ou ve\u013ekos\u0165ou vrecka. <strong data-start=\"128\" data-end=\"136\">Slim<\/strong>, beztabakov\u00fd form\u00e1t pre pohodln\u00e9 a osvie\u017euj\u00face nosenie pod perami. Ka\u017ed\u00e9 vrecko obsahuje <strong data-start=\"229\" data-end=\"247\">44 mg nikot\u00ednu<\/strong>.<\/p>","protected":false},"featured_media":8281,"comment_status":"open","ping_status":"closed","template":"","format":[204],"meta":{"_acf_changed":false},"product_brand":[],"product_cat":[61],"product_tag":[17000],"flavours":[199],"nicotine":[222,233],"class_list":{"0":"post-8280","1":"product","2":"type-product","3":"status-publish","4":"has-post-thumbnail","6":"product_cat-siberia","7":"product_tag-44-mg-pouch","8":"pa_quantity-1-pack","9":"pa_quantity-10-pack","10":"pa_quantity-3-pack","11":"pa_quantity-30-pack","12":"pa_quantity-5-pack","13":"pa_quantity-60-pack","14":"flavours-mint","15":"format-large","16":"nicotine-33-mg-g","17":"nicotine-extreme","19":"first","20":"instock","21":"taxable","22":"shipping-taxable","23":"purchasable","24":"product-type-variable"},"acf":[],"_links":{"self":[{"href":"https:\/\/whitelip.com\/sk\/wp-json\/wp\/v2\/product\/8280","targetHints":{"allow":["GET"]}}],"collection":[{"href":"https:\/\/whitelip.com\/sk\/wp-json\/wp\/v2\/product"}],"about":[{"href":"https:\/\/whitelip.com\/sk\/wp-json\/wp\/v2\/types\/product"}],"replies":[{"embeddable":true,"href":"https:\/\/whitelip.com\/sk\/wp-json\/wp\/v2\/comments?post=8280"}],"wp:featuredmedia":[{"embeddable":true,"href":"https:\/\/whitelip.com\/sk\/wp-json\/wp\/v2\/media\/8281"}],"wp:attachment":[{"href":"https:\/\/whitelip.com\/sk\/wp-json\/wp\/v2\/media?parent=8280"}],"wp:term":[{"taxonomy":"product_brand","embeddable":true,"href":"https:\/\/whitelip.com\/sk\/wp-json\/wp\/v2\/product_brand?post=8280"},{"taxonomy":"product_cat","embeddable":true,"href":"https:\/\/whitelip.com\/sk\/wp-json\/wp\/v2\/product_cat?post=8280"},{"taxonomy":"product_tag","embeddable":true,"href":"https:\/\/whitelip.com\/sk\/wp-json\/wp\/v2\/product_tag?post=8280"},{"taxonomy":"flavours","embeddable":true,"href":"https:\/\/whitelip.com\/sk\/wp-json\/wp\/v2\/flavours?post=8280"},{"taxonomy":"format","embeddable":true,"href":"https:\/\/whitelip.com\/sk\/wp-json\/wp\/v2\/format?post=8280"},{"taxonomy":"nicotine","embeddable":true,"href":"https:\/\/whitelip.com\/sk\/wp-json\/wp\/v2\/nicotine?post=8280"}],"curies":[{"name":"wp","href":"https:\/\/api.w.org\/{rel}","templated":true}]}}